{"id":389531,"date":"2025-09-02T10:47:19","date_gmt":"2025-09-02T10:47:19","guid":{"rendered":"https:\/\/glotomania.com\/p\/molde-de-aluminio-anodizado-redondo-wilton-o-25-cm-h-75-cm-2\/"},"modified":"2026-03-10T20:19:12","modified_gmt":"2026-03-10T20:19:12","slug":"molde-de-aluminio-anodizado-redondo-wilton-o-25-cm-h-75-cm-2","status":"publish","type":"product","link":"https:\/\/glotomania.com\/pt-pt\/p\/molde-de-aluminio-anodizado-redondo-wilton-o-25-cm-h-75-cm-2\/","title":{"rendered":"Forma Redonda De Alum\u00cdnio Anodizado Wilton &#8211; \u00d8 25 Cm \/ H 7,5 Cm"},"content":{"rendered":"<p>&nbsp;<\/p>\n<p><span style=\"font-size: 14px\">Fabricadas em&nbsp;<strong>alum&iacute;nio anodizado<\/strong>&nbsp;de qualidade alimentar para uma&nbsp;<strong>cozedura uniforme<\/strong>. Altamente dur&aacute;vel, uma vez que &eacute;&nbsp;<u>resistente &agrave; oxida&ccedil;&atilde;o<\/u>, e pode ser guardado durante muitos anos na nossa cozinha.<\/span><\/p>\n<p><span style=\"font-size: 14px\">Recomenda-se a lavagem &agrave; m&atilde;o antes e depois de cada utiliza&ccedil;&atilde;o. N&atilde;o colocar na m&aacute;quina de lavar lou&ccedil;a nem utilizar utens&iacute;lios met&aacute;licos.<\/span><\/p>\n<p><span style=\"font-size: 14px\"><strong>Dimens&otilde;es aproximadas:&nbsp;<\/strong>&Oslash; 25,4 cm &#8211; Altura 7,62 cm.<\/span><\/p>\n","protected":false},"excerpt":{"rendered":"<p>Forma de alum\u00ednio anodizado Wilton, ideal para uma cozedura perfeita gra\u00e7as a uma \u00f3ptima distribui\u00e7\u00e3o do calor.<\/p>\n","protected":false},"featured_media":345525,"comment_status":"open","ping_status":"closed","template":"","meta":{"_acf_changed":false,"_joinchat":[]},"pwb-brand":[],"product_brand":[],"product_cat":[3217,3214,3087,1802,1801,1804,1767],"product_tag":[],"class_list":{"0":"post-389531","1":"product","2":"type-product","3":"status-publish","4":"has-post-thumbnail","6":"product_cat-moldes-de-formas-especiais","7":"product_cat-moldes-de-pastelaria","8":"product_cat-ordem-e-armazenamento","9":"product_cat-moldes-metal","10":"product_cat-moldes","11":"product_cat-moldes-redondos","12":"product_cat-utensilios","14":"first","15":"instock","16":"taxable","17":"shipping-taxable","18":"purchasable","19":"product-type-simple"},"acf":[],"df_price":12.75,"df_sale_price":"","df_regular_price":12.75,"df_image_link":"https:\/\/glotomania.com\/wp-content\/uploads\/2025\/11\/img_22420_2726e689b78aa9ce4dd1138bc25a2899_1-45-300x300.jpg","brands":[],"_links":{"self":[{"href":"https:\/\/glotomania.com\/pt-pt\/wp-json\/wp\/v2\/product\/389531","targetHints":{"allow":["GET"]}}],"collection":[{"href":"https:\/\/glotomania.com\/pt-pt\/wp-json\/wp\/v2\/product"}],"about":[{"href":"https:\/\/glotomania.com\/pt-pt\/wp-json\/wp\/v2\/types\/product"}],"replies":[{"embeddable":true,"href":"https:\/\/glotomania.com\/pt-pt\/wp-json\/wp\/v2\/comments?post=389531"}],"wp:featuredmedia":[{"embeddable":true,"href":"https:\/\/glotomania.com\/pt-pt\/wp-json\/wp\/v2\/media\/345525"}],"wp:attachment":[{"href":"https:\/\/glotomania.com\/pt-pt\/wp-json\/wp\/v2\/media?parent=389531"}],"wp:term":[{"taxonomy":"pwb-brand","embeddable":true,"href":"https:\/\/glotomania.com\/pt-pt\/wp-json\/wp\/v2\/pwb-brand?post=389531"},{"taxonomy":"product_brand","embeddable":true,"href":"https:\/\/glotomania.com\/pt-pt\/wp-json\/wp\/v2\/product_brand?post=389531"},{"taxonomy":"product_cat","embeddable":true,"href":"https:\/\/glotomania.com\/pt-pt\/wp-json\/wp\/v2\/product_cat?post=389531"},{"taxonomy":"product_tag","embeddable":true,"href":"https:\/\/glotomania.com\/pt-pt\/wp-json\/wp\/v2\/product_tag?post=389531"}],"curies":[{"name":"wp","href":"https:\/\/api.w.org\/{rel}","templated":true}]}}