{"id":389548,"date":"2025-09-02T10:47:30","date_gmt":"2025-09-02T10:47:30","guid":{"rendered":"https:\/\/glotomania.com\/p\/spray-metalico-funcakes-rojo-brillante-100-ml-3\/"},"modified":"2026-04-15T13:00:05","modified_gmt":"2026-04-15T13:00:05","slug":"spray-metalico-funcakes-rojo-brillante-100-ml-3","status":"publish","type":"product","link":"https:\/\/glotomania.com\/pt-pt\/p\/spray-metalico-funcakes-rojo-brillante-100-ml-3\/","title":{"rendered":"Spray Met\u00c1lico Funcakes &#8211; Vermelho Brilhante (100 Ml)"},"content":{"rendered":"<p>&nbsp;<\/p>\n<p><span style=\"font-size:14px\"><span style=\"color:#000000\">Adequado para decorar chocolate, cremes, fondant, pasta de goma, pasta de modelar e ma&ccedil;ap&atilde;o. O brilho seca completamente na superf&iacute;cie, sem mais marcas de impress&otilde;es digitais quando se toca na obra!<\/span><\/span><\/p>\n<p><span style=\"font-size:14px\"><span style=\"color:#000000\"><strong>M&eacute;todo de utiliza&ccedil;&atilde;o:<\/strong><\/span><\/span><\/p>\n<ul>\n<li><span style=\"font-size:14px\"><span style=\"color:#000000\">Agitar bem antes de usar. Pulverizar uma camada uniforme na superf&iacute;cie a partir de uma dist&acirc;ncia de 20 cm.<\/span><\/span><\/li>\n<li><span style=\"font-size:14px\"><span style=\"color:#000000\">O tempo recomendado de configura&ccedil;&atilde;o antes da utiliza&ccedil;&atilde;o &eacute; de 4 horas.<\/span><\/span><\/li>\n<li><span style=\"font-size:14px\"><span style=\"color:#000000\">Ap&oacute;s utiliza&ccedil;&atilde;o, virar a lata de spray de cabe&ccedil;a para baixo e pulverizar durante alguns segundos para limpar.<\/span><\/span><\/li>\n<\/ul>\n<p><span style=\"font-size:14px\"><span style=\"color:#000000\"><em>A cor do produto pode apresentar ligeiras varia&ccedil;&otilde;es devido &agrave;s caracter&iacute;sticas das mat&eacute;rias primas.<\/em><\/span><\/span><\/p>\n","protected":false},"excerpt":{"rendered":"<p>D\u00ea um acabamento brilhante \u00e0s suas cria\u00e7\u00f5es com este fant\u00e1stico spray met\u00e1lico da Funcakes.<\/p>\n","protected":false},"featured_media":38602,"comment_status":"open","ping_status":"closed","template":"","meta":{"_acf_changed":false},"pwb-brand":[],"product_brand":[],"product_cat":[1852,1835,1898,2953,2962,1832,2907,1845,2920,2996,1849,1866,2924,3001],"product_tag":[],"class_list":{"0":"post-389548","1":"product","2":"type-product","3":"status-publish","4":"has-post-thumbnail","6":"product_cat-san-valentin","7":"product_cat-colorantes","8":"product_cat-colorantes-spray","9":"product_cat-corantes-e-pinturas","10":"product_cat-corantes-em-spray","11":"product_cat-diestas-especiales","12":"product_cat-festas","13":"product_cat-dieta-sin-e-171","14":"product_cat-natal-2","15":"product_cat-produtos-vegetarianos","16":"product_cat-fiestas","17":"product_cat-navidad","18":"product_cat-sao-valentim-2","19":"product_cat-sem-e-171-2","21":"first","22":"instock","23":"taxable","24":"shipping-taxable","25":"purchasable","26":"product-type-simple"},"acf":[],"df_price":9.25,"df_sale_price":"","df_regular_price":9.25,"df_image_link":"https:\/\/glotomania.com\/wp-content\/uploads\/2023\/09\/img_22488_4885baa7ea43b9cd8e7e401d929bd81d_1-300x300.png","brands":[],"_links":{"self":[{"href":"https:\/\/glotomania.com\/pt-pt\/wp-json\/wp\/v2\/product\/389548","targetHints":{"allow":["GET"]}}],"collection":[{"href":"https:\/\/glotomania.com\/pt-pt\/wp-json\/wp\/v2\/product"}],"about":[{"href":"https:\/\/glotomania.com\/pt-pt\/wp-json\/wp\/v2\/types\/product"}],"replies":[{"embeddable":true,"href":"https:\/\/glotomania.com\/pt-pt\/wp-json\/wp\/v2\/comments?post=389548"}],"wp:featuredmedia":[{"embeddable":true,"href":"https:\/\/glotomania.com\/pt-pt\/wp-json\/wp\/v2\/media\/38602"}],"wp:attachment":[{"href":"https:\/\/glotomania.com\/pt-pt\/wp-json\/wp\/v2\/media?parent=389548"}],"wp:term":[{"taxonomy":"pwb-brand","embeddable":true,"href":"https:\/\/glotomania.com\/pt-pt\/wp-json\/wp\/v2\/pwb-brand?post=389548"},{"taxonomy":"product_brand","embeddable":true,"href":"https:\/\/glotomania.com\/pt-pt\/wp-json\/wp\/v2\/product_brand?post=389548"},{"taxonomy":"product_cat","embeddable":true,"href":"https:\/\/glotomania.com\/pt-pt\/wp-json\/wp\/v2\/product_cat?post=389548"},{"taxonomy":"product_tag","embeddable":true,"href":"https:\/\/glotomania.com\/pt-pt\/wp-json\/wp\/v2\/product_tag?post=389548"}],"curies":[{"name":"wp","href":"https:\/\/api.w.org\/{rel}","templated":true}]}}