{"id":389550,"date":"2025-09-02T10:47:31","date_gmt":"2025-09-02T10:47:31","guid":{"rendered":"https:\/\/glotomania.com\/p\/spray-velvet-efecto-terciopelo-funcakes-verde-100-ml-2\/"},"modified":"2026-04-01T09:50:27","modified_gmt":"2026-04-01T09:50:27","slug":"spray-velvet-efecto-terciopelo-funcakes-verde-100-ml-2","status":"publish","type":"product","link":"https:\/\/glotomania.com\/pt-pt\/p\/spray-velvet-efecto-terciopelo-funcakes-verde-100-ml-2\/","title":{"rendered":"Spray &#8220;velvet&#8221; Efeito Veludo Funcakes &#8211; Verde (100 Ml)"},"content":{"rendered":"<p>&nbsp;<\/p>\n<p><span style=\"color:#000000\"><strong><span style=\"font-size: 14px\">Modo de utiliza&ccedil;&atilde;o:<\/span><\/strong><\/span><\/p>\n<ul>\n<li><span style=\"color:#000000\"><span style=\"font-size: 14px\">Conservar &agrave; temperatura ambiente 20 &#8211; 25 &deg;C cerca de 2 h antes da utiliza&ccedil;&atilde;o.<\/span><\/span><\/li>\n<li><span style=\"color:#000000\"><span style=\"font-size: 14px\">Agitar bem e aquecer a lata em &aacute;gua quente entre 25 &#8211; 35 &deg;C.<\/span><\/span><\/li>\n<li><span style=\"color:#000000\"><span style=\"font-size: 14px\">Pulverizar uma camada uniforme sobre uma superf&iacute;cie congelada a uma dist&acirc;ncia de 20 &#8211; 25 cm.<\/span><\/span><\/li>\n<li><span style=\"color:#000000\"><span style=\"font-size: 14px\">O tempo de endurecimento recomendado antes da utiliza&ccedil;&atilde;o &eacute; de 4 horas.<\/span><\/span><\/li>\n<li><span style=\"color:#000000\"><span style=\"font-size: 14px\">Ap&oacute;s a utiliza&ccedil;&atilde;o, virar a lata de cabe&ccedil;a para baixo e pulverizar durante alguns segundos para a limpar.<\/span><\/span><\/li>\n<li><span style=\"color:#000000\"><span style=\"font-size: 14px\">Limpar o bico com &aacute;gua morna se n&atilde;o pulverizar uniformemente.<\/span><\/span><\/li>\n<\/ul>\n<p><span style=\"color:#000000\"><span style=\"font-size: 14px\"><strong>Dosagem m&aacute;xima recomendada:&nbsp;<\/strong>4 g \/ kg.<\/span><\/span><\/p>\n","protected":false},"excerpt":{"rendered":"<p>D\u00ea um belo efeito de veludo \u00e0s suas cria\u00e7\u00f5es com este fant\u00e1stico spray de veludo da Funcakes.<\/p>\n","protected":false},"featured_media":345559,"comment_status":"open","ping_status":"closed","template":"","meta":{"_acf_changed":false},"pwb-brand":[],"product_brand":[],"product_cat":[2953,2962,2907,2997,2999,2921,2996,3001,1835,1898,1832,1901,1902,1845,1849,1858],"product_tag":[],"class_list":{"0":"post-389550","1":"product","2":"type-product","3":"status-publish","4":"has-post-thumbnail","6":"product_cat-corantes-e-pinturas","7":"product_cat-corantes-em-spray","8":"product_cat-festas","9":"product_cat-halal","10":"product_cat-kosher-2","11":"product_cat-pascoa","12":"product_cat-produtos-vegetarianos","13":"product_cat-sem-e-171-2","14":"product_cat-colorantes","15":"product_cat-colorantes-spray","16":"product_cat-diestas-especiales","17":"product_cat-dieta-halal","18":"product_cat-dieta-kosher","19":"product_cat-dieta-sin-e-171","20":"product_cat-fiestas","21":"product_cat-pascua","23":"first","24":"instock","25":"taxable","26":"shipping-taxable","27":"purchasable","28":"product-type-simple"},"acf":[],"df_price":7.95,"df_sale_price":"","df_regular_price":7.95,"df_image_link":"https:\/\/glotomania.com\/wp-content\/uploads\/2025\/11\/img_22492_06edd737fc90e276f7ddc96391f3610a_1-37-300x300.jpg","brands":[],"_links":{"self":[{"href":"https:\/\/glotomania.com\/pt-pt\/wp-json\/wp\/v2\/product\/389550","targetHints":{"allow":["GET"]}}],"collection":[{"href":"https:\/\/glotomania.com\/pt-pt\/wp-json\/wp\/v2\/product"}],"about":[{"href":"https:\/\/glotomania.com\/pt-pt\/wp-json\/wp\/v2\/types\/product"}],"replies":[{"embeddable":true,"href":"https:\/\/glotomania.com\/pt-pt\/wp-json\/wp\/v2\/comments?post=389550"}],"wp:featuredmedia":[{"embeddable":true,"href":"https:\/\/glotomania.com\/pt-pt\/wp-json\/wp\/v2\/media\/345559"}],"wp:attachment":[{"href":"https:\/\/glotomania.com\/pt-pt\/wp-json\/wp\/v2\/media?parent=389550"}],"wp:term":[{"taxonomy":"pwb-brand","embeddable":true,"href":"https:\/\/glotomania.com\/pt-pt\/wp-json\/wp\/v2\/pwb-brand?post=389550"},{"taxonomy":"product_brand","embeddable":true,"href":"https:\/\/glotomania.com\/pt-pt\/wp-json\/wp\/v2\/product_brand?post=389550"},{"taxonomy":"product_cat","embeddable":true,"href":"https:\/\/glotomania.com\/pt-pt\/wp-json\/wp\/v2\/product_cat?post=389550"},{"taxonomy":"product_tag","embeddable":true,"href":"https:\/\/glotomania.com\/pt-pt\/wp-json\/wp\/v2\/product_tag?post=389550"}],"curies":[{"name":"wp","href":"https:\/\/api.w.org\/{rel}","templated":true}]}}