{"id":389558,"date":"2025-09-02T10:47:37","date_gmt":"2025-09-02T10:47:37","guid":{"rendered":"https:\/\/glotomania.com\/p\/bolsas-para-dulces-cierre-zip-wilton-boo-20-u-2\/"},"modified":"2026-04-19T00:02:47","modified_gmt":"2026-04-19T00:02:47","slug":"bolsas-para-dulces-cierre-zip-wilton-boo-20-u-2","status":"publish","type":"product","link":"https:\/\/glotomania.com\/pt-pt\/p\/bolsas-para-dulces-cierre-zip-wilton-boo-20-u-2\/","title":{"rendered":"Sacos De Doces Wilton (fecho De Correr) &#8211; &#8220;boo!&#8221; (20 Unid.)"},"content":{"rendered":"<p>&nbsp;<\/p>\n<p><span style=\"font-size:14px\">Cont&eacute;m 20 sacos com fecho de correr.<\/span><\/p>\n<p><span style=\"font-size:14px\"><strong>Dimens&otilde;es aproximadas: <\/strong>17 x 18 cm.<\/span><\/p>\n","protected":false},"excerpt":{"rendered":"<p>Estes sacos de doces assustadores da Wilton s\u00e3o perfeitos para o Halloween! Pode us\u00e1-los para embrulhar biscoitos, rebu\u00e7ados e outros doces.<\/p>\n","protected":false},"featured_media":345554,"comment_status":"open","ping_status":"closed","template":"","meta":{"_acf_changed":false},"pwb-brand":[],"product_brand":[],"product_cat":[2006,2005,2907,2917,3087,1849,1863,3149,3153,1767],"product_tag":[],"class_list":{"0":"post-389558","1":"product","2":"type-product","3":"status-publish","4":"has-post-thumbnail","6":"product_cat-bolsas-dulces","7":"product_cat-bolsas","8":"product_cat-festas","9":"product_cat-halloween","10":"product_cat-ordem-e-armazenamento","11":"product_cat-fiestas","13":"product_cat-sacos-de-pastelaria-2","14":"product_cat-sacos-para-doces-2","15":"product_cat-utensilios","17":"first","18":"instock","19":"taxable","20":"shipping-taxable","21":"purchasable","22":"product-type-simple"},"acf":[],"df_price":1.63,"df_sale_price":1.63,"df_regular_price":2.34,"df_image_link":"https:\/\/glotomania.com\/wp-content\/uploads\/2025\/11\/img_22512_00329dbe547193a8ff2ae0fd2d75beb1_1-31-300x300.jpg","brands":[],"_links":{"self":[{"href":"https:\/\/glotomania.com\/pt-pt\/wp-json\/wp\/v2\/product\/389558","targetHints":{"allow":["GET"]}}],"collection":[{"href":"https:\/\/glotomania.com\/pt-pt\/wp-json\/wp\/v2\/product"}],"about":[{"href":"https:\/\/glotomania.com\/pt-pt\/wp-json\/wp\/v2\/types\/product"}],"replies":[{"embeddable":true,"href":"https:\/\/glotomania.com\/pt-pt\/wp-json\/wp\/v2\/comments?post=389558"}],"wp:featuredmedia":[{"embeddable":true,"href":"https:\/\/glotomania.com\/pt-pt\/wp-json\/wp\/v2\/media\/345554"}],"wp:attachment":[{"href":"https:\/\/glotomania.com\/pt-pt\/wp-json\/wp\/v2\/media?parent=389558"}],"wp:term":[{"taxonomy":"pwb-brand","embeddable":true,"href":"https:\/\/glotomania.com\/pt-pt\/wp-json\/wp\/v2\/pwb-brand?post=389558"},{"taxonomy":"product_brand","embeddable":true,"href":"https:\/\/glotomania.com\/pt-pt\/wp-json\/wp\/v2\/product_brand?post=389558"},{"taxonomy":"product_cat","embeddable":true,"href":"https:\/\/glotomania.com\/pt-pt\/wp-json\/wp\/v2\/product_cat?post=389558"},{"taxonomy":"product_tag","embeddable":true,"href":"https:\/\/glotomania.com\/pt-pt\/wp-json\/wp\/v2\/product_tag?post=389558"}],"curies":[{"name":"wp","href":"https:\/\/api.w.org\/{rel}","templated":true}]}}