{"id":389559,"date":"2025-09-02T10:47:37","date_gmt":"2025-09-02T10:47:37","guid":{"rendered":"https:\/\/glotomania.com\/p\/bolsas-para-dulces-wilton-mano-15-u-2\/"},"modified":"2026-04-19T00:02:48","modified_gmt":"2026-04-19T00:02:48","slug":"bolsas-para-dulces-wilton-mano-15-u-2","status":"publish","type":"product","link":"https:\/\/glotomania.com\/pt-pt\/p\/bolsas-para-dulces-wilton-mano-15-u-2\/","title":{"rendered":"Sacos De Doces Wilton &#8211; M\u00c3o (15 U)"},"content":{"rendered":"<p>&nbsp;<\/p>\n<p><span style=\"font-size:14px\">Cont&eacute;m 15 sacos e 15 fitas de fecho.<\/span><\/p>\n<p><span style=\"font-size:14px\"><strong>Dimens&otilde;es aproximadas: <\/strong>23 x 25 cm.<\/span><\/p>\n","protected":false},"excerpt":{"rendered":"<p>Estes assustadores sacos de doces Wilton s\u00e3o perfeitos para o Halloween! Pode utiliz\u00e1-los para embrulhar bolachas, rebu\u00e7ados e outros doces.<\/p>\n","protected":false},"featured_media":345556,"comment_status":"open","ping_status":"closed","template":"","meta":{"_acf_changed":false},"pwb-brand":[],"product_brand":[],"product_cat":[2006,2005,2907,2917,3087,1849,1863,3149,3153,1767],"product_tag":[],"class_list":{"0":"post-389559","1":"product","2":"type-product","3":"status-publish","4":"has-post-thumbnail","6":"product_cat-bolsas-dulces","7":"product_cat-bolsas","8":"product_cat-festas","9":"product_cat-halloween","10":"product_cat-ordem-e-armazenamento","11":"product_cat-fiestas","13":"product_cat-sacos-de-pastelaria-2","14":"product_cat-sacos-para-doces-2","15":"product_cat-utensilios","17":"first","18":"instock","19":"taxable","20":"shipping-taxable","21":"purchasable","22":"product-type-simple"},"acf":[],"df_price":2.01,"df_sale_price":2.01,"df_regular_price":2.87,"df_image_link":"https:\/\/glotomania.com\/wp-content\/uploads\/2025\/11\/img_22516_c3f6d594648023f7d6d753d9b96d2d76_1-35-300x300.jpg","brands":[],"_links":{"self":[{"href":"https:\/\/glotomania.com\/pt-pt\/wp-json\/wp\/v2\/product\/389559","targetHints":{"allow":["GET"]}}],"collection":[{"href":"https:\/\/glotomania.com\/pt-pt\/wp-json\/wp\/v2\/product"}],"about":[{"href":"https:\/\/glotomania.com\/pt-pt\/wp-json\/wp\/v2\/types\/product"}],"replies":[{"embeddable":true,"href":"https:\/\/glotomania.com\/pt-pt\/wp-json\/wp\/v2\/comments?post=389559"}],"wp:featuredmedia":[{"embeddable":true,"href":"https:\/\/glotomania.com\/pt-pt\/wp-json\/wp\/v2\/media\/345556"}],"wp:attachment":[{"href":"https:\/\/glotomania.com\/pt-pt\/wp-json\/wp\/v2\/media?parent=389559"}],"wp:term":[{"taxonomy":"pwb-brand","embeddable":true,"href":"https:\/\/glotomania.com\/pt-pt\/wp-json\/wp\/v2\/pwb-brand?post=389559"},{"taxonomy":"product_brand","embeddable":true,"href":"https:\/\/glotomania.com\/pt-pt\/wp-json\/wp\/v2\/product_brand?post=389559"},{"taxonomy":"product_cat","embeddable":true,"href":"https:\/\/glotomania.com\/pt-pt\/wp-json\/wp\/v2\/product_cat?post=389559"},{"taxonomy":"product_tag","embeddable":true,"href":"https:\/\/glotomania.com\/pt-pt\/wp-json\/wp\/v2\/product_tag?post=389559"}],"curies":[{"name":"wp","href":"https:\/\/api.w.org\/{rel}","templated":true}]}}