{"id":389567,"date":"2025-09-02T10:47:43","date_gmt":"2025-09-02T10:47:43","guid":{"rendered":"https:\/\/glotomania.com\/p\/set-capsulas-cupcake-toppers-scrapcooking-halloween-2\/"},"modified":"2026-03-10T20:20:44","modified_gmt":"2026-03-10T20:20:44","slug":"set-capsulas-cupcake-toppers-scrapcooking-halloween-2","status":"publish","type":"product","link":"https:\/\/glotomania.com\/pt-pt\/p\/set-capsulas-cupcake-toppers-scrapcooking-halloween-2\/","title":{"rendered":"Set C\u00c1psulas Para Cupcakes + Toppers Scrapcooking &#8211; Halloween"},"content":{"rendered":"<p>&nbsp;<\/p>\n<p><span style=\"font-size:14px\">C&aacute;psulas em papel de qualidade alimentar. Pontas de topper em pl&aacute;stico de qualidade alimentar.<\/span><\/p>\n<p><span style=\"font-size:14px\"><strong>Dimens&otilde;es aproximadas<\/strong>: 5,2 x 7,5 x 3,4 cm.<\/span><\/p>\n<p><span style=\"font-size:14px\">Inclui 24 moldes de papel + 12 decora&ccedil;&otilde;es para caldeir&otilde;es + 12 decora&ccedil;&otilde;es para chap&eacute;us.<\/span><\/p>\n<p><em><span style=\"font-size:14px\">Este produto n&atilde;o est&aacute; dispon&iacute;vel para a B&eacute;lgica, Fran&ccedil;a e Su&iacute;&ccedil;a.<\/span><\/em><\/p>\n","protected":false},"excerpt":{"rendered":"<p>Inclui 24 c\u00e1psulas e 24 decora\u00e7\u00f5es para criar cupcakes m\u00e1gicos de Halloween da Scrapcooking.<\/p>\n","protected":false},"featured_media":350772,"comment_status":"open","ping_status":"closed","template":"","meta":{"_acf_changed":false},"pwb-brand":[],"product_brand":[],"product_cat":[3191,2009,2010,3193,1792,3200,2907,2917,3087,1849,1863,3208,1793,1767],"product_tag":[],"class_list":{"0":"post-389567","1":"product","2":"type-product","3":"status-publish","4":"has-post-thumbnail","6":"product_cat-capacillos-de-papel-2","7":"product_cat-capsulas","8":"product_cat-capsulas-cupcakes","9":"product_cat-capsulas-para-cupcakes-2","10":"product_cat-decoracion-no-comestible","11":"product_cat-decoracoes-nao-comestiveis","12":"product_cat-festas","13":"product_cat-halloween","14":"product_cat-ordem-e-armazenamento","15":"product_cat-fiestas","17":"product_cat-toppers-para-bolos","18":"product_cat-toppers","19":"product_cat-utensilios","21":"first","22":"instock","23":"taxable","24":"shipping-taxable","25":"purchasable","26":"product-type-simple"},"acf":[],"df_price":5.25,"df_sale_price":"","df_regular_price":5.25,"df_image_link":"https:\/\/glotomania.com\/wp-content\/uploads\/2025\/11\/img_22534_e5bf0b901fc7beafafdab2f2cec1bd1d_1-38-300x300.jpg","brands":[],"_links":{"self":[{"href":"https:\/\/glotomania.com\/pt-pt\/wp-json\/wp\/v2\/product\/389567","targetHints":{"allow":["GET"]}}],"collection":[{"href":"https:\/\/glotomania.com\/pt-pt\/wp-json\/wp\/v2\/product"}],"about":[{"href":"https:\/\/glotomania.com\/pt-pt\/wp-json\/wp\/v2\/types\/product"}],"replies":[{"embeddable":true,"href":"https:\/\/glotomania.com\/pt-pt\/wp-json\/wp\/v2\/comments?post=389567"}],"wp:featuredmedia":[{"embeddable":true,"href":"https:\/\/glotomania.com\/pt-pt\/wp-json\/wp\/v2\/media\/350772"}],"wp:attachment":[{"href":"https:\/\/glotomania.com\/pt-pt\/wp-json\/wp\/v2\/media?parent=389567"}],"wp:term":[{"taxonomy":"pwb-brand","embeddable":true,"href":"https:\/\/glotomania.com\/pt-pt\/wp-json\/wp\/v2\/pwb-brand?post=389567"},{"taxonomy":"product_brand","embeddable":true,"href":"https:\/\/glotomania.com\/pt-pt\/wp-json\/wp\/v2\/product_brand?post=389567"},{"taxonomy":"product_cat","embeddable":true,"href":"https:\/\/glotomania.com\/pt-pt\/wp-json\/wp\/v2\/product_cat?post=389567"},{"taxonomy":"product_tag","embeddable":true,"href":"https:\/\/glotomania.com\/pt-pt\/wp-json\/wp\/v2\/product_tag?post=389567"}],"curies":[{"name":"wp","href":"https:\/\/api.w.org\/{rel}","templated":true}]}}