{"id":389568,"date":"2025-09-02T10:47:43","date_gmt":"2025-09-02T10:47:43","guid":{"rendered":"https:\/\/glotomania.com\/p\/p-caduc-decoraciones-de-azucar-scrapcooking-halloween\/"},"modified":"2026-03-10T20:20:47","modified_gmt":"2026-03-10T20:20:47","slug":"p-caduc-decoraciones-de-azucar-scrapcooking-halloween","status":"publish","type":"product","link":"https:\/\/glotomania.com\/pt-pt\/p\/p-caduc-decoraciones-de-azucar-scrapcooking-halloween\/","title":{"rendered":"[p. Caduc.] Decora\u00c7\u00d5es De A\u00c7\u00dacar Para Scrapcooking &#8211; Halloween"},"content":{"rendered":"<p>&nbsp;<\/p>\n<p><span style=\"color:#000000\"><span style=\"font-size:14px\"><strong>Dimens&otilde;es aproximadas:&nbsp;<\/strong><\/span><\/span><\/p>\n<ul>\n<li><span style=\"color:#000000\">Caldeir&atilde;o 4,5 x 4 cm.<\/span><\/li>\n<li><span style=\"color:#000000\"><span style=\"font-size:14px\">Varinha m&aacute;gica 5,5 x 2,5 cm.<\/span><\/span><\/li>\n<li><span style=\"color:#000000\"><span style=\"font-size:14px\">Chap&eacute;u de m&aacute;gico 4 x 3 cm.<\/span><\/span><\/li>\n<\/ul>\n<p><span style=\"color:#000000\"><span style=\"font-size:14px\">Inclui 6 decora&ccedil;&otilde;es (2 caldeir&otilde;es, 2 varinhas e 2 chap&eacute;us).<\/span><\/span><\/p>\n<p><span style=\"color:#000000\"><em><span style=\"font-size:14px\">Este produto n&atilde;o est&aacute; dispon&iacute;vel para a B&eacute;lgica, Fran&ccedil;a e Su&iacute;&ccedil;a.<\/span><\/em><\/span><\/p>\n","protected":false},"excerpt":{"rendered":"<p>Inclui 6 decora\u00e7\u00f5es em a\u00e7\u00facar Scrapcooking perfeitas para criar cupcakes m\u00e1gicos de Halloween.<\/p>\n","protected":false},"featured_media":350774,"comment_status":"open","ping_status":"closed","template":"","meta":{"_acf_changed":false},"pwb-brand":[],"product_brand":[],"product_cat":[2979,2907,2988,2917,2996,3001,1839,1832,1999,1845,1849,1863],"product_tag":[],"class_list":{"0":"post-389568","1":"product","2":"type-product","3":"status-publish","4":"has-post-thumbnail","6":"product_cat-decoracoes-comestiveis-2","7":"product_cat-festas","8":"product_cat-figuras-de-acucar-comestiveis-2","9":"product_cat-halloween","10":"product_cat-produtos-vegetarianos","11":"product_cat-sem-e-171-2","12":"product_cat-decoracion-comestible","13":"product_cat-diestas-especiales","14":"product_cat-figuras-de-azucar","15":"product_cat-dieta-sin-e-171","16":"product_cat-fiestas","19":"first","20":"outofstock","21":"taxable","22":"shipping-taxable","23":"purchasable","24":"product-type-simple"},"acf":[],"df_price":4.18,"df_sale_price":"","df_regular_price":4.18,"df_image_link":"https:\/\/glotomania.com\/wp-content\/uploads\/2025\/11\/img_22536_34fbd82cf4a2c67439226ceeb2ae56fb_1-39-300x300.jpg","brands":[],"_links":{"self":[{"href":"https:\/\/glotomania.com\/pt-pt\/wp-json\/wp\/v2\/product\/389568","targetHints":{"allow":["GET"]}}],"collection":[{"href":"https:\/\/glotomania.com\/pt-pt\/wp-json\/wp\/v2\/product"}],"about":[{"href":"https:\/\/glotomania.com\/pt-pt\/wp-json\/wp\/v2\/types\/product"}],"replies":[{"embeddable":true,"href":"https:\/\/glotomania.com\/pt-pt\/wp-json\/wp\/v2\/comments?post=389568"}],"wp:featuredmedia":[{"embeddable":true,"href":"https:\/\/glotomania.com\/pt-pt\/wp-json\/wp\/v2\/media\/350774"}],"wp:attachment":[{"href":"https:\/\/glotomania.com\/pt-pt\/wp-json\/wp\/v2\/media?parent=389568"}],"wp:term":[{"taxonomy":"pwb-brand","embeddable":true,"href":"https:\/\/glotomania.com\/pt-pt\/wp-json\/wp\/v2\/pwb-brand?post=389568"},{"taxonomy":"product_brand","embeddable":true,"href":"https:\/\/glotomania.com\/pt-pt\/wp-json\/wp\/v2\/product_brand?post=389568"},{"taxonomy":"product_cat","embeddable":true,"href":"https:\/\/glotomania.com\/pt-pt\/wp-json\/wp\/v2\/product_cat?post=389568"},{"taxonomy":"product_tag","embeddable":true,"href":"https:\/\/glotomania.com\/pt-pt\/wp-json\/wp\/v2\/product_tag?post=389568"}],"curies":[{"name":"wp","href":"https:\/\/api.w.org\/{rel}","templated":true}]}}