{"id":389569,"date":"2025-09-02T10:47:44","date_gmt":"2025-09-02T10:47:44","guid":{"rendered":"https:\/\/glotomania.com\/p\/velas-scrapcooking-halloween-2\/"},"modified":"2026-04-27T00:20:35","modified_gmt":"2026-04-27T00:20:35","slug":"velas-scrapcooking-halloween-2","status":"publish","type":"product","link":"https:\/\/glotomania.com\/pt-pt\/p\/velas-scrapcooking-halloween-2\/","title":{"rendered":"Velas Scrapcooking &#8211; Halloween"},"content":{"rendered":"<p>&nbsp;<\/p>\n<p><span style=\"font-size:14px\">Inclui os seguintes desenhos: lua com estrela, coruja, caldeir&atilde;o, chap&eacute;u, escudo, raio, livro de feiti&ccedil;os e vassoura.<\/span><\/p>\n<p><span style=\"font-size:14px\">Fabricado em cera de parafina, com pau de madeira de qualidade alimentar.<\/span><\/p>\n<p><span style=\"font-size:14px\"><strong>Dimens&otilde;es aproximadas:<\/strong> 8 cm (H).<\/span><\/p>\n<p><em><span style=\"font-size:14px\">Este produto n&atilde;o est&aacute; dispon&iacute;vel para a B&eacute;lgica, Fran&ccedil;a e Su&iacute;&ccedil;a.<\/span><\/em><\/p>\n","protected":false},"excerpt":{"rendered":"<p>Inclui 8 velas tem\u00e1ticas de feiticeiros e bruxas Scrapcooking, ideais para dar um toque especial \u00e0s suas cria\u00e7\u00f5es.<\/p>\n","protected":false},"featured_media":350775,"comment_status":"open","ping_status":"closed","template":"","meta":{"_acf_changed":false},"pwb-brand":[],"product_brand":[],"product_cat":[3200,2907,2917,3087,3211,3209,1792,1849,1863,1767,1796,1795],"product_tag":[],"class_list":{"0":"post-389569","1":"product","2":"type-product","3":"status-publish","4":"has-post-thumbnail","6":"product_cat-decoracoes-nao-comestiveis","7":"product_cat-festas","8":"product_cat-halloween","9":"product_cat-ordem-e-armazenamento","10":"product_cat-velas-originais","11":"product_cat-velas-para-bolos","12":"product_cat-decoracion-no-comestible","13":"product_cat-fiestas","15":"product_cat-utensilios","16":"product_cat-velas-originales","17":"product_cat-velas","19":"first","20":"instock","21":"taxable","22":"shipping-taxable","23":"purchasable","24":"product-type-simple"},"acf":[],"df_price":5.95,"df_sale_price":4.16,"df_regular_price":5.95,"df_image_link":"https:\/\/glotomania.com\/wp-content\/uploads\/2025\/11\/img_22537_819bbd5e2527d07018f98dffae4568c2_1-44-300x300.jpg","brands":[],"_links":{"self":[{"href":"https:\/\/glotomania.com\/pt-pt\/wp-json\/wp\/v2\/product\/389569","targetHints":{"allow":["GET"]}}],"collection":[{"href":"https:\/\/glotomania.com\/pt-pt\/wp-json\/wp\/v2\/product"}],"about":[{"href":"https:\/\/glotomania.com\/pt-pt\/wp-json\/wp\/v2\/types\/product"}],"replies":[{"embeddable":true,"href":"https:\/\/glotomania.com\/pt-pt\/wp-json\/wp\/v2\/comments?post=389569"}],"wp:featuredmedia":[{"embeddable":true,"href":"https:\/\/glotomania.com\/pt-pt\/wp-json\/wp\/v2\/media\/350775"}],"wp:attachment":[{"href":"https:\/\/glotomania.com\/pt-pt\/wp-json\/wp\/v2\/media?parent=389569"}],"wp:term":[{"taxonomy":"pwb-brand","embeddable":true,"href":"https:\/\/glotomania.com\/pt-pt\/wp-json\/wp\/v2\/pwb-brand?post=389569"},{"taxonomy":"product_brand","embeddable":true,"href":"https:\/\/glotomania.com\/pt-pt\/wp-json\/wp\/v2\/product_brand?post=389569"},{"taxonomy":"product_cat","embeddable":true,"href":"https:\/\/glotomania.com\/pt-pt\/wp-json\/wp\/v2\/product_cat?post=389569"},{"taxonomy":"product_tag","embeddable":true,"href":"https:\/\/glotomania.com\/pt-pt\/wp-json\/wp\/v2\/product_tag?post=389569"}],"curies":[{"name":"wp","href":"https:\/\/api.w.org\/{rel}","templated":true}]}}