{"id":389570,"date":"2025-09-02T10:47:44","date_gmt":"2025-09-02T10:47:44","guid":{"rendered":"https:\/\/glotomania.com\/p\/caja-para-donuts-blanca-y-azul-205-x-10-cm-2\/"},"modified":"2026-03-10T20:21:04","modified_gmt":"2026-03-10T20:21:04","slug":"caja-para-donuts-blanca-y-azul-205-x-10-cm-2","status":"publish","type":"product","link":"https:\/\/glotomania.com\/pt-pt\/p\/caja-para-donuts-blanca-y-azul-205-x-10-cm-2\/","title":{"rendered":"Caixa De Donuts Branca E Azul &#8211; 20,5 X 10 Cm"},"content":{"rendered":"<p>&nbsp;<\/p>\n<p><span style=\"font-size: 14px\">A parte superior da caixa tem uma&nbsp;<strong>janela&nbsp;<\/strong>de pl&aacute;stico transparente para visualizar o produto.&nbsp;<\/span><\/p>\n<p><span style=\"font-size: 14px\">Tem um&nbsp;<strong>revestimento interior&nbsp;<\/strong>de pl&aacute;stico &agrave;&nbsp;<strong>prova de gordura<\/strong>&nbsp;(adequado para g&eacute;neros aliment&iacute;cios).<\/span><\/p>\n<p><span style=\"font-size: 14px\">F&aacute;cil de desdobrar e f&aacute;cil de&nbsp;<strong>fechar<\/strong>. Fabricada em cart&atilde;o resistente e com janela de pl&aacute;stico, adequada para uso alimentar.<\/span><\/p>\n<p><span style=\"font-size: 14px\"><strong>Tamanho<\/strong>: 12,5 x 10 x 10 cm.<\/span><\/p>\n","protected":false},"excerpt":{"rendered":"<p>Pr\u00e1tica caixa de cart\u00e3o para chocolates, pastelaria, bolos, salgados,&#8230; para transportar ou como inv\u00f3lucro.<\/p>\n","protected":false},"featured_media":350776,"comment_status":"open","ping_status":"closed","template":"","meta":{"_acf_changed":false},"pwb-brand":[],"product_brand":[],"product_cat":[3158,3168,1785,1782,3087,1767],"product_tag":[],"class_list":{"0":"post-389570","1":"product","2":"type-product","3":"status-publish","4":"has-post-thumbnail","6":"product_cat-caixas-de-pastelaria","7":"product_cat-caixas-para-bolachas-2","8":"product_cat-cajas-galletas","9":"product_cat-cajas","10":"product_cat-ordem-e-armazenamento","11":"product_cat-utensilios","13":"first","14":"instock","15":"taxable","16":"shipping-taxable","17":"purchasable","18":"product-type-simple"},"acf":[],"df_price":0.8,"df_sale_price":"","df_regular_price":0.8,"df_image_link":"https:\/\/glotomania.com\/wp-content\/uploads\/2025\/11\/img_22538_29a08b26d640440439d7723ba90c21c6_1-31-300x300.jpg","brands":[],"_links":{"self":[{"href":"https:\/\/glotomania.com\/pt-pt\/wp-json\/wp\/v2\/product\/389570","targetHints":{"allow":["GET"]}}],"collection":[{"href":"https:\/\/glotomania.com\/pt-pt\/wp-json\/wp\/v2\/product"}],"about":[{"href":"https:\/\/glotomania.com\/pt-pt\/wp-json\/wp\/v2\/types\/product"}],"replies":[{"embeddable":true,"href":"https:\/\/glotomania.com\/pt-pt\/wp-json\/wp\/v2\/comments?post=389570"}],"wp:featuredmedia":[{"embeddable":true,"href":"https:\/\/glotomania.com\/pt-pt\/wp-json\/wp\/v2\/media\/350776"}],"wp:attachment":[{"href":"https:\/\/glotomania.com\/pt-pt\/wp-json\/wp\/v2\/media?parent=389570"}],"wp:term":[{"taxonomy":"pwb-brand","embeddable":true,"href":"https:\/\/glotomania.com\/pt-pt\/wp-json\/wp\/v2\/pwb-brand?post=389570"},{"taxonomy":"product_brand","embeddable":true,"href":"https:\/\/glotomania.com\/pt-pt\/wp-json\/wp\/v2\/product_brand?post=389570"},{"taxonomy":"product_cat","embeddable":true,"href":"https:\/\/glotomania.com\/pt-pt\/wp-json\/wp\/v2\/product_cat?post=389570"},{"taxonomy":"product_tag","embeddable":true,"href":"https:\/\/glotomania.com\/pt-pt\/wp-json\/wp\/v2\/product_tag?post=389570"}],"curies":[{"name":"wp","href":"https:\/\/api.w.org\/{rel}","templated":true}]}}