{"id":389577,"date":"2025-09-02T10:47:49","date_gmt":"2025-09-02T10:47:49","guid":{"rendered":"https:\/\/glotomania.com\/p\/molde-silicona-para-fondant-wilton-joyas-2\/"},"modified":"2026-03-10T20:21:38","modified_gmt":"2026-03-10T20:21:38","slug":"molde-silicona-para-fondant-wilton-joyas-2","status":"publish","type":"product","link":"https:\/\/glotomania.com\/pt-pt\/p\/molde-silicona-para-fondant-wilton-joyas-2\/","title":{"rendered":"Molde De Silicone Wilton Para Fondant &#8211; J\u00d3ias"},"content":{"rendered":"<p>&nbsp;<\/p>\n<p><span style=\"font-size:14px\">Fabricado em silicone de qualidade alimentar, muito flex&iacute;vel, o que facilita a remo&ccedil;&atilde;o das figuras do molde.<\/span><\/p>\n<p><span style=\"font-size:14px\"><strong>Dimens&otilde;es aproximadas do molde: <\/strong>19,7 x 12,5 cm.<\/span><\/p>\n","protected":false},"excerpt":{"rendered":"<p>Molde de silicone Wilton para fazer decora\u00e7\u00f5es com bonitos desenhos de j\u00f3ias, perfeito para usar com fondant e pasta de goma.<\/p>\n","protected":false},"featured_media":342081,"comment_status":"open","ping_status":"closed","template":"","meta":{"_acf_changed":false},"pwb-brand":[],"product_brand":[],"product_cat":[2910,2907,2773,3214,1801,1810,3222,3087,1888,1849,1767],"product_tag":[],"class_list":{"0":"post-389577","1":"product","2":"type-product","3":"status-publish","4":"has-post-thumbnail","6":"product_cat-casamentos-2","7":"product_cat-festas","8":"product_cat-fondant-sin-gluten","9":"product_cat-moldes-de-pastelaria","10":"product_cat-moldes","11":"product_cat-moldes-silicona","12":"product_cat-moldes-de-silicone","13":"product_cat-ordem-e-armazenamento","14":"product_cat-bodas","15":"product_cat-fiestas","16":"product_cat-utensilios","18":"first","19":"instock","20":"taxable","21":"shipping-taxable","22":"purchasable","23":"product-type-simple"},"acf":[],"df_price":10.74,"df_sale_price":"","df_regular_price":10.74,"df_image_link":"https:\/\/glotomania.com\/wp-content\/uploads\/2025\/11\/img_22553_b86efbe499d038fb7228af09bcbbc4f7_1-33-300x300.jpg","brands":[],"_links":{"self":[{"href":"https:\/\/glotomania.com\/pt-pt\/wp-json\/wp\/v2\/product\/389577","targetHints":{"allow":["GET"]}}],"collection":[{"href":"https:\/\/glotomania.com\/pt-pt\/wp-json\/wp\/v2\/product"}],"about":[{"href":"https:\/\/glotomania.com\/pt-pt\/wp-json\/wp\/v2\/types\/product"}],"replies":[{"embeddable":true,"href":"https:\/\/glotomania.com\/pt-pt\/wp-json\/wp\/v2\/comments?post=389577"}],"wp:featuredmedia":[{"embeddable":true,"href":"https:\/\/glotomania.com\/pt-pt\/wp-json\/wp\/v2\/media\/342081"}],"wp:attachment":[{"href":"https:\/\/glotomania.com\/pt-pt\/wp-json\/wp\/v2\/media?parent=389577"}],"wp:term":[{"taxonomy":"pwb-brand","embeddable":true,"href":"https:\/\/glotomania.com\/pt-pt\/wp-json\/wp\/v2\/pwb-brand?post=389577"},{"taxonomy":"product_brand","embeddable":true,"href":"https:\/\/glotomania.com\/pt-pt\/wp-json\/wp\/v2\/product_brand?post=389577"},{"taxonomy":"product_cat","embeddable":true,"href":"https:\/\/glotomania.com\/pt-pt\/wp-json\/wp\/v2\/product_cat?post=389577"},{"taxonomy":"product_tag","embeddable":true,"href":"https:\/\/glotomania.com\/pt-pt\/wp-json\/wp\/v2\/product_tag?post=389577"}],"curies":[{"name":"wp","href":"https:\/\/api.w.org\/{rel}","templated":true}]}}