{"id":389620,"date":"2025-09-02T10:48:16","date_gmt":"2025-09-02T10:48:16","guid":{"rendered":"https:\/\/glotomania.com\/p\/bases-de-madera-redondas-blancas-con-orificio-central-dasbi-10-cm\/"},"modified":"2026-04-07T20:41:09","modified_gmt":"2026-04-07T20:41:09","slug":"bases-de-madera-redondas-blancas-con-orificio-central-dasbi-10-cm","status":"publish","type":"product","link":"https:\/\/glotomania.com\/pt-pt\/p\/bases-de-madera-redondas-blancas-con-orificio-central-dasbi-10-cm\/","title":{"rendered":"Bases De Madeira Redondas Brancas Com Orif\u00cdcio Central Dasbi &#8211; 10 Cm"},"content":{"rendered":"<p>&nbsp;<\/p>\n<p><span style=\"color:#000000\"><span style=\"font-size:14px\">Feito de madeira resistente de qualidade alimentar.<\/span><\/span><\/p>\n<p><span style=\"color:#000000\"><span style=\"font-size:14px\"><strong>Dimens&otilde;es aproximadas:<\/strong> <u>Espessura<\/u> 3 mm &#8211;<strong> &Oslash;<\/strong> <u>base<\/u> 10 cm &#8211; <strong>&Oslash;<\/strong> <u>orificio<\/u> <\/span><\/span><span style=\"font-size: 14px\">1,2&nbsp;cm<\/span><span style=\"color:#000000\"><span style=\"font-size:14px\">.<\/span><\/span><\/p>\n<p><span style=\"color:#000000\"><em><span style=\"font-size:14px\">O conjunto inclui 2 bases para bolos.<\/span><\/em><\/span><\/p>\n","protected":false},"excerpt":{"rendered":"<p>Inclui 2 bases para bolos, com elegante acabamento branco, que dar\u00e3o estabilidade e resist\u00eancia aos nossos bolos de v\u00e1rias camadas.<\/p>\n","protected":false},"featured_media":177609,"comment_status":"open","ping_status":"closed","template":"","meta":{"_acf_changed":false},"pwb-brand":[],"product_brand":[],"product_cat":[3096,3093,3087,1946,1768,1767],"product_tag":[],"class_list":{"0":"post-389620","1":"product","2":"type-product","3":"status-publish","4":"has-post-thumbnail","6":"product_cat-bases-de-madeira-redondas","7":"product_cat-bases-para-bolos-2","8":"product_cat-ordem-e-armazenamento","9":"product_cat-bases-madera","10":"product_cat-bases","11":"product_cat-utensilios","13":"first","14":"instock","15":"taxable","16":"shipping-taxable","17":"purchasable","18":"product-type-simple"},"acf":[],"df_price":2.5,"df_sale_price":"","df_regular_price":2.5,"df_image_link":"https:\/\/glotomania.com\/wp-content\/uploads\/2025\/09\/img_27475_5e5aee44756e78ba0ed4e0c8b2b7424e_1-300x300.jpg","brands":[],"_links":{"self":[{"href":"https:\/\/glotomania.com\/pt-pt\/wp-json\/wp\/v2\/product\/389620","targetHints":{"allow":["GET"]}}],"collection":[{"href":"https:\/\/glotomania.com\/pt-pt\/wp-json\/wp\/v2\/product"}],"about":[{"href":"https:\/\/glotomania.com\/pt-pt\/wp-json\/wp\/v2\/types\/product"}],"replies":[{"embeddable":true,"href":"https:\/\/glotomania.com\/pt-pt\/wp-json\/wp\/v2\/comments?post=389620"}],"wp:featuredmedia":[{"embeddable":true,"href":"https:\/\/glotomania.com\/pt-pt\/wp-json\/wp\/v2\/media\/177609"}],"wp:attachment":[{"href":"https:\/\/glotomania.com\/pt-pt\/wp-json\/wp\/v2\/media?parent=389620"}],"wp:term":[{"taxonomy":"pwb-brand","embeddable":true,"href":"https:\/\/glotomania.com\/pt-pt\/wp-json\/wp\/v2\/pwb-brand?post=389620"},{"taxonomy":"product_brand","embeddable":true,"href":"https:\/\/glotomania.com\/pt-pt\/wp-json\/wp\/v2\/product_brand?post=389620"},{"taxonomy":"product_cat","embeddable":true,"href":"https:\/\/glotomania.com\/pt-pt\/wp-json\/wp\/v2\/product_cat?post=389620"},{"taxonomy":"product_tag","embeddable":true,"href":"https:\/\/glotomania.com\/pt-pt\/wp-json\/wp\/v2\/product_tag?post=389620"}],"curies":[{"name":"wp","href":"https:\/\/api.w.org\/{rel}","templated":true}]}}