{"id":389636,"date":"2025-09-02T10:48:26","date_gmt":"2025-09-02T10:48:26","guid":{"rendered":"https:\/\/glotomania.com\/p\/bases-de-madera-rectangulares-blancas-con-mango-dasbi-30-x-15-cm\/"},"modified":"2026-03-10T22:02:54","modified_gmt":"2026-03-10T22:02:54","slug":"bases-de-madera-rectangulares-blancas-con-mango-dasbi-30-x-15-cm","status":"publish","type":"product","link":"https:\/\/glotomania.com\/pt-pt\/p\/bases-de-madera-rectangulares-blancas-con-mango-dasbi-30-x-15-cm\/","title":{"rendered":"Bases De Madeira Rectangulares Brancas Com Pega Dasbi &#8211; 30 X 15 Cm"},"content":{"rendered":"<p>&nbsp;<\/p>\n<p><span style=\"font-size:14px\">Fabricado em madeira resistente de qualidade alimentar.<\/span><\/p>\n<p><span style=\"font-size:14px\"><strong>Dimens&otilde;es aproximadas: <\/strong>30 x 15 cm &#8211; <u>Espessura <\/u>3 mm.<\/span><\/p>\n<p><em><span style=\"font-size:14px\">O conjunto inclui 2 bases para bolos.<\/span><\/em><\/p>\n","protected":false},"excerpt":{"rendered":"<p>Inclui 2 bases para bolos em madeira de qualidade alimentar, com pega inclu\u00edda para uma ader\u00eancia confort\u00e1vel, muito est\u00e1vel e resistente.<\/p>\n","protected":false},"featured_media":338401,"comment_status":"open","ping_status":"closed","template":"","meta":{"_acf_changed":false},"pwb-brand":[],"product_brand":[],"product_cat":[3096,3093,3087,1946,1768,1767],"product_tag":[],"class_list":{"0":"post-389636","1":"product","2":"type-product","3":"status-publish","4":"has-post-thumbnail","6":"product_cat-bases-de-madeira-redondas","7":"product_cat-bases-para-bolos-2","8":"product_cat-ordem-e-armazenamento","9":"product_cat-bases-madera","10":"product_cat-bases","11":"product_cat-utensilios","13":"first","14":"instock","15":"taxable","16":"shipping-taxable","17":"purchasable","18":"product-type-simple"},"acf":[],"df_price":5.34,"df_sale_price":"","df_regular_price":5.34,"df_image_link":"https:\/\/glotomania.com\/wp-content\/uploads\/2025\/11\/img_22690_2536089b90aa00720ef1ccea8f5eaabd_1-34-300x300.jpg","brands":[],"_links":{"self":[{"href":"https:\/\/glotomania.com\/pt-pt\/wp-json\/wp\/v2\/product\/389636","targetHints":{"allow":["GET"]}}],"collection":[{"href":"https:\/\/glotomania.com\/pt-pt\/wp-json\/wp\/v2\/product"}],"about":[{"href":"https:\/\/glotomania.com\/pt-pt\/wp-json\/wp\/v2\/types\/product"}],"replies":[{"embeddable":true,"href":"https:\/\/glotomania.com\/pt-pt\/wp-json\/wp\/v2\/comments?post=389636"}],"wp:featuredmedia":[{"embeddable":true,"href":"https:\/\/glotomania.com\/pt-pt\/wp-json\/wp\/v2\/media\/338401"}],"wp:attachment":[{"href":"https:\/\/glotomania.com\/pt-pt\/wp-json\/wp\/v2\/media?parent=389636"}],"wp:term":[{"taxonomy":"pwb-brand","embeddable":true,"href":"https:\/\/glotomania.com\/pt-pt\/wp-json\/wp\/v2\/pwb-brand?post=389636"},{"taxonomy":"product_brand","embeddable":true,"href":"https:\/\/glotomania.com\/pt-pt\/wp-json\/wp\/v2\/product_brand?post=389636"},{"taxonomy":"product_cat","embeddable":true,"href":"https:\/\/glotomania.com\/pt-pt\/wp-json\/wp\/v2\/product_cat?post=389636"},{"taxonomy":"product_tag","embeddable":true,"href":"https:\/\/glotomania.com\/pt-pt\/wp-json\/wp\/v2\/product_tag?post=389636"}],"curies":[{"name":"wp","href":"https:\/\/api.w.org\/{rel}","templated":true}]}}