{"id":389654,"date":"2025-09-02T10:48:36","date_gmt":"2025-09-02T10:48:36","guid":{"rendered":"https:\/\/glotomania.com\/p\/perlas-de-azucar-blandas-funcakes-rosas-y-blancas-60-g-2\/"},"modified":"2026-04-27T07:13:27","modified_gmt":"2026-04-27T07:13:27","slug":"perlas-de-azucar-blandas-funcakes-rosas-y-blancas-60-g-2","status":"publish","type":"product","link":"https:\/\/glotomania.com\/pt-pt\/p\/perlas-de-azucar-blandas-funcakes-rosas-y-blancas-60-g-2\/","title":{"rendered":"P\u00c9rolas De A\u00c7\u00dacar Moles Funcakes &#8211; Rosa E Branco (60 G)"},"content":{"rendered":"<p>&nbsp;<\/p>\n<p><span style=\"font-size:14px\">Agora pode fazer belas decora&ccedil;&otilde;es nos seus bolos ou cupcakes com estas p&eacute;rolas comest&iacute;veis <strong>brancas e cor-de-rosa<\/strong> da Funcakes. As p&eacute;rolas s&atilde;o <strong>macias <\/strong>e adequadas para crian&ccedil;as.<\/span><\/p>\n","protected":false},"excerpt":{"rendered":"<p>As p\u00e9rolas de a\u00e7\u00facar comest\u00edveis da Funcakes s\u00e3o macias e moles, brancas e cor-de-rosa brilhante.<\/p>\n","protected":false},"featured_media":38604,"comment_status":"open","ping_status":"closed","template":"","meta":{"_acf_changed":false},"pwb-brand":[],"product_brand":[],"product_cat":[2924,2908,2911,2979,2982,2979,2982,2996,2907,3001,2996,2911,2908,2907,2924,3001],"product_tag":[],"class_list":{"0":"post-389654","1":"product","2":"type-product","3":"status-publish","4":"has-post-thumbnail","6":"product_cat-sao-valentim-2","7":"product_cat-batizados","8":"product_cat-comunhoes","9":"product_cat-decoracoes-comestiveis-2","10":"product_cat-decoracoes-de-acucar","13":"product_cat-produtos-vegetarianos","14":"product_cat-festas","15":"product_cat-sem-e-171-2","23":"first","24":"instock","25":"taxable","26":"shipping-taxable","27":"purchasable","28":"product-type-simple"},"acf":[],"df_price":3.05,"df_sale_price":"","df_regular_price":3.05,"df_image_link":"https:\/\/glotomania.com\/wp-content\/uploads\/2023\/09\/img_22727_05d25af1041c49fbfa3c7c530f1051d4_1-300x300.png","brands":[],"_links":{"self":[{"href":"https:\/\/glotomania.com\/pt-pt\/wp-json\/wp\/v2\/product\/389654","targetHints":{"allow":["GET"]}}],"collection":[{"href":"https:\/\/glotomania.com\/pt-pt\/wp-json\/wp\/v2\/product"}],"about":[{"href":"https:\/\/glotomania.com\/pt-pt\/wp-json\/wp\/v2\/types\/product"}],"replies":[{"embeddable":true,"href":"https:\/\/glotomania.com\/pt-pt\/wp-json\/wp\/v2\/comments?post=389654"}],"wp:featuredmedia":[{"embeddable":true,"href":"https:\/\/glotomania.com\/pt-pt\/wp-json\/wp\/v2\/media\/38604"}],"wp:attachment":[{"href":"https:\/\/glotomania.com\/pt-pt\/wp-json\/wp\/v2\/media?parent=389654"}],"wp:term":[{"taxonomy":"pwb-brand","embeddable":true,"href":"https:\/\/glotomania.com\/pt-pt\/wp-json\/wp\/v2\/pwb-brand?post=389654"},{"taxonomy":"product_brand","embeddable":true,"href":"https:\/\/glotomania.com\/pt-pt\/wp-json\/wp\/v2\/product_brand?post=389654"},{"taxonomy":"product_cat","embeddable":true,"href":"https:\/\/glotomania.com\/pt-pt\/wp-json\/wp\/v2\/product_cat?post=389654"},{"taxonomy":"product_tag","embeddable":true,"href":"https:\/\/glotomania.com\/pt-pt\/wp-json\/wp\/v2\/product_tag?post=389654"}],"curies":[{"name":"wp","href":"https:\/\/api.w.org\/{rel}","templated":true}]}}