{"id":389670,"date":"2025-09-02T10:48:49","date_gmt":"2025-09-02T10:48:49","guid":{"rendered":"https:\/\/glotomania.com\/p\/set-bandeja-blanca-caja-para-brazo-de-gitano-29-x-11-cm-2\/"},"modified":"2026-03-25T19:48:40","modified_gmt":"2026-03-25T19:48:40","slug":"set-bandeja-blanca-caja-para-brazo-de-gitano-29-x-11-cm-2","status":"publish","type":"product","link":"https:\/\/glotomania.com\/pt-pt\/p\/set-bandeja-blanca-caja-para-brazo-de-gitano-29-x-11-cm-2\/","title":{"rendered":"Conjunto Tabuleiro Branco + Caixa Para Rocambole &#8211; 29 X 11 Cm"},"content":{"rendered":"<p>&nbsp;<\/p>\n<p><span style=\"font-size:14px\">Fabricado em cart&atilde;o resistente de qualidade alimentar.<\/span><\/p>\n<p><span style=\"font-size:14px\"><strong>Dimens&otilde;es aproximadas:<\/strong> <u>Caixa<\/u> 29 x 11 x 10 cm &#8211; <u>Tabuleiro<\/u> 28 x 10 cm.<\/span><\/p>\n","protected":false},"excerpt":{"rendered":"<p>Fant\u00e1stico conjunto de caixa e tabuleiro em cart\u00e3o resistente, ideal para sobremesas alongadas como os bra\u00e7os de cigana. Tamb\u00e9m para o transporte de um conjunto de pequenas prepara\u00e7\u00f5es.<\/p>\n","protected":false},"featured_media":348554,"comment_status":"open","ping_status":"closed","template":"","meta":{"_acf_changed":false},"pwb-brand":[],"product_brand":[],"product_cat":[3093,3158,3164,3087,3091,1936,1768,1787,1782,1767],"product_tag":[],"class_list":{"0":"post-389670","1":"product","2":"type-product","3":"status-publish","4":"has-post-thumbnail","6":"product_cat-bases-para-bolos-2","7":"product_cat-caixas-de-pastelaria","8":"product_cat-caixas-para-rocambole-2","9":"product_cat-ordem-e-armazenamento","10":"product_cat-tabuleiros-de-pastelaria-2","11":"product_cat-bandejas-reposteria","12":"product_cat-bases","13":"product_cat-cajas-brazo-gitano","14":"product_cat-cajas","15":"product_cat-utensilios","17":"first","18":"instock","19":"taxable","20":"shipping-taxable","21":"purchasable","22":"product-type-simple"},"acf":[],"df_price":1.7,"df_sale_price":"","df_regular_price":1.7,"df_image_link":"https:\/\/glotomania.com\/wp-content\/uploads\/2025\/11\/img_22780_06d2266af8dffb63a2e563d429b78f89_1-39-300x300.jpg","brands":[],"_links":{"self":[{"href":"https:\/\/glotomania.com\/pt-pt\/wp-json\/wp\/v2\/product\/389670","targetHints":{"allow":["GET"]}}],"collection":[{"href":"https:\/\/glotomania.com\/pt-pt\/wp-json\/wp\/v2\/product"}],"about":[{"href":"https:\/\/glotomania.com\/pt-pt\/wp-json\/wp\/v2\/types\/product"}],"replies":[{"embeddable":true,"href":"https:\/\/glotomania.com\/pt-pt\/wp-json\/wp\/v2\/comments?post=389670"}],"wp:featuredmedia":[{"embeddable":true,"href":"https:\/\/glotomania.com\/pt-pt\/wp-json\/wp\/v2\/media\/348554"}],"wp:attachment":[{"href":"https:\/\/glotomania.com\/pt-pt\/wp-json\/wp\/v2\/media?parent=389670"}],"wp:term":[{"taxonomy":"pwb-brand","embeddable":true,"href":"https:\/\/glotomania.com\/pt-pt\/wp-json\/wp\/v2\/pwb-brand?post=389670"},{"taxonomy":"product_brand","embeddable":true,"href":"https:\/\/glotomania.com\/pt-pt\/wp-json\/wp\/v2\/product_brand?post=389670"},{"taxonomy":"product_cat","embeddable":true,"href":"https:\/\/glotomania.com\/pt-pt\/wp-json\/wp\/v2\/product_cat?post=389670"},{"taxonomy":"product_tag","embeddable":true,"href":"https:\/\/glotomania.com\/pt-pt\/wp-json\/wp\/v2\/product_tag?post=389670"}],"curies":[{"name":"wp","href":"https:\/\/api.w.org\/{rel}","templated":true}]}}