{"id":389671,"date":"2025-09-02T10:48:49","date_gmt":"2025-09-02T10:48:49","guid":{"rendered":"https:\/\/glotomania.com\/p\/set-bandeja-blanca-caja-para-brazo-de-gitano-355-x-13-cm-2\/"},"modified":"2026-04-10T12:27:49","modified_gmt":"2026-04-10T12:27:49","slug":"set-bandeja-blanca-caja-para-brazo-de-gitano-355-x-13-cm-2","status":"publish","type":"product","link":"https:\/\/glotomania.com\/pt-pt\/p\/set-bandeja-blanca-caja-para-brazo-de-gitano-355-x-13-cm-2\/","title":{"rendered":"Conjunto Tabuleiro Branco + Caixa Para Rocambole &#8211; 35,5 X 13 Cm"},"content":{"rendered":"<p>&nbsp;<\/p>\n<p><span style=\"font-size: 14px\">Fabricado em cart&atilde;o resistente de qualidade alimentar.<\/span><\/p>\n<p><span style=\"font-size: 14px\"><strong>Dimens&otilde;es aproximadas:<\/strong>&nbsp;<u>Caixa<\/u>&nbsp;<\/span><span style=\"font-size: 14px\">35,5 x&nbsp;13&nbsp;x&nbsp;10 cm<\/span><span style=\"font-size: 14px\">&nbsp;&#8211;&nbsp;<u>Tabuleiro<\/u>&nbsp;<\/span><span style=\"font-size: 14px\">34 x 12&nbsp;cm.<\/span><\/p>\n","protected":false},"excerpt":{"rendered":"<p>Fant\u00e1stico conjunto de caixa e tabuleiro em cart\u00e3o resistente, ideal para sobremesas alongadas como os bra\u00e7os de cigana. Tamb\u00e9m para o transporte de um conjunto de pequenas prepara\u00e7\u00f5es.<\/p>\n","protected":false},"featured_media":345618,"comment_status":"open","ping_status":"closed","template":"","meta":{"_acf_changed":false},"pwb-brand":[],"product_brand":[],"product_cat":[1936,3093,1768,3158,3164,1787,1782,3087,3091,1767],"product_tag":[],"class_list":{"0":"post-389671","1":"product","2":"type-product","3":"status-publish","4":"has-post-thumbnail","6":"product_cat-bandejas-reposteria","7":"product_cat-bases-para-bolos-2","8":"product_cat-bases","9":"product_cat-caixas-de-pastelaria","10":"product_cat-caixas-para-rocambole-2","11":"product_cat-cajas-brazo-gitano","12":"product_cat-cajas","13":"product_cat-ordem-e-armazenamento","14":"product_cat-tabuleiros-de-pastelaria-2","15":"product_cat-utensilios","17":"first","18":"instock","19":"taxable","20":"shipping-taxable","21":"purchasable","22":"product-type-simple"},"acf":[],"df_price":1.99,"df_sale_price":"","df_regular_price":1.99,"df_image_link":"https:\/\/glotomania.com\/wp-content\/uploads\/2025\/11\/img_22781_5ab77ef8f607979b5a42160a0c4ae873_1-36-300x300.jpg","brands":[],"_links":{"self":[{"href":"https:\/\/glotomania.com\/pt-pt\/wp-json\/wp\/v2\/product\/389671","targetHints":{"allow":["GET"]}}],"collection":[{"href":"https:\/\/glotomania.com\/pt-pt\/wp-json\/wp\/v2\/product"}],"about":[{"href":"https:\/\/glotomania.com\/pt-pt\/wp-json\/wp\/v2\/types\/product"}],"replies":[{"embeddable":true,"href":"https:\/\/glotomania.com\/pt-pt\/wp-json\/wp\/v2\/comments?post=389671"}],"wp:featuredmedia":[{"embeddable":true,"href":"https:\/\/glotomania.com\/pt-pt\/wp-json\/wp\/v2\/media\/345618"}],"wp:attachment":[{"href":"https:\/\/glotomania.com\/pt-pt\/wp-json\/wp\/v2\/media?parent=389671"}],"wp:term":[{"taxonomy":"pwb-brand","embeddable":true,"href":"https:\/\/glotomania.com\/pt-pt\/wp-json\/wp\/v2\/pwb-brand?post=389671"},{"taxonomy":"product_brand","embeddable":true,"href":"https:\/\/glotomania.com\/pt-pt\/wp-json\/wp\/v2\/product_brand?post=389671"},{"taxonomy":"product_cat","embeddable":true,"href":"https:\/\/glotomania.com\/pt-pt\/wp-json\/wp\/v2\/product_cat?post=389671"},{"taxonomy":"product_tag","embeddable":true,"href":"https:\/\/glotomania.com\/pt-pt\/wp-json\/wp\/v2\/product_tag?post=389671"}],"curies":[{"name":"wp","href":"https:\/\/api.w.org\/{rel}","templated":true}]}}