{"id":389672,"date":"2025-09-02T10:48:50","date_gmt":"2025-09-02T10:48:50","guid":{"rendered":"https:\/\/glotomania.com\/p\/set-bandeja-blanca-caja-para-brazo-de-gitano-385-x-13-cm-2\/"},"modified":"2026-03-10T22:03:52","modified_gmt":"2026-03-10T22:03:52","slug":"set-bandeja-blanca-caja-para-brazo-de-gitano-385-x-13-cm-2","status":"publish","type":"product","link":"https:\/\/glotomania.com\/pt-pt\/p\/set-bandeja-blanca-caja-para-brazo-de-gitano-385-x-13-cm-2\/","title":{"rendered":"Conjunto Tabuleiro Branco + Caixa Para Rocambole &#8211; 38,5 X 13 Cm"},"content":{"rendered":"<p>&nbsp;<\/p>\n<p><span style=\"font-size: 14px\">Fabricado em cart&atilde;o resistente de qualidade alimentar.<\/span><\/p>\n<p><span style=\"font-size: 14px\"><strong>Dimens&otilde;es aproximadas:<\/strong>&nbsp;<u>Caixa<\/u>&nbsp;<\/span><span style=\"font-size: 14px\">38,5 x&nbsp;13&nbsp;x&nbsp;10 cm&nbsp;<\/span><span style=\"font-size: 14px\">&nbsp;&#8211;&nbsp;<u>Tabuleiro<\/u>&nbsp;<\/span><span style=\"font-size: 14px\">38&nbsp;x 12,5 cm.<\/span><\/p>\n","protected":false},"excerpt":{"rendered":"<p>Fant\u00e1stico conjunto de caixa e tabuleiro em cart\u00e3o resistente, ideal para sobremesas alongadas como os bra\u00e7os de cigana. Tamb\u00e9m para o transporte de um conjunto de pequenas prepara\u00e7\u00f5es.<\/p>\n","protected":false},"featured_media":342110,"comment_status":"open","ping_status":"closed","template":"","meta":{"_acf_changed":false},"pwb-brand":[],"product_brand":[],"product_cat":[1936,3093,1768,3158,3164,1787,1782,3087,3091,1767],"product_tag":[],"class_list":{"0":"post-389672","1":"product","2":"type-product","3":"status-publish","4":"has-post-thumbnail","6":"product_cat-bandejas-reposteria","7":"product_cat-bases-para-bolos-2","8":"product_cat-bases","9":"product_cat-caixas-de-pastelaria","10":"product_cat-caixas-para-rocambole-2","11":"product_cat-cajas-brazo-gitano","12":"product_cat-cajas","13":"product_cat-ordem-e-armazenamento","14":"product_cat-tabuleiros-de-pastelaria-2","15":"product_cat-utensilios","17":"first","18":"instock","19":"taxable","20":"shipping-taxable","21":"purchasable","22":"product-type-simple"},"acf":[],"df_price":2.3,"df_sale_price":"","df_regular_price":2.3,"df_image_link":"https:\/\/glotomania.com\/wp-content\/uploads\/2025\/11\/img_22782_4490cf15a5f8372bafa7954e1c27626f_1-36-300x300.jpg","brands":[],"_links":{"self":[{"href":"https:\/\/glotomania.com\/pt-pt\/wp-json\/wp\/v2\/product\/389672","targetHints":{"allow":["GET"]}}],"collection":[{"href":"https:\/\/glotomania.com\/pt-pt\/wp-json\/wp\/v2\/product"}],"about":[{"href":"https:\/\/glotomania.com\/pt-pt\/wp-json\/wp\/v2\/types\/product"}],"replies":[{"embeddable":true,"href":"https:\/\/glotomania.com\/pt-pt\/wp-json\/wp\/v2\/comments?post=389672"}],"wp:featuredmedia":[{"embeddable":true,"href":"https:\/\/glotomania.com\/pt-pt\/wp-json\/wp\/v2\/media\/342110"}],"wp:attachment":[{"href":"https:\/\/glotomania.com\/pt-pt\/wp-json\/wp\/v2\/media?parent=389672"}],"wp:term":[{"taxonomy":"pwb-brand","embeddable":true,"href":"https:\/\/glotomania.com\/pt-pt\/wp-json\/wp\/v2\/pwb-brand?post=389672"},{"taxonomy":"product_brand","embeddable":true,"href":"https:\/\/glotomania.com\/pt-pt\/wp-json\/wp\/v2\/product_brand?post=389672"},{"taxonomy":"product_cat","embeddable":true,"href":"https:\/\/glotomania.com\/pt-pt\/wp-json\/wp\/v2\/product_cat?post=389672"},{"taxonomy":"product_tag","embeddable":true,"href":"https:\/\/glotomania.com\/pt-pt\/wp-json\/wp\/v2\/product_tag?post=389672"}],"curies":[{"name":"wp","href":"https:\/\/api.w.org\/{rel}","templated":true}]}}