{"id":389676,"date":"2025-09-02T10:48:51","date_gmt":"2025-09-02T10:48:51","guid":{"rendered":"https:\/\/glotomania.com\/p\/set-bandeja-plateada-caja-para-brazo-de-gitano-385-x-13-cm-2\/"},"modified":"2026-04-19T14:16:09","modified_gmt":"2026-04-19T14:16:09","slug":"set-bandeja-plateada-caja-para-brazo-de-gitano-385-x-13-cm-2","status":"publish","type":"product","link":"https:\/\/glotomania.com\/pt-pt\/p\/set-bandeja-plateada-caja-para-brazo-de-gitano-385-x-13-cm-2\/","title":{"rendered":"Conjunto Tabuleiro Prateado + Caixa Para Rocambole &#8211; 38,5 X 13 Cm"},"content":{"rendered":"<p>&nbsp;<\/p>\n<p><span style=\"font-size: 14px\">Fabricado em cart&atilde;o resistente de qualidade alimentar.<\/span><\/p>\n<p><span style=\"font-size: 14px\"><strong>Dimens&otilde;es aproximadas<\/strong>:&nbsp;<u>Caixa<\/u>&nbsp;<\/span><span style=\"font-size: 14px\">38,5 x&nbsp;13&nbsp;x&nbsp;10 cm<\/span><span style=\"font-size: 14px\">&nbsp;&#8211;&nbsp;<u>Tabuleiro<\/u>&nbsp;2<\/span><span style=\"font-size: 14px\">38&nbsp;x 12,5 cm.<\/span><\/p>\n","protected":false},"excerpt":{"rendered":"<p>Fant\u00e1stico conjunto de caixa e tabuleiro em cart\u00e3o resistente, ideal para sobremesas alongadas como os bra\u00e7os de cigana. Tamb\u00e9m para transportar um conjunto de pequenas prepara\u00e7\u00f5es.<\/p>\n","protected":false},"featured_media":350805,"comment_status":"open","ping_status":"closed","template":"","meta":{"_acf_changed":false},"pwb-brand":[],"product_brand":[],"product_cat":[3091,3093,3093,3158,3164,3164,3158,3087,3091,3087],"product_tag":[],"class_list":{"0":"post-389676","1":"product","2":"type-product","3":"status-publish","4":"has-post-thumbnail","6":"product_cat-tabuleiros-de-pastelaria-2","7":"product_cat-bases-para-bolos-2","9":"product_cat-caixas-de-pastelaria","10":"product_cat-caixas-para-rocambole-2","13":"product_cat-ordem-e-armazenamento","17":"first","18":"instock","19":"taxable","20":"shipping-taxable","21":"purchasable","22":"product-type-simple"},"acf":[],"df_price":2.4,"df_sale_price":"","df_regular_price":2.4,"df_image_link":"https:\/\/glotomania.com\/wp-content\/uploads\/2025\/11\/img_22786_e412e3f8a167d22047988e1e5af60a02_1-44-300x300.jpg","brands":[],"_links":{"self":[{"href":"https:\/\/glotomania.com\/pt-pt\/wp-json\/wp\/v2\/product\/389676","targetHints":{"allow":["GET"]}}],"collection":[{"href":"https:\/\/glotomania.com\/pt-pt\/wp-json\/wp\/v2\/product"}],"about":[{"href":"https:\/\/glotomania.com\/pt-pt\/wp-json\/wp\/v2\/types\/product"}],"replies":[{"embeddable":true,"href":"https:\/\/glotomania.com\/pt-pt\/wp-json\/wp\/v2\/comments?post=389676"}],"wp:featuredmedia":[{"embeddable":true,"href":"https:\/\/glotomania.com\/pt-pt\/wp-json\/wp\/v2\/media\/350805"}],"wp:attachment":[{"href":"https:\/\/glotomania.com\/pt-pt\/wp-json\/wp\/v2\/media?parent=389676"}],"wp:term":[{"taxonomy":"pwb-brand","embeddable":true,"href":"https:\/\/glotomania.com\/pt-pt\/wp-json\/wp\/v2\/pwb-brand?post=389676"},{"taxonomy":"product_brand","embeddable":true,"href":"https:\/\/glotomania.com\/pt-pt\/wp-json\/wp\/v2\/product_brand?post=389676"},{"taxonomy":"product_cat","embeddable":true,"href":"https:\/\/glotomania.com\/pt-pt\/wp-json\/wp\/v2\/product_cat?post=389676"},{"taxonomy":"product_tag","embeddable":true,"href":"https:\/\/glotomania.com\/pt-pt\/wp-json\/wp\/v2\/product_tag?post=389676"}],"curies":[{"name":"wp","href":"https:\/\/api.w.org\/{rel}","templated":true}]}}