{"id":389691,"date":"2025-09-02T10:49:00","date_gmt":"2025-09-02T10:49:00","guid":{"rendered":"https:\/\/glotomania.com\/p\/sprinkles-funcakes-copos-de-nieve-azules-50-g-2\/"},"modified":"2026-04-29T00:23:15","modified_gmt":"2026-04-29T00:23:15","slug":"sprinkles-funcakes-copos-de-nieve-azules-50-g-2","status":"publish","type":"product","link":"https:\/\/glotomania.com\/pt-pt\/p\/sprinkles-funcakes-copos-de-nieve-azules-50-g-2\/","title":{"rendered":"Sprinkles Funcakes &#8211; Flocos De Neve Azuis (50 G)"},"content":{"rendered":"<p>&nbsp;<\/p>\n<p><span style=\"font-size:14px\">Com estes bonitos flocos de neve da Funcakes pode facilmente decorar bolos, cupcakes, bolachas ou outros doces! Perfeitos para dar &agrave;s suas cria&ccedil;&otilde;es um aspeto de inverno.<\/span><\/p>\n","protected":false},"excerpt":{"rendered":"<p>Decora\u00e7\u00f5es comest\u00edveis Funcakes, ideais para decorar as nossas sobremesas de inverno.<\/p>\n","protected":false},"featured_media":38745,"comment_status":"open","ping_status":"closed","template":"","meta":{"_acf_changed":false},"pwb-brand":[],"product_brand":[],"product_cat":[1839,1840,2979,2982,1832,2907,1845,2920,2996,1849,1866,3001],"product_tag":[],"class_list":{"0":"post-389691","1":"product","2":"type-product","3":"status-publish","4":"has-post-thumbnail","6":"product_cat-decoracion-comestible","7":"product_cat-decoraciones-azucar-comestibles","8":"product_cat-decoracoes-comestiveis-2","9":"product_cat-decoracoes-de-acucar","10":"product_cat-diestas-especiales","11":"product_cat-festas","12":"product_cat-dieta-sin-e-171","13":"product_cat-natal-2","14":"product_cat-produtos-vegetarianos","15":"product_cat-fiestas","16":"product_cat-navidad","17":"product_cat-sem-e-171-2","19":"first","20":"instock","21":"taxable","22":"shipping-taxable","23":"purchasable","24":"product-type-simple"},"acf":[],"df_price":4.16,"df_sale_price":2.92,"df_regular_price":4.16,"df_image_link":"https:\/\/glotomania.com\/wp-content\/uploads\/2023\/10\/img_22819_50ebebe36fe866adde27ecd0749ee3b7_1-300x300.png","brands":[],"_links":{"self":[{"href":"https:\/\/glotomania.com\/pt-pt\/wp-json\/wp\/v2\/product\/389691","targetHints":{"allow":["GET"]}}],"collection":[{"href":"https:\/\/glotomania.com\/pt-pt\/wp-json\/wp\/v2\/product"}],"about":[{"href":"https:\/\/glotomania.com\/pt-pt\/wp-json\/wp\/v2\/types\/product"}],"replies":[{"embeddable":true,"href":"https:\/\/glotomania.com\/pt-pt\/wp-json\/wp\/v2\/comments?post=389691"}],"wp:featuredmedia":[{"embeddable":true,"href":"https:\/\/glotomania.com\/pt-pt\/wp-json\/wp\/v2\/media\/38745"}],"wp:attachment":[{"href":"https:\/\/glotomania.com\/pt-pt\/wp-json\/wp\/v2\/media?parent=389691"}],"wp:term":[{"taxonomy":"pwb-brand","embeddable":true,"href":"https:\/\/glotomania.com\/pt-pt\/wp-json\/wp\/v2\/pwb-brand?post=389691"},{"taxonomy":"product_brand","embeddable":true,"href":"https:\/\/glotomania.com\/pt-pt\/wp-json\/wp\/v2\/product_brand?post=389691"},{"taxonomy":"product_cat","embeddable":true,"href":"https:\/\/glotomania.com\/pt-pt\/wp-json\/wp\/v2\/product_cat?post=389691"},{"taxonomy":"product_tag","embeddable":true,"href":"https:\/\/glotomania.com\/pt-pt\/wp-json\/wp\/v2\/product_tag?post=389691"}],"curies":[{"name":"wp","href":"https:\/\/api.w.org\/{rel}","templated":true}]}}