{"id":389692,"date":"2025-09-02T10:49:00","date_gmt":"2025-09-02T10:49:00","guid":{"rendered":"https:\/\/glotomania.com\/p\/fideos-de-azucar-funcakes-plata-metalizado-80-g-2\/"},"modified":"2026-04-13T17:11:45","modified_gmt":"2026-04-13T17:11:45","slug":"fideos-de-azucar-funcakes-plata-metalizado-80-g-2","status":"publish","type":"product","link":"https:\/\/glotomania.com\/pt-pt\/p\/fideos-de-azucar-funcakes-plata-metalizado-80-g-2\/","title":{"rendered":"Granulados De A\u00c7\u00dacar Funcakes &#8211; Prata Met\u00c1lica (80 G)"},"content":{"rendered":"<p>.<\/p>\n","protected":false},"excerpt":{"rendered":"<p>Mistura de massa de a\u00e7\u00facar comest\u00edvel Funcakes, ideal para decorar as nossas cria\u00e7\u00f5es com um toque de eleg\u00e2ncia e brilho.<\/p>\n","protected":false},"featured_media":45521,"comment_status":"open","ping_status":"closed","template":"","meta":{"_acf_changed":false},"pwb-brand":[],"product_brand":[],"product_cat":[1839,1840,2979,2982,1832,1845,2996,3001],"product_tag":[],"class_list":{"0":"post-389692","1":"product","2":"type-product","3":"status-publish","4":"has-post-thumbnail","6":"product_cat-decoracion-comestible","7":"product_cat-decoraciones-azucar-comestibles","8":"product_cat-decoracoes-comestiveis-2","9":"product_cat-decoracoes-de-acucar","10":"product_cat-diestas-especiales","11":"product_cat-dieta-sin-e-171","12":"product_cat-produtos-vegetarianos","13":"product_cat-sem-e-171-2","15":"first","16":"outofstock","17":"taxable","18":"shipping-taxable","19":"purchasable","20":"product-type-simple"},"acf":[],"df_price":4.99,"df_sale_price":"","df_regular_price":4.99,"df_image_link":"https:\/\/glotomania.com\/wp-content\/uploads\/2023\/10\/img_24929_a6f42d79a2819413b765bf345db2d0b9_1-300x300.png","brands":[],"_links":{"self":[{"href":"https:\/\/glotomania.com\/pt-pt\/wp-json\/wp\/v2\/product\/389692","targetHints":{"allow":["GET"]}}],"collection":[{"href":"https:\/\/glotomania.com\/pt-pt\/wp-json\/wp\/v2\/product"}],"about":[{"href":"https:\/\/glotomania.com\/pt-pt\/wp-json\/wp\/v2\/types\/product"}],"replies":[{"embeddable":true,"href":"https:\/\/glotomania.com\/pt-pt\/wp-json\/wp\/v2\/comments?post=389692"}],"wp:featuredmedia":[{"embeddable":true,"href":"https:\/\/glotomania.com\/pt-pt\/wp-json\/wp\/v2\/media\/45521"}],"wp:attachment":[{"href":"https:\/\/glotomania.com\/pt-pt\/wp-json\/wp\/v2\/media?parent=389692"}],"wp:term":[{"taxonomy":"pwb-brand","embeddable":true,"href":"https:\/\/glotomania.com\/pt-pt\/wp-json\/wp\/v2\/pwb-brand?post=389692"},{"taxonomy":"product_brand","embeddable":true,"href":"https:\/\/glotomania.com\/pt-pt\/wp-json\/wp\/v2\/product_brand?post=389692"},{"taxonomy":"product_cat","embeddable":true,"href":"https:\/\/glotomania.com\/pt-pt\/wp-json\/wp\/v2\/product_cat?post=389692"},{"taxonomy":"product_tag","embeddable":true,"href":"https:\/\/glotomania.com\/pt-pt\/wp-json\/wp\/v2\/product_tag?post=389692"}],"curies":[{"name":"wp","href":"https:\/\/api.w.org\/{rel}","templated":true}]}}