{"id":389696,"date":"2025-09-02T10:49:03","date_gmt":"2025-09-02T10:49:03","guid":{"rendered":"https:\/\/glotomania.com\/p\/spray-velvet-efecto-terciopelo-funcakes-azul-cielo-100-ml-2\/"},"modified":"2026-03-31T16:28:53","modified_gmt":"2026-03-31T16:28:53","slug":"spray-velvet-efecto-terciopelo-funcakes-azul-cielo-100-ml-2","status":"publish","type":"product","link":"https:\/\/glotomania.com\/pt-pt\/p\/spray-velvet-efecto-terciopelo-funcakes-azul-cielo-100-ml-2\/","title":{"rendered":"Spray &#8220;velvet&#8221; Efeito Aveludado Funcakes &#8211; Azul Ceu (100 Ml)"},"content":{"rendered":"<p>&nbsp;<\/p>\n<p><span style=\"color:#000000\"><strong><span style=\"font-size: 14px\">Modo de utiliza&ccedil;&atilde;o:<\/span><\/strong><\/span><\/p>\n<ul>\n<li><span style=\"color:#000000\"><span style=\"font-size: 14px\">Manter &agrave; temperatura ambiente 20 &#8211; 25 &deg;C cerca de 2 h antes da utiliza&ccedil;&atilde;o.&nbsp;<\/span><\/span><\/li>\n<li><span style=\"color:#000000\"><span style=\"font-size: 14px\">Agitar bem e aquecer a lata em &aacute;gua quente entre 25 &#8211; 35 &deg;C.&nbsp;<\/span><\/span><\/li>\n<li><span style=\"color:#000000\"><span style=\"font-size: 14px\">Pulverizar uma camada uniforme sobre uma superf&iacute;cie congelada a uma dist&acirc;ncia de 20 &#8211; 25 cm.&nbsp;<\/span><\/span><\/li>\n<li><span style=\"color:#000000\"><span style=\"font-size: 14px\">O tempo de endurecimento recomendado antes da utiliza&ccedil;&atilde;o &eacute; de 4 horas.&nbsp;<\/span><\/span><\/li>\n<li><span style=\"color:#000000\"><span style=\"font-size: 14px\">Ap&oacute;s a utiliza&ccedil;&atilde;o, virar a lata de cabe&ccedil;a para baixo e pulverizar durante alguns segundos para a limpar.<\/span><\/span><\/li>\n<li><span style=\"color:#000000\"><span style=\"font-size: 14px\">Limpar o bico com &aacute;gua morna se n&atilde;o&nbsp;pulverizar uniformemente.<\/span><\/span><\/li>\n<\/ul>\n<p><span style=\"color:#000000\"><span style=\"font-size: 14px\"><strong>Dosagem m&aacute;xima recomendada:<\/strong>&nbsp;62 g \/ kg.<\/span><\/span><\/p>\n","protected":false},"excerpt":{"rendered":"<p>D\u00ea um belo efeito de veludo \u00e0s suas cria\u00e7\u00f5es com este fant\u00e1stico spray de veludo da Funcakes.<\/p>\n","protected":false},"featured_media":350816,"comment_status":"open","ping_status":"closed","template":"","meta":{"_acf_changed":false},"pwb-brand":[],"product_brand":[],"product_cat":[2908,2911,2953,2962,2907,2997,2999,2996,3001,1835,1898,1832,1901,1902,1845,1862,1885,1849],"product_tag":[],"class_list":{"0":"post-389696","1":"product","2":"type-product","3":"status-publish","4":"has-post-thumbnail","6":"product_cat-batizados","7":"product_cat-comunhoes","8":"product_cat-corantes-e-pinturas","9":"product_cat-corantes-em-spray","10":"product_cat-festas","11":"product_cat-halal","12":"product_cat-kosher-2","13":"product_cat-produtos-vegetarianos","14":"product_cat-sem-e-171-2","15":"product_cat-colorantes","16":"product_cat-colorantes-spray","17":"product_cat-diestas-especiales","18":"product_cat-dieta-halal","19":"product_cat-dieta-kosher","20":"product_cat-dieta-sin-e-171","21":"product_cat-comuniones","22":"product_cat-bautizos","23":"product_cat-fiestas","25":"first","26":"instock","27":"taxable","28":"shipping-taxable","29":"purchasable","30":"product-type-simple"},"acf":[],"df_price":7.95,"df_sale_price":"","df_regular_price":7.95,"df_image_link":"https:\/\/glotomania.com\/wp-content\/uploads\/2025\/11\/img_22829_ced9ef0a9cd89849f5490fa08906119e_1-46-300x300.jpg","brands":[],"_links":{"self":[{"href":"https:\/\/glotomania.com\/pt-pt\/wp-json\/wp\/v2\/product\/389696","targetHints":{"allow":["GET"]}}],"collection":[{"href":"https:\/\/glotomania.com\/pt-pt\/wp-json\/wp\/v2\/product"}],"about":[{"href":"https:\/\/glotomania.com\/pt-pt\/wp-json\/wp\/v2\/types\/product"}],"replies":[{"embeddable":true,"href":"https:\/\/glotomania.com\/pt-pt\/wp-json\/wp\/v2\/comments?post=389696"}],"wp:featuredmedia":[{"embeddable":true,"href":"https:\/\/glotomania.com\/pt-pt\/wp-json\/wp\/v2\/media\/350816"}],"wp:attachment":[{"href":"https:\/\/glotomania.com\/pt-pt\/wp-json\/wp\/v2\/media?parent=389696"}],"wp:term":[{"taxonomy":"pwb-brand","embeddable":true,"href":"https:\/\/glotomania.com\/pt-pt\/wp-json\/wp\/v2\/pwb-brand?post=389696"},{"taxonomy":"product_brand","embeddable":true,"href":"https:\/\/glotomania.com\/pt-pt\/wp-json\/wp\/v2\/product_brand?post=389696"},{"taxonomy":"product_cat","embeddable":true,"href":"https:\/\/glotomania.com\/pt-pt\/wp-json\/wp\/v2\/product_cat?post=389696"},{"taxonomy":"product_tag","embeddable":true,"href":"https:\/\/glotomania.com\/pt-pt\/wp-json\/wp\/v2\/product_tag?post=389696"}],"curies":[{"name":"wp","href":"https:\/\/api.w.org\/{rel}","templated":true}]}}