{"id":389697,"date":"2025-09-02T10:49:04","date_gmt":"2025-09-02T10:49:04","guid":{"rendered":"https:\/\/glotomania.com\/p\/spray-metalico-funcakes-perla-brillante-100-ml-2\/"},"modified":"2026-03-12T16:04:07","modified_gmt":"2026-03-12T16:04:07","slug":"spray-metalico-funcakes-perla-brillante-100-ml-2","status":"publish","type":"product","link":"https:\/\/glotomania.com\/pt-pt\/p\/spray-metalico-funcakes-perla-brillante-100-ml-2\/","title":{"rendered":"Spray Met\u00c1lico Funcakes &#8211; P\u00c9rola Brilhante (100 Ml)"},"content":{"rendered":"<p>&nbsp;<\/p>\n<p><span style=\"font-size:14px\">Adequado para a decora&ccedil;&atilde;o de chocolate, cremes, fondant, pasta de goma, pasta de modela&ccedil;&atilde;o e ma&ccedil;ap&atilde;o. A purpurina seca completamente na superf&iacute;cie, acabaram-se as marcas de impress&otilde;es digitais ao tocar na obra!<\/span><\/p>\n<p><span style=\"font-size:14px\"><strong>Modo de utiliza&ccedil;&atilde;o:<\/strong><\/span><\/p>\n<ul>\n<li>Agitar bem antes de utilizar. Pulverizar uma camada homog&eacute;nea sobre a superf&iacute;cie a uma dist&acirc;ncia de 20 cm.&nbsp;<\/li>\n<li><span style=\"font-size:14px\">O tempo de secagem recomendado antes da utiliza&ccedil;&atilde;o &eacute; de 4 horas.&nbsp;<\/span><\/li>\n<li><span style=\"font-size:14px\">Ap&oacute;s a utiliza&ccedil;&atilde;o, virar a lata de spray ao contr&aacute;rio e pulverizar durante alguns segundos para limpar.<\/span><\/li>\n<\/ul>\n<p><span style=\"font-size:14px\"><em>A cor do produto pode apresentar ligeiras varia&ccedil;&otilde;es devido &agrave;s caracter&iacute;sticas das mat&eacute;rias-primas.<\/em><\/span><\/p>\n","protected":false},"excerpt":{"rendered":"<p>D\u00ea um acabamento brilhante \u00e0s suas cria\u00e7\u00f5es com este fant\u00e1stico spray met\u00e1lico da Funcakes.<\/p>\n","protected":false},"featured_media":345668,"comment_status":"open","ping_status":"closed","template":"","meta":{"_acf_changed":false},"pwb-brand":[],"product_brand":[],"product_cat":[2910,2953,2962,2907,2999,2920,2996,3001,1835,1898,1832,1902,1845,1888,1849,1866],"product_tag":[],"class_list":{"0":"post-389697","1":"product","2":"type-product","3":"status-publish","4":"has-post-thumbnail","6":"product_cat-casamentos-2","7":"product_cat-corantes-e-pinturas","8":"product_cat-corantes-em-spray","9":"product_cat-festas","10":"product_cat-kosher-2","11":"product_cat-natal-2","12":"product_cat-produtos-vegetarianos","13":"product_cat-sem-e-171-2","14":"product_cat-colorantes","15":"product_cat-colorantes-spray","16":"product_cat-diestas-especiales","17":"product_cat-dieta-kosher","18":"product_cat-dieta-sin-e-171","19":"product_cat-bodas","20":"product_cat-fiestas","21":"product_cat-navidad","23":"first","24":"instock","25":"taxable","26":"shipping-taxable","27":"purchasable","28":"product-type-simple"},"acf":[],"df_price":8.99,"df_sale_price":"","df_regular_price":8.99,"df_image_link":"https:\/\/glotomania.com\/wp-content\/uploads\/2025\/11\/img_22831_0a6d0b6f6629133dfa410eff7d31052f_1-30-300x300.jpg","brands":[],"_links":{"self":[{"href":"https:\/\/glotomania.com\/pt-pt\/wp-json\/wp\/v2\/product\/389697","targetHints":{"allow":["GET"]}}],"collection":[{"href":"https:\/\/glotomania.com\/pt-pt\/wp-json\/wp\/v2\/product"}],"about":[{"href":"https:\/\/glotomania.com\/pt-pt\/wp-json\/wp\/v2\/types\/product"}],"replies":[{"embeddable":true,"href":"https:\/\/glotomania.com\/pt-pt\/wp-json\/wp\/v2\/comments?post=389697"}],"wp:featuredmedia":[{"embeddable":true,"href":"https:\/\/glotomania.com\/pt-pt\/wp-json\/wp\/v2\/media\/345668"}],"wp:attachment":[{"href":"https:\/\/glotomania.com\/pt-pt\/wp-json\/wp\/v2\/media?parent=389697"}],"wp:term":[{"taxonomy":"pwb-brand","embeddable":true,"href":"https:\/\/glotomania.com\/pt-pt\/wp-json\/wp\/v2\/pwb-brand?post=389697"},{"taxonomy":"product_brand","embeddable":true,"href":"https:\/\/glotomania.com\/pt-pt\/wp-json\/wp\/v2\/product_brand?post=389697"},{"taxonomy":"product_cat","embeddable":true,"href":"https:\/\/glotomania.com\/pt-pt\/wp-json\/wp\/v2\/product_cat?post=389697"},{"taxonomy":"product_tag","embeddable":true,"href":"https:\/\/glotomania.com\/pt-pt\/wp-json\/wp\/v2\/product_tag?post=389697"}],"curies":[{"name":"wp","href":"https:\/\/api.w.org\/{rel}","templated":true}]}}