{"id":389704,"date":"2025-09-02T10:49:08","date_gmt":"2025-09-02T10:49:08","guid":{"rendered":"https:\/\/glotomania.com\/p\/set-para-decorar-galletas-de-navidad-wilton-2\/"},"modified":"2026-04-19T00:02:55","modified_gmt":"2026-04-19T00:02:55","slug":"set-para-decorar-galletas-de-navidad-wilton-2","status":"publish","type":"product","link":"https:\/\/glotomania.com\/pt-pt\/p\/set-para-decorar-galletas-de-navidad-wilton-2\/","title":{"rendered":"Conjunto De Decora\u00c7\u00c3o De Biscoitos De Natal &#8211; Wilton"},"content":{"rendered":"<p>&nbsp;<\/p>\n<p><span style=\"font-size:14px\">O conjunto inclui:&nbsp;<\/span><\/p>\n<ul>\n<li><span style=\"font-size:14px\">8 sacos de pasteleiro descart&aacute;veis de 30 cm.<\/span><\/li>\n<li><span style=\"font-size:14px\">Bicos redondos: #3 e #5.<\/span><\/li>\n<li><span style=\"font-size:14px\">Bico estrela aberto: #14.<\/span><\/li>\n<li><span style=\"font-size:14px\">Bico de p&eacute;tala: #101.<\/span><\/li>\n<\/ul>\n","protected":false},"excerpt":{"rendered":"<p>Fa\u00e7a fant\u00e1sticos e deliciosos biscoitos de Natal com este pr\u00e1tico kit de decora\u00e7\u00e3o da Wilton (inclui 8 sacos de pasteleiro e 4 bicos).<\/p>\n","protected":false},"featured_media":350820,"comment_status":"open","ping_status":"closed","template":"","meta":{"_acf_changed":false},"pwb-brand":[],"product_brand":[],"product_cat":[2907,2920,3087,3157,3231,1770,1849,1866,1994,1767],"product_tag":[],"class_list":{"0":"post-389704","1":"product","2":"type-product","3":"status-publish","4":"has-post-thumbnail","6":"product_cat-festas","7":"product_cat-natal-2","8":"product_cat-ordem-e-armazenamento","9":"product_cat-sets-de-bicos","10":"product_cat-utensilios-para-bolachas","11":"product_cat-boquilas","12":"product_cat-fiestas","13":"product_cat-navidad","14":"product_cat-utensilios-galletas","15":"product_cat-utensilios","17":"first","18":"instock","19":"taxable","20":"shipping-taxable","21":"purchasable","22":"product-type-simple"},"acf":[],"df_price":5.9,"df_sale_price":5.9,"df_regular_price":8.43,"df_image_link":"https:\/\/glotomania.com\/wp-content\/uploads\/2025\/11\/img_22845_5accd21bc3287c89a3b5a2525b1a3dcb_1-36-300x300.jpg","brands":[],"_links":{"self":[{"href":"https:\/\/glotomania.com\/pt-pt\/wp-json\/wp\/v2\/product\/389704","targetHints":{"allow":["GET"]}}],"collection":[{"href":"https:\/\/glotomania.com\/pt-pt\/wp-json\/wp\/v2\/product"}],"about":[{"href":"https:\/\/glotomania.com\/pt-pt\/wp-json\/wp\/v2\/types\/product"}],"replies":[{"embeddable":true,"href":"https:\/\/glotomania.com\/pt-pt\/wp-json\/wp\/v2\/comments?post=389704"}],"wp:featuredmedia":[{"embeddable":true,"href":"https:\/\/glotomania.com\/pt-pt\/wp-json\/wp\/v2\/media\/350820"}],"wp:attachment":[{"href":"https:\/\/glotomania.com\/pt-pt\/wp-json\/wp\/v2\/media?parent=389704"}],"wp:term":[{"taxonomy":"pwb-brand","embeddable":true,"href":"https:\/\/glotomania.com\/pt-pt\/wp-json\/wp\/v2\/pwb-brand?post=389704"},{"taxonomy":"product_brand","embeddable":true,"href":"https:\/\/glotomania.com\/pt-pt\/wp-json\/wp\/v2\/product_brand?post=389704"},{"taxonomy":"product_cat","embeddable":true,"href":"https:\/\/glotomania.com\/pt-pt\/wp-json\/wp\/v2\/product_cat?post=389704"},{"taxonomy":"product_tag","embeddable":true,"href":"https:\/\/glotomania.com\/pt-pt\/wp-json\/wp\/v2\/product_tag?post=389704"}],"curies":[{"name":"wp","href":"https:\/\/api.w.org\/{rel}","templated":true}]}}