{"id":389711,"date":"2025-09-02T10:49:17","date_gmt":"2025-09-02T10:49:17","guid":{"rendered":"https:\/\/glotomania.com\/p\/p-caduc-sprinkles-wilton-bastones-de-caramelo-56-g\/"},"modified":"2026-03-10T22:04:56","modified_gmt":"2026-03-10T22:04:56","slug":"p-caduc-sprinkles-wilton-bastones-de-caramelo-56-g","status":"publish","type":"product","link":"https:\/\/glotomania.com\/pt-pt\/p\/p-caduc-sprinkles-wilton-bastones-de-caramelo-56-g\/","title":{"rendered":"Sprinkles Wilton &#8211; Bengala Doce De Natal (56 G)"},"content":{"rendered":"<p>.<\/p>\n","protected":false},"excerpt":{"rendered":"<p>Decorar suas elabora\u00e7\u00f5es de Natal com esta fant\u00e1stica e colorida mistura de doces de cana-de-a\u00e7\u00facar.<\/p>\n","protected":false},"featured_media":350830,"comment_status":"open","ping_status":"closed","template":"","meta":{"_acf_changed":false},"pwb-brand":[],"product_brand":[],"product_cat":[2979,2982,2907,2920,2996,3001,1839,1840,1832,1845,1849,1866],"product_tag":[],"class_list":{"0":"post-389711","1":"product","2":"type-product","3":"status-publish","4":"has-post-thumbnail","6":"product_cat-decoracoes-comestiveis-2","7":"product_cat-decoracoes-de-acucar","8":"product_cat-festas","9":"product_cat-natal-2","10":"product_cat-produtos-vegetarianos","11":"product_cat-sem-e-171-2","12":"product_cat-decoracion-comestible","13":"product_cat-decoraciones-azucar-comestibles","14":"product_cat-diestas-especiales","15":"product_cat-dieta-sin-e-171","16":"product_cat-fiestas","17":"product_cat-navidad","19":"first","20":"outofstock","21":"taxable","22":"shipping-taxable","23":"purchasable","24":"product-type-simple"},"acf":[],"df_price":3.44,"df_sale_price":"","df_regular_price":3.44,"df_image_link":"https:\/\/glotomania.com\/wp-content\/uploads\/2025\/11\/img_22858_1bd6f8ea5a0588352c1d0e8de7b6d81e_1-30-300x300.jpg","brands":[],"_links":{"self":[{"href":"https:\/\/glotomania.com\/pt-pt\/wp-json\/wp\/v2\/product\/389711","targetHints":{"allow":["GET"]}}],"collection":[{"href":"https:\/\/glotomania.com\/pt-pt\/wp-json\/wp\/v2\/product"}],"about":[{"href":"https:\/\/glotomania.com\/pt-pt\/wp-json\/wp\/v2\/types\/product"}],"replies":[{"embeddable":true,"href":"https:\/\/glotomania.com\/pt-pt\/wp-json\/wp\/v2\/comments?post=389711"}],"wp:featuredmedia":[{"embeddable":true,"href":"https:\/\/glotomania.com\/pt-pt\/wp-json\/wp\/v2\/media\/350830"}],"wp:attachment":[{"href":"https:\/\/glotomania.com\/pt-pt\/wp-json\/wp\/v2\/media?parent=389711"}],"wp:term":[{"taxonomy":"pwb-brand","embeddable":true,"href":"https:\/\/glotomania.com\/pt-pt\/wp-json\/wp\/v2\/pwb-brand?post=389711"},{"taxonomy":"product_brand","embeddable":true,"href":"https:\/\/glotomania.com\/pt-pt\/wp-json\/wp\/v2\/product_brand?post=389711"},{"taxonomy":"product_cat","embeddable":true,"href":"https:\/\/glotomania.com\/pt-pt\/wp-json\/wp\/v2\/product_cat?post=389711"},{"taxonomy":"product_tag","embeddable":true,"href":"https:\/\/glotomania.com\/pt-pt\/wp-json\/wp\/v2\/product_tag?post=389711"}],"curies":[{"name":"wp","href":"https:\/\/api.w.org\/{rel}","templated":true}]}}