{"id":389712,"date":"2025-09-02T10:49:18","date_gmt":"2025-09-02T10:49:18","guid":{"rendered":"https:\/\/glotomania.com\/p\/p-caduc-sprinkles-wilton-arboles-y-calcetines-56-g\/"},"modified":"2026-03-10T22:04:57","modified_gmt":"2026-03-10T22:04:57","slug":"p-caduc-sprinkles-wilton-arboles-y-calcetines-56-g","status":"publish","type":"product","link":"https:\/\/glotomania.com\/pt-pt\/p\/p-caduc-sprinkles-wilton-arboles-y-calcetines-56-g\/","title":{"rendered":"Wilton Sprinkles &#8211; \u00c1rvores E Meias (56 G)"},"content":{"rendered":"<p>.<\/p>\n","protected":false},"excerpt":{"rendered":"<p>Decore as suas cria\u00e7\u00f5es de Natal com esta fant\u00e1stica e colorida mistura de granulados para \u00e1rvores e meias.<\/p>\n","protected":false},"featured_media":350833,"comment_status":"open","ping_status":"closed","template":"","meta":{"_acf_changed":false},"pwb-brand":[],"product_brand":[],"product_cat":[1839,1840,2979,2982,1832,2907,1845,2920,2996,1849,1866,3001],"product_tag":[],"class_list":{"0":"post-389712","1":"product","2":"type-product","3":"status-publish","4":"has-post-thumbnail","6":"product_cat-decoracion-comestible","7":"product_cat-decoraciones-azucar-comestibles","8":"product_cat-decoracoes-comestiveis-2","9":"product_cat-decoracoes-de-acucar","10":"product_cat-diestas-especiales","11":"product_cat-festas","12":"product_cat-dieta-sin-e-171","13":"product_cat-natal-2","14":"product_cat-produtos-vegetarianos","15":"product_cat-fiestas","16":"product_cat-navidad","17":"product_cat-sem-e-171-2","19":"first","20":"outofstock","21":"taxable","22":"shipping-taxable","23":"purchasable","24":"product-type-simple"},"acf":[],"df_price":3.44,"df_sale_price":"","df_regular_price":3.44,"df_image_link":"https:\/\/glotomania.com\/wp-content\/uploads\/2025\/11\/img_22864_d4de3f2a728e137d24ef6e016747b5fb_1-40-300x300.jpg","brands":[],"_links":{"self":[{"href":"https:\/\/glotomania.com\/pt-pt\/wp-json\/wp\/v2\/product\/389712","targetHints":{"allow":["GET"]}}],"collection":[{"href":"https:\/\/glotomania.com\/pt-pt\/wp-json\/wp\/v2\/product"}],"about":[{"href":"https:\/\/glotomania.com\/pt-pt\/wp-json\/wp\/v2\/types\/product"}],"replies":[{"embeddable":true,"href":"https:\/\/glotomania.com\/pt-pt\/wp-json\/wp\/v2\/comments?post=389712"}],"wp:featuredmedia":[{"embeddable":true,"href":"https:\/\/glotomania.com\/pt-pt\/wp-json\/wp\/v2\/media\/350833"}],"wp:attachment":[{"href":"https:\/\/glotomania.com\/pt-pt\/wp-json\/wp\/v2\/media?parent=389712"}],"wp:term":[{"taxonomy":"pwb-brand","embeddable":true,"href":"https:\/\/glotomania.com\/pt-pt\/wp-json\/wp\/v2\/pwb-brand?post=389712"},{"taxonomy":"product_brand","embeddable":true,"href":"https:\/\/glotomania.com\/pt-pt\/wp-json\/wp\/v2\/product_brand?post=389712"},{"taxonomy":"product_cat","embeddable":true,"href":"https:\/\/glotomania.com\/pt-pt\/wp-json\/wp\/v2\/product_cat?post=389712"},{"taxonomy":"product_tag","embeddable":true,"href":"https:\/\/glotomania.com\/pt-pt\/wp-json\/wp\/v2\/product_tag?post=389712"}],"curies":[{"name":"wp","href":"https:\/\/api.w.org\/{rel}","templated":true}]}}