{"id":389727,"date":"2025-09-02T10:49:27","date_gmt":"2025-09-02T10:49:27","guid":{"rendered":"https:\/\/glotomania.com\/p\/vela-solidaria-doble-deseo-dekora-numero-7-2\/"},"modified":"2026-04-15T17:49:00","modified_gmt":"2026-04-15T17:49:00","slug":"vela-solidaria-doble-deseo-dekora-numero-7-2","status":"publish","type":"product","link":"https:\/\/glotomania.com\/pt-pt\/p\/vela-solidaria-doble-deseo-dekora-numero-7-2\/","title":{"rendered":"Vela Solid\u00c1ria &#8220;duplo Desejo&#8221; Dekora &#8211; Numero 7"},"content":{"rendered":"<p>&nbsp;<\/p>\n<div><span style=\"font-size: 14px\"><u><strong>Composi&ccedil;&atilde;o:<\/strong><\/u><br \/>\nCera de parafina sem perfume, tinta de revestimento, pavio sem chumbo, pl&aacute;stico de qualidade alimentar.<\/span><\/div>\n<div>\n<span style=\"font-size: 14px\"><em>Regulamento&nbsp;<strong>(UE) 10\/2011<\/strong>: materiais pl&aacute;sticos destinados a entrar em contacto com g&eacute;neros aliment&iacute;cios.&nbsp;<\/em><\/span><\/div>\n<div>&nbsp;<\/div>\n<div><span style=\"font-size: 14px\"><strong>Dimens&otilde;es aproximadas:&nbsp;<\/strong>9,5 cm.<\/span><\/div>\n<div>&nbsp;<\/div>\n<div><span style=\"font-size: 14px\"><u><strong>Armazenamento:&nbsp;<\/strong><\/u>&eacute; essencial mant&ecirc;-lo na sua embalagem e caixa originais durante o armazenamento.<\/span><\/div>\n<div>&nbsp;<\/div>\n<div><span style=\"font-size: 14px\">Manter abaixo do ponto de fus&atilde;o: 56-58 &ordm;C.<\/span><\/div>\n","protected":false},"excerpt":{"rendered":"<p>Vela solid\u00e1ria da Dekora em colabora\u00e7\u00e3o com a Fundaci\u00f3n Peque\u00f1o Deseo, com um pavio duplo para que possa ter um duplo desejo quando a apaga.<\/p>\n","protected":false},"featured_media":345735,"comment_status":"open","ping_status":"closed","template":"","meta":{"_acf_changed":false},"pwb-brand":[],"product_brand":[],"product_cat":[1792,3200,3087,1767,3210,1797,3209,1795],"product_tag":[],"class_list":{"0":"post-389727","1":"product","2":"type-product","3":"status-publish","4":"has-post-thumbnail","6":"product_cat-decoracion-no-comestible","7":"product_cat-decoracoes-nao-comestiveis","8":"product_cat-ordem-e-armazenamento","9":"product_cat-utensilios","10":"product_cat-velas-de-numeros","11":"product_cat-velas-numeros","12":"product_cat-velas-para-bolos","13":"product_cat-velas","15":"first","16":"instock","17":"taxable","18":"shipping-taxable","19":"purchasable","20":"product-type-simple"},"acf":[],"df_price":1.37,"df_sale_price":"","df_regular_price":1.37,"df_image_link":"https:\/\/glotomania.com\/wp-content\/uploads\/2025\/11\/img_22903_e23fb90b33d362e0b1aab79ed5c8c2f6_1-39-300x300.jpg","brands":[],"_links":{"self":[{"href":"https:\/\/glotomania.com\/pt-pt\/wp-json\/wp\/v2\/product\/389727","targetHints":{"allow":["GET"]}}],"collection":[{"href":"https:\/\/glotomania.com\/pt-pt\/wp-json\/wp\/v2\/product"}],"about":[{"href":"https:\/\/glotomania.com\/pt-pt\/wp-json\/wp\/v2\/types\/product"}],"replies":[{"embeddable":true,"href":"https:\/\/glotomania.com\/pt-pt\/wp-json\/wp\/v2\/comments?post=389727"}],"wp:featuredmedia":[{"embeddable":true,"href":"https:\/\/glotomania.com\/pt-pt\/wp-json\/wp\/v2\/media\/345735"}],"wp:attachment":[{"href":"https:\/\/glotomania.com\/pt-pt\/wp-json\/wp\/v2\/media?parent=389727"}],"wp:term":[{"taxonomy":"pwb-brand","embeddable":true,"href":"https:\/\/glotomania.com\/pt-pt\/wp-json\/wp\/v2\/pwb-brand?post=389727"},{"taxonomy":"product_brand","embeddable":true,"href":"https:\/\/glotomania.com\/pt-pt\/wp-json\/wp\/v2\/product_brand?post=389727"},{"taxonomy":"product_cat","embeddable":true,"href":"https:\/\/glotomania.com\/pt-pt\/wp-json\/wp\/v2\/product_cat?post=389727"},{"taxonomy":"product_tag","embeddable":true,"href":"https:\/\/glotomania.com\/pt-pt\/wp-json\/wp\/v2\/product_tag?post=389727"}],"curies":[{"name":"wp","href":"https:\/\/api.w.org\/{rel}","templated":true}]}}