{"id":389733,"date":"2025-09-02T10:49:30","date_gmt":"2025-09-02T10:49:30","guid":{"rendered":"https:\/\/glotomania.com\/p\/colorante-en-polvo-y-aroma-scrapcooking-verde-manzana-10-g-2\/"},"modified":"2026-03-31T13:49:22","modified_gmt":"2026-03-31T13:49:22","slug":"colorante-en-polvo-y-aroma-scrapcooking-verde-manzana-10-g-2","status":"publish","type":"product","link":"https:\/\/glotomania.com\/pt-pt\/p\/colorante-en-polvo-y-aroma-scrapcooking-verde-manzana-10-g-2\/","title":{"rendered":"Corante Em P\u00d3 E Aromatizante Scrapcooking &#8211; Verde \/ Ma\u00c7\u00c3 (10 G)"},"content":{"rendered":"<p>\u00a0<\/p>\n<p><span style=\"font-size: 14px\">Corante em p\u00f3 com sabor a ma\u00e7a, ideal para prepara\u00e7\u00f5es frias como coberturas, gelados e toppings, tamb\u00e9m perfeito para bolos, cremes de manteiga, bebidas, gomas, doces, macarons, iogurtes,&#8230;<\/span><\/p>\n<p><span style=\"font-size: 14px\"><strong>Dosagem m\u00e1xima recomendada:\u00a0<\/strong>22 g por 1 kg de massa.<\/span><\/p>\n<p><em><span style=\"font-size: 14px\">Este produto n\u00e3o est\u00e1 dispon\u00edvel para a B\u00e9lgica, Fran\u00e7a e Su\u00ed\u00e7a.<\/span><\/em><\/p>\n","protected":false},"excerpt":{"rendered":"<p>Corante em p\u00f3 2 em 1 Scrapcooking, ideal para colorir e aromatizar as nossas sobremesas.<\/p>\n","protected":false},"featured_media":338583,"comment_status":"open","ping_status":"closed","template":"","meta":{"_acf_changed":false},"pwb-brand":[],"product_brand":[],"product_cat":[2943,2947,2953,2961,2907,2921,2996,3001,1937,1830,1835,1894,1832,1845,1849,1858],"product_tag":[],"class_list":{"0":"post-389733","1":"product","2":"type-product","3":"status-publish","4":"has-post-thumbnail","6":"product_cat-aromas-e-extractos","7":"product_cat-aromas-em-po","8":"product_cat-corantes-e-pinturas","9":"product_cat-corantes-em-po-2","10":"product_cat-festas","11":"product_cat-pascoa","12":"product_cat-produtos-vegetarianos","13":"product_cat-sem-e-171-2","14":"product_cat-aroma-polvo","15":"product_cat-aromas-y-extractos","16":"product_cat-colorantes","17":"product_cat-colorantes-polvo","18":"product_cat-diestas-especiales","19":"product_cat-dieta-sin-e-171","20":"product_cat-fiestas","21":"product_cat-pascua","23":"first","24":"instock","25":"taxable","26":"shipping-taxable","27":"purchasable","28":"product-type-simple"},"acf":[],"df_price":3.99,"df_sale_price":"","df_regular_price":3.99,"df_image_link":"https:\/\/glotomania.com\/wp-content\/uploads\/2025\/11\/img_22913_69f544ad72a8470594c3b210e1fcbd15_1-37-300x300.jpg","brands":[],"_links":{"self":[{"href":"https:\/\/glotomania.com\/pt-pt\/wp-json\/wp\/v2\/product\/389733","targetHints":{"allow":["GET"]}}],"collection":[{"href":"https:\/\/glotomania.com\/pt-pt\/wp-json\/wp\/v2\/product"}],"about":[{"href":"https:\/\/glotomania.com\/pt-pt\/wp-json\/wp\/v2\/types\/product"}],"replies":[{"embeddable":true,"href":"https:\/\/glotomania.com\/pt-pt\/wp-json\/wp\/v2\/comments?post=389733"}],"wp:featuredmedia":[{"embeddable":true,"href":"https:\/\/glotomania.com\/pt-pt\/wp-json\/wp\/v2\/media\/338583"}],"wp:attachment":[{"href":"https:\/\/glotomania.com\/pt-pt\/wp-json\/wp\/v2\/media?parent=389733"}],"wp:term":[{"taxonomy":"pwb-brand","embeddable":true,"href":"https:\/\/glotomania.com\/pt-pt\/wp-json\/wp\/v2\/pwb-brand?post=389733"},{"taxonomy":"product_brand","embeddable":true,"href":"https:\/\/glotomania.com\/pt-pt\/wp-json\/wp\/v2\/product_brand?post=389733"},{"taxonomy":"product_cat","embeddable":true,"href":"https:\/\/glotomania.com\/pt-pt\/wp-json\/wp\/v2\/product_cat?post=389733"},{"taxonomy":"product_tag","embeddable":true,"href":"https:\/\/glotomania.com\/pt-pt\/wp-json\/wp\/v2\/product_tag?post=389733"}],"curies":[{"name":"wp","href":"https:\/\/api.w.org\/{rel}","templated":true}]}}