{"id":389754,"date":"2025-09-02T10:50:09","date_gmt":"2025-09-02T10:50:09","guid":{"rendered":"https:\/\/glotomania.com\/p\/colorante-en-gel-colour-mill-rosa-chicle-candy-20-ml-2\/"},"modified":"2026-03-10T22:06:07","modified_gmt":"2026-03-10T22:06:07","slug":"colorante-en-gel-colour-mill-rosa-chicle-candy-20-ml-2","status":"publish","type":"product","link":"https:\/\/glotomania.com\/pt-pt\/p\/colorante-en-gel-colour-mill-rosa-chicle-candy-20-ml-2\/","title":{"rendered":"Corante Em Gel Colour Mill. &#8211; Rosa Chiclete \/ Candy (20 Ml)"},"content":{"rendered":"<p>&nbsp;<\/p>\n<p><span style=\"font-size: 14px\">Pigmento alimentar Colour Mill. &agrave; base de &aacute;gua (&quot;Aqua Blend&quot;) ideal para utiliza&ccedil;&atilde;o em bases sens&iacute;veis &agrave; gordura e ao &oacute;leo, tais como glac&eacute; real, macarons, macarons, pastas de a&ccedil;&uacute;car, bebidas,&#8230; e muito mais!<\/span><\/p>\n<p><span style=\"font-size: 14px\"><strong>Modo de utiliza&ccedil;&atilde;o:<\/strong><\/span><\/p>\n<ul>\n<li><span style=\"font-size: 14px\">Agitar bem antes de utilizar. O produto est&aacute; pronto a ser utilizado.&nbsp;<\/span><\/li>\n<li><span style=\"font-size: 14px\">Devido &agrave; sua elevada concentra&ccedil;&atilde;o, recomenda-se come&ccedil;ar com algumas gotas, aumentando a cor pouco a pouco enquanto mistura a massa, at&eacute; obter a tonalidade desejada.&nbsp;<\/span><\/li>\n<li><span style=\"font-size: 14px\"><strong>Dica:&nbsp;<\/strong>se tiver tempo suficiente, para obter melhores resultados, deixe a mistura repousar durante a noite.<\/span><\/li>\n<\/ul>\n","protected":false},"excerpt":{"rendered":"<p>Colour Mill. corante em gel \u00e0 base de \u00e1gua, ideal para utiliza\u00e7\u00e3o em produtos sens\u00edveis a \u00f3leos e gorduras que requerem um pigmento sol\u00favel em \u00e1gua, como glac\u00e9, macarons, merengues, fondant, bebidas,&#8230; e muito mais!<\/p>\n","protected":false},"featured_media":156264,"comment_status":"open","ping_status":"closed","template":"","meta":{"_acf_changed":false},"pwb-brand":[],"product_brand":[],"product_cat":[1852,1835,1897,2953,2957,1832,2907,1896,1845,1833,2996,1849,2924,3002,3001,3004],"product_tag":[],"class_list":{"0":"post-389754","1":"product","2":"type-product","3":"status-publish","4":"has-post-thumbnail","6":"product_cat-san-valentin","7":"product_cat-colorantes","8":"product_cat-colorantes-gel","9":"product_cat-corantes-e-pinturas","10":"product_cat-corantes-em-gel-2","11":"product_cat-diestas-especiales","12":"product_cat-festas","13":"product_cat-dieta-sin-azucar","14":"product_cat-dieta-sin-e-171","15":"product_cat-dieta-sin-gluten","16":"product_cat-produtos-vegetarianos","17":"product_cat-fiestas","18":"product_cat-sao-valentim-2","19":"product_cat-sem-acucar","20":"product_cat-sem-e-171-2","21":"product_cat-sem-gluten-2","23":"first","24":"instock","25":"taxable","26":"shipping-taxable","27":"purchasable","28":"product-type-simple"},"acf":[],"df_price":9.04,"df_sale_price":"","df_regular_price":9.04,"df_image_link":"https:\/\/glotomania.com\/wp-content\/uploads\/2025\/09\/img_23066_120ca9c7b1c681f8cf52d8560547a31a_1-300x300.png","brands":[],"_links":{"self":[{"href":"https:\/\/glotomania.com\/pt-pt\/wp-json\/wp\/v2\/product\/389754","targetHints":{"allow":["GET"]}}],"collection":[{"href":"https:\/\/glotomania.com\/pt-pt\/wp-json\/wp\/v2\/product"}],"about":[{"href":"https:\/\/glotomania.com\/pt-pt\/wp-json\/wp\/v2\/types\/product"}],"replies":[{"embeddable":true,"href":"https:\/\/glotomania.com\/pt-pt\/wp-json\/wp\/v2\/comments?post=389754"}],"wp:featuredmedia":[{"embeddable":true,"href":"https:\/\/glotomania.com\/pt-pt\/wp-json\/wp\/v2\/media\/156264"}],"wp:attachment":[{"href":"https:\/\/glotomania.com\/pt-pt\/wp-json\/wp\/v2\/media?parent=389754"}],"wp:term":[{"taxonomy":"pwb-brand","embeddable":true,"href":"https:\/\/glotomania.com\/pt-pt\/wp-json\/wp\/v2\/pwb-brand?post=389754"},{"taxonomy":"product_brand","embeddable":true,"href":"https:\/\/glotomania.com\/pt-pt\/wp-json\/wp\/v2\/product_brand?post=389754"},{"taxonomy":"product_cat","embeddable":true,"href":"https:\/\/glotomania.com\/pt-pt\/wp-json\/wp\/v2\/product_cat?post=389754"},{"taxonomy":"product_tag","embeddable":true,"href":"https:\/\/glotomania.com\/pt-pt\/wp-json\/wp\/v2\/product_tag?post=389754"}],"curies":[{"name":"wp","href":"https:\/\/api.w.org\/{rel}","templated":true}]}}