{"id":389760,"date":"2025-09-02T10:50:16","date_gmt":"2025-09-02T10:50:16","guid":{"rendered":"https:\/\/glotomania.com\/p\/caja-para-tarta-reversible-blanca-y-kraft-28-x-30-cm-2\/"},"modified":"2026-03-18T16:36:43","modified_gmt":"2026-03-18T16:36:43","slug":"caja-para-tarta-reversible-blanca-y-kraft-28-x-30-cm-2","status":"publish","type":"product","link":"https:\/\/glotomania.com\/pt-pt\/p\/caja-para-tarta-reversible-blanca-y-kraft-28-x-30-cm-2\/","title":{"rendered":"Caixa Para Bolos Revers\u00cdvel (branco E Kraft) &#8211; 28 X 30 Cm"},"content":{"rendered":"<p>&nbsp;<\/p>\n<p><span style=\"font-size:14px\">Podemos <strong>ajustar a parte inferior da caixa<\/strong> pressionando as <u>patilhas laterais<\/u> na base se precisarmos de tornar a caixa mais estreita.<\/span><\/p>\n<p><span style=\"font-size:14px\">Fabricada em cart&atilde;o resistente e de qualidade alimentar. &Eacute; revers&iacute;vel, pode ser montada em cor <strong>branca <\/strong>ou <strong>kraft<\/strong>.<\/span><\/p>\n<p><span style=\"font-size:14px\"><strong>Medidas: <\/strong>28 x 28 cm &#8211; Altura 30 cm.<\/span><\/p>\n","protected":false},"excerpt":{"rendered":"<p>Caixa de cart\u00e3o resistente ideal para bolos altos, \u00e9 revers\u00edvel, podemos mont\u00e1-la em branco ou em kraft castanho.<\/p>\n","protected":false},"featured_media":37479,"comment_status":"open","ping_status":"closed","template":"","meta":{"_acf_changed":false},"pwb-brand":[],"product_brand":[],"product_cat":[3158,3178,3087,1782,1783,1767],"product_tag":[],"class_list":{"0":"post-389760","1":"product","2":"type-product","3":"status-publish","4":"has-post-thumbnail","6":"product_cat-caixas-de-pastelaria","7":"product_cat-caixas-para-bolos-2","8":"product_cat-ordem-e-armazenamento","9":"product_cat-cajas","10":"product_cat-cajas-tartas","11":"product_cat-utensilios","13":"first","14":"instock","15":"taxable","16":"shipping-taxable","17":"purchasable","18":"product-type-simple"},"acf":[],"df_price":4.75,"df_sale_price":"","df_regular_price":4.75,"df_image_link":"https:\/\/glotomania.com\/wp-content\/uploads\/2024\/04\/img_23110_635b80e99008b31e93a0f36b0338e8c0_1-300x300.png","brands":[],"_links":{"self":[{"href":"https:\/\/glotomania.com\/pt-pt\/wp-json\/wp\/v2\/product\/389760","targetHints":{"allow":["GET"]}}],"collection":[{"href":"https:\/\/glotomania.com\/pt-pt\/wp-json\/wp\/v2\/product"}],"about":[{"href":"https:\/\/glotomania.com\/pt-pt\/wp-json\/wp\/v2\/types\/product"}],"replies":[{"embeddable":true,"href":"https:\/\/glotomania.com\/pt-pt\/wp-json\/wp\/v2\/comments?post=389760"}],"wp:featuredmedia":[{"embeddable":true,"href":"https:\/\/glotomania.com\/pt-pt\/wp-json\/wp\/v2\/media\/37479"}],"wp:attachment":[{"href":"https:\/\/glotomania.com\/pt-pt\/wp-json\/wp\/v2\/media?parent=389760"}],"wp:term":[{"taxonomy":"pwb-brand","embeddable":true,"href":"https:\/\/glotomania.com\/pt-pt\/wp-json\/wp\/v2\/pwb-brand?post=389760"},{"taxonomy":"product_brand","embeddable":true,"href":"https:\/\/glotomania.com\/pt-pt\/wp-json\/wp\/v2\/product_brand?post=389760"},{"taxonomy":"product_cat","embeddable":true,"href":"https:\/\/glotomania.com\/pt-pt\/wp-json\/wp\/v2\/product_cat?post=389760"},{"taxonomy":"product_tag","embeddable":true,"href":"https:\/\/glotomania.com\/pt-pt\/wp-json\/wp\/v2\/product_tag?post=389760"}],"curies":[{"name":"wp","href":"https:\/\/api.w.org\/{rel}","templated":true}]}}