{"id":389761,"date":"2025-09-02T10:50:17","date_gmt":"2025-09-02T10:50:17","guid":{"rendered":"https:\/\/glotomania.com\/p\/caja-para-tarta-reversible-blanca-y-kraft-34-x-35-cm-2\/"},"modified":"2026-03-10T22:06:23","modified_gmt":"2026-03-10T22:06:23","slug":"caja-para-tarta-reversible-blanca-y-kraft-34-x-35-cm-2","status":"publish","type":"product","link":"https:\/\/glotomania.com\/pt-pt\/p\/caja-para-tarta-reversible-blanca-y-kraft-34-x-35-cm-2\/","title":{"rendered":"Caixa Para Bolos Revers\u00cdvel (branco E Kraft) &#8211; 34 X 35 Cm"},"content":{"rendered":"<p>&nbsp;<\/p>\n<p><span style=\"font-size: 14px\">Podemos&nbsp;<strong>ajustar a parte inferior da caixa<\/strong>&nbsp;pressionando as&nbsp;<u>patilhas laterais<\/u>&nbsp;na base se precisarmos de tornar a caixa mais estreita.<\/span><\/p>\n<p><span style=\"font-size: 14px\">Fabricada em cart&atilde;o resistente e de qualidade alimentar. &Eacute; revers&iacute;vel, pode ser montada em cor&nbsp;<strong>branca&nbsp;<\/strong>ou&nbsp;<strong>kraft<\/strong>.<\/span><\/p>\n<p><span style=\"font-size: 14px\"><strong>Medidas:&nbsp;<\/strong>34 x 34 cm &#8211; Altura 35 cm.<\/span><\/p>\n","protected":false},"excerpt":{"rendered":"<p>Caixa de cart\u00e3o resistente ideal para bolos altos, \u00e9 revers\u00edvel, podemos mont\u00e1-la em branco ou em kraft castanho.<\/p>\n","protected":false},"featured_media":39008,"comment_status":"open","ping_status":"closed","template":"","meta":{"_acf_changed":false},"pwb-brand":[],"product_brand":[],"product_cat":[3158,3178,1782,1783,3087,1767],"product_tag":[],"class_list":{"0":"post-389761","1":"product","2":"type-product","3":"status-publish","4":"has-post-thumbnail","6":"product_cat-caixas-de-pastelaria","7":"product_cat-caixas-para-bolos-2","8":"product_cat-cajas","9":"product_cat-cajas-tartas","10":"product_cat-ordem-e-armazenamento","11":"product_cat-utensilios","13":"first","14":"instock","15":"taxable","16":"shipping-taxable","17":"purchasable","18":"product-type-simple"},"acf":[],"df_price":5.76,"df_sale_price":"","df_regular_price":6.25,"df_image_link":"https:\/\/glotomania.com\/wp-content\/uploads\/2024\/04\/img_23113_36583d1b40d4a944b074749057856064_1-300x300.png","brands":[],"_links":{"self":[{"href":"https:\/\/glotomania.com\/pt-pt\/wp-json\/wp\/v2\/product\/389761","targetHints":{"allow":["GET"]}}],"collection":[{"href":"https:\/\/glotomania.com\/pt-pt\/wp-json\/wp\/v2\/product"}],"about":[{"href":"https:\/\/glotomania.com\/pt-pt\/wp-json\/wp\/v2\/types\/product"}],"replies":[{"embeddable":true,"href":"https:\/\/glotomania.com\/pt-pt\/wp-json\/wp\/v2\/comments?post=389761"}],"wp:featuredmedia":[{"embeddable":true,"href":"https:\/\/glotomania.com\/pt-pt\/wp-json\/wp\/v2\/media\/39008"}],"wp:attachment":[{"href":"https:\/\/glotomania.com\/pt-pt\/wp-json\/wp\/v2\/media?parent=389761"}],"wp:term":[{"taxonomy":"pwb-brand","embeddable":true,"href":"https:\/\/glotomania.com\/pt-pt\/wp-json\/wp\/v2\/pwb-brand?post=389761"},{"taxonomy":"product_brand","embeddable":true,"href":"https:\/\/glotomania.com\/pt-pt\/wp-json\/wp\/v2\/product_brand?post=389761"},{"taxonomy":"product_cat","embeddable":true,"href":"https:\/\/glotomania.com\/pt-pt\/wp-json\/wp\/v2\/product_cat?post=389761"},{"taxonomy":"product_tag","embeddable":true,"href":"https:\/\/glotomania.com\/pt-pt\/wp-json\/wp\/v2\/product_tag?post=389761"}],"curies":[{"name":"wp","href":"https:\/\/api.w.org\/{rel}","templated":true}]}}