{"id":389770,"date":"2025-09-02T10:50:23","date_gmt":"2025-09-02T10:50:23","guid":{"rendered":"https:\/\/glotomania.com\/p\/topper-para-tarta-dekora-felicidades-mama-2\/"},"modified":"2026-04-21T15:40:55","modified_gmt":"2026-04-21T15:40:55","slug":"topper-para-tarta-dekora-felicidades-mama-2","status":"publish","type":"product","link":"https:\/\/glotomania.com\/pt-pt\/p\/topper-para-tarta-dekora-felicidades-mama-2\/","title":{"rendered":"Topper Para Bolo Dekora &#8211; &#8220;felicidades Mama&#8221;"},"content":{"rendered":"<div>&nbsp;<\/div>\n<div><span style=\"font-size:14px\">Figura n&atilde;o comest&iacute;vel, deve ser retirada antes de comer o bolo.&nbsp;<br \/>\nProduto em pl&aacute;stico, PVC, com excelente acabamento.&nbsp;<\/span><\/div>\n<div>&nbsp;<\/div>\n<div><em><span style=\"font-size:14px\">Regulamento<strong> (UE) 1935\/2004<\/strong>: materiais e objectos destinados a entrar em contacto direto com os alimentos.&nbsp;<\/span><\/em><\/div>\n<div>\n<span style=\"font-size:14px\"><strong>Medidas:<\/strong> 5 x 206 x 130 mm.<\/span><\/div>\n<div>&nbsp;<\/div>\n<div><span style=\"font-size:14px\"><u><strong>Conserva&ccedil;&atilde;o:<\/strong><\/u> &eacute; essencial mant&ecirc;-lo na sua embalagem e caixa originais durante o armazenamento.<\/span><\/div>\n","protected":false},"excerpt":{"rendered":"<p>Elegante e bonita decora\u00e7\u00e3o dourada n\u00e3o comest\u00edvel, perfeita para coroar os nossos bolos mais especiais.<\/p>\n","protected":false},"featured_media":345786,"comment_status":"open","ping_status":"closed","template":"","meta":{"_acf_changed":false},"pwb-brand":[],"product_brand":[],"product_cat":[1792,3200,2913,2907,3087,1851,1849,3208,1793,1767],"product_tag":[],"class_list":{"0":"post-389770","1":"product","2":"type-product","3":"status-publish","4":"has-post-thumbnail","6":"product_cat-decoracion-no-comestible","7":"product_cat-decoracoes-nao-comestiveis","8":"product_cat-dia-das-maes","9":"product_cat-festas","10":"product_cat-ordem-e-armazenamento","11":"product_cat-dia-de-la-madre","12":"product_cat-fiestas","13":"product_cat-toppers-para-bolos","14":"product_cat-toppers","15":"product_cat-utensilios","17":"first","18":"instock","19":"taxable","20":"shipping-taxable","21":"purchasable","22":"product-type-simple"},"acf":[],"df_price":2.05,"df_sale_price":"","df_regular_price":2.05,"df_image_link":"https:\/\/glotomania.com\/wp-content\/uploads\/2025\/11\/img_23124_4dfbe74e8437047a65d11ba45057658f_1-36-300x300.jpg","brands":[],"_links":{"self":[{"href":"https:\/\/glotomania.com\/pt-pt\/wp-json\/wp\/v2\/product\/389770","targetHints":{"allow":["GET"]}}],"collection":[{"href":"https:\/\/glotomania.com\/pt-pt\/wp-json\/wp\/v2\/product"}],"about":[{"href":"https:\/\/glotomania.com\/pt-pt\/wp-json\/wp\/v2\/types\/product"}],"replies":[{"embeddable":true,"href":"https:\/\/glotomania.com\/pt-pt\/wp-json\/wp\/v2\/comments?post=389770"}],"wp:featuredmedia":[{"embeddable":true,"href":"https:\/\/glotomania.com\/pt-pt\/wp-json\/wp\/v2\/media\/345786"}],"wp:attachment":[{"href":"https:\/\/glotomania.com\/pt-pt\/wp-json\/wp\/v2\/media?parent=389770"}],"wp:term":[{"taxonomy":"pwb-brand","embeddable":true,"href":"https:\/\/glotomania.com\/pt-pt\/wp-json\/wp\/v2\/pwb-brand?post=389770"},{"taxonomy":"product_brand","embeddable":true,"href":"https:\/\/glotomania.com\/pt-pt\/wp-json\/wp\/v2\/product_brand?post=389770"},{"taxonomy":"product_cat","embeddable":true,"href":"https:\/\/glotomania.com\/pt-pt\/wp-json\/wp\/v2\/product_cat?post=389770"},{"taxonomy":"product_tag","embeddable":true,"href":"https:\/\/glotomania.com\/pt-pt\/wp-json\/wp\/v2\/product_tag?post=389770"}],"curies":[{"name":"wp","href":"https:\/\/api.w.org\/{rel}","templated":true}]}}