{"id":389771,"date":"2025-09-02T10:50:24","date_gmt":"2025-09-02T10:50:24","guid":{"rendered":"https:\/\/glotomania.com\/p\/topper-para-tarta-dekora-felicidades-papa-2\/"},"modified":"2026-03-10T22:06:42","modified_gmt":"2026-03-10T22:06:42","slug":"topper-para-tarta-dekora-felicidades-papa-2","status":"publish","type":"product","link":"https:\/\/glotomania.com\/pt-pt\/p\/topper-para-tarta-dekora-felicidades-papa-2\/","title":{"rendered":"Topper Para Bolo Dekora &#8211; &#8220;felicidades Papa&#8221;"},"content":{"rendered":"<p>&nbsp;<\/p>\n<div><span style=\"font-size: 14px\">Figura n&atilde;o comest&iacute;vel, deve ser retirada antes de comer o bolo.&nbsp;<br \/>\nProduto em pl&aacute;stico, PVC, com excelente acabamento.&nbsp;<\/span><\/div>\n<div>&nbsp;<\/div>\n<div><em><span style=\"font-size: 14px\">Regulamento<strong>&nbsp;(UE) 1935\/2004<\/strong>: materiais e objectos destinados a entrar em contacto direto com os alimentos.&nbsp;<\/span><\/em><\/div>\n<div>\n<span style=\"font-size: 14px\"><strong>Medidas:<\/strong>&nbsp;5 x 206 x 130 mm.<\/span><\/div>\n<div>&nbsp;<\/div>\n<div><span style=\"font-size: 14px\"><u><strong>Conserva&ccedil;&atilde;o:<\/strong><\/u>&nbsp;&eacute; essencial mant&ecirc;-lo na sua embalagem e caixa originais durante o armazenamento.<\/span><\/div>\n","protected":false},"excerpt":{"rendered":"<p>Elegante e bonita decora\u00e7\u00e3o preta n\u00e3o comest\u00edvel, perfeita para coroar os nossos bolos mais especiais.<\/p>\n","protected":false},"featured_media":156292,"comment_status":"open","ping_status":"closed","template":"","meta":{"_acf_changed":false},"pwb-brand":[],"product_brand":[],"product_cat":[1792,3200,2916,2907,3087,1951,1849,3208,1793,1767],"product_tag":[],"class_list":{"0":"post-389771","1":"product","2":"type-product","3":"status-publish","4":"has-post-thumbnail","6":"product_cat-decoracion-no-comestible","7":"product_cat-decoracoes-nao-comestiveis","8":"product_cat-dia-dos-pais-2","9":"product_cat-festas","10":"product_cat-ordem-e-armazenamento","11":"product_cat-dia-del-padre","12":"product_cat-fiestas","13":"product_cat-toppers-para-bolos","14":"product_cat-toppers","15":"product_cat-utensilios","17":"first","18":"instock","19":"taxable","20":"shipping-taxable","21":"purchasable","22":"product-type-simple"},"acf":[],"df_price":2.15,"df_sale_price":"","df_regular_price":2.15,"df_image_link":"https:\/\/glotomania.com\/wp-content\/uploads\/2025\/09\/img_23125_bc4f2227ad1ed53859b222c3b0f25cb4_1-300x300.png","brands":[],"_links":{"self":[{"href":"https:\/\/glotomania.com\/pt-pt\/wp-json\/wp\/v2\/product\/389771","targetHints":{"allow":["GET"]}}],"collection":[{"href":"https:\/\/glotomania.com\/pt-pt\/wp-json\/wp\/v2\/product"}],"about":[{"href":"https:\/\/glotomania.com\/pt-pt\/wp-json\/wp\/v2\/types\/product"}],"replies":[{"embeddable":true,"href":"https:\/\/glotomania.com\/pt-pt\/wp-json\/wp\/v2\/comments?post=389771"}],"wp:featuredmedia":[{"embeddable":true,"href":"https:\/\/glotomania.com\/pt-pt\/wp-json\/wp\/v2\/media\/156292"}],"wp:attachment":[{"href":"https:\/\/glotomania.com\/pt-pt\/wp-json\/wp\/v2\/media?parent=389771"}],"wp:term":[{"taxonomy":"pwb-brand","embeddable":true,"href":"https:\/\/glotomania.com\/pt-pt\/wp-json\/wp\/v2\/pwb-brand?post=389771"},{"taxonomy":"product_brand","embeddable":true,"href":"https:\/\/glotomania.com\/pt-pt\/wp-json\/wp\/v2\/product_brand?post=389771"},{"taxonomy":"product_cat","embeddable":true,"href":"https:\/\/glotomania.com\/pt-pt\/wp-json\/wp\/v2\/product_cat?post=389771"},{"taxonomy":"product_tag","embeddable":true,"href":"https:\/\/glotomania.com\/pt-pt\/wp-json\/wp\/v2\/product_tag?post=389771"}],"curies":[{"name":"wp","href":"https:\/\/api.w.org\/{rel}","templated":true}]}}