{"id":389779,"date":"2025-09-02T10:50:31","date_gmt":"2025-09-02T10:50:31","guid":{"rendered":"https:\/\/glotomania.com\/p\/vela-cumpleanos-pme-lord-voldemort-harry-potter-2\/"},"modified":"2026-03-10T22:06:56","modified_gmt":"2026-03-10T22:06:56","slug":"vela-cumpleanos-pme-lord-voldemort-harry-potter-2","status":"publish","type":"product","link":"https:\/\/glotomania.com\/pt-pt\/p\/vela-cumpleanos-pme-lord-voldemort-harry-potter-2\/","title":{"rendered":"Vela De Anivers\u00c1rio Pme &#8211; Lord Voldemort &#8220;harry Potter&#8221;"},"content":{"rendered":"<p>&nbsp;<\/p>\n<p><span style=\"font-size:14px\">Vela feita de cera de parafina e suporte de madeira de qualidade alimentar. O pavio &eacute; colocado na varinha para evitar queimar o rosto da personagem.<\/span><\/p>\n<p><span style=\"font-size:14px\"><strong>Dimens&otilde;es aproximadas:<\/strong> 10 x 8,5 cm (sem incluir o suporte de madeira).<\/span><\/p>\n","protected":false},"excerpt":{"rendered":"<p>Fant\u00e1stica vela de parafina PME com o desenho de Lord Voldemort, ideal para dar um toque m\u00e1gico aos nossos bolos de anivers\u00e1rio.<\/p>\n","protected":false},"featured_media":345808,"comment_status":"open","ping_status":"closed","template":"","meta":{"_acf_changed":false},"pwb-brand":[],"product_brand":[],"product_cat":[1792,3200,3087,1767,3211,1796,3209,1795],"product_tag":[],"class_list":{"0":"post-389779","1":"product","2":"type-product","3":"status-publish","4":"has-post-thumbnail","6":"product_cat-decoracion-no-comestible","7":"product_cat-decoracoes-nao-comestiveis","8":"product_cat-ordem-e-armazenamento","9":"product_cat-utensilios","10":"product_cat-velas-originais","11":"product_cat-velas-originales","12":"product_cat-velas-para-bolos","13":"product_cat-velas","15":"first","16":"instock","17":"taxable","18":"shipping-taxable","19":"purchasable","20":"product-type-simple"},"acf":[],"df_price":4.83,"df_sale_price":3.13,"df_regular_price":4.83,"df_image_link":"https:\/\/glotomania.com\/wp-content\/uploads\/2025\/11\/img_23164_273ac864bed5908701029094121a24ea_1-36-300x300.jpg","brands":[],"_links":{"self":[{"href":"https:\/\/glotomania.com\/pt-pt\/wp-json\/wp\/v2\/product\/389779","targetHints":{"allow":["GET"]}}],"collection":[{"href":"https:\/\/glotomania.com\/pt-pt\/wp-json\/wp\/v2\/product"}],"about":[{"href":"https:\/\/glotomania.com\/pt-pt\/wp-json\/wp\/v2\/types\/product"}],"replies":[{"embeddable":true,"href":"https:\/\/glotomania.com\/pt-pt\/wp-json\/wp\/v2\/comments?post=389779"}],"wp:featuredmedia":[{"embeddable":true,"href":"https:\/\/glotomania.com\/pt-pt\/wp-json\/wp\/v2\/media\/345808"}],"wp:attachment":[{"href":"https:\/\/glotomania.com\/pt-pt\/wp-json\/wp\/v2\/media?parent=389779"}],"wp:term":[{"taxonomy":"pwb-brand","embeddable":true,"href":"https:\/\/glotomania.com\/pt-pt\/wp-json\/wp\/v2\/pwb-brand?post=389779"},{"taxonomy":"product_brand","embeddable":true,"href":"https:\/\/glotomania.com\/pt-pt\/wp-json\/wp\/v2\/product_brand?post=389779"},{"taxonomy":"product_cat","embeddable":true,"href":"https:\/\/glotomania.com\/pt-pt\/wp-json\/wp\/v2\/product_cat?post=389779"},{"taxonomy":"product_tag","embeddable":true,"href":"https:\/\/glotomania.com\/pt-pt\/wp-json\/wp\/v2\/product_tag?post=389779"}],"curies":[{"name":"wp","href":"https:\/\/api.w.org\/{rel}","templated":true}]}}