{"id":389780,"date":"2025-09-02T10:50:32","date_gmt":"2025-09-02T10:50:32","guid":{"rendered":"https:\/\/glotomania.com\/p\/vela-cumpleanos-pme-albus-dumbledore-harry-potter-2\/"},"modified":"2026-03-10T22:06:58","modified_gmt":"2026-03-10T22:06:58","slug":"vela-cumpleanos-pme-albus-dumbledore-harry-potter-2","status":"publish","type":"product","link":"https:\/\/glotomania.com\/pt-pt\/p\/vela-cumpleanos-pme-albus-dumbledore-harry-potter-2\/","title":{"rendered":"Vela De Anivers\u00c1rio Pme &#8211; Albus Dumbledore &#8220;harry Potter&#8221;"},"content":{"rendered":"<p>\n<span style=\"font-size:14px\">Vela feita de cera de parafina e suporte de madeira de qualidade alimentar. O pavio &eacute; colocado na varinha para evitar queimar o rosto da personagem.<\/span><\/p>\n<p><span style=\"font-size:14px\"><strong>Dimens&otilde;es aproximadas: <\/strong>10,3 x 8,5 cm (sem incluir o suporte de madeira).<\/span><\/p>\n","protected":false},"excerpt":{"rendered":"<p>Fant\u00e1stica vela de parafina PME com desenho do Albus Dumbledore, ideal para dar um toque m\u00e1gico aos nossos bolos de anivers\u00e1rio.<\/p>\n","protected":false},"featured_media":348608,"comment_status":"open","ping_status":"closed","template":"","meta":{"_acf_changed":false},"pwb-brand":[],"product_brand":[],"product_cat":[3200,3087,3211,3209,1792,1767,1796,1795],"product_tag":[],"class_list":{"0":"post-389780","1":"product","2":"type-product","3":"status-publish","4":"has-post-thumbnail","6":"product_cat-decoracoes-nao-comestiveis","7":"product_cat-ordem-e-armazenamento","8":"product_cat-velas-originais","9":"product_cat-velas-para-bolos","10":"product_cat-decoracion-no-comestible","11":"product_cat-utensilios","12":"product_cat-velas-originales","13":"product_cat-velas","15":"first","16":"instock","17":"taxable","18":"shipping-taxable","19":"purchasable","20":"product-type-simple"},"acf":[],"df_price":4.83,"df_sale_price":3.13,"df_regular_price":4.83,"df_image_link":"https:\/\/glotomania.com\/wp-content\/uploads\/2025\/11\/img_23166_dee2c397e6c6cf8bde4d1af3a92602ed_1-35-300x300.jpg","brands":[],"_links":{"self":[{"href":"https:\/\/glotomania.com\/pt-pt\/wp-json\/wp\/v2\/product\/389780","targetHints":{"allow":["GET"]}}],"collection":[{"href":"https:\/\/glotomania.com\/pt-pt\/wp-json\/wp\/v2\/product"}],"about":[{"href":"https:\/\/glotomania.com\/pt-pt\/wp-json\/wp\/v2\/types\/product"}],"replies":[{"embeddable":true,"href":"https:\/\/glotomania.com\/pt-pt\/wp-json\/wp\/v2\/comments?post=389780"}],"wp:featuredmedia":[{"embeddable":true,"href":"https:\/\/glotomania.com\/pt-pt\/wp-json\/wp\/v2\/media\/348608"}],"wp:attachment":[{"href":"https:\/\/glotomania.com\/pt-pt\/wp-json\/wp\/v2\/media?parent=389780"}],"wp:term":[{"taxonomy":"pwb-brand","embeddable":true,"href":"https:\/\/glotomania.com\/pt-pt\/wp-json\/wp\/v2\/pwb-brand?post=389780"},{"taxonomy":"product_brand","embeddable":true,"href":"https:\/\/glotomania.com\/pt-pt\/wp-json\/wp\/v2\/product_brand?post=389780"},{"taxonomy":"product_cat","embeddable":true,"href":"https:\/\/glotomania.com\/pt-pt\/wp-json\/wp\/v2\/product_cat?post=389780"},{"taxonomy":"product_tag","embeddable":true,"href":"https:\/\/glotomania.com\/pt-pt\/wp-json\/wp\/v2\/product_tag?post=389780"}],"curies":[{"name":"wp","href":"https:\/\/api.w.org\/{rel}","templated":true}]}}