{"id":389797,"date":"2025-09-02T10:50:43","date_gmt":"2025-09-02T10:50:43","guid":{"rendered":"https:\/\/glotomania.com\/p\/azucar-de-grano-fino-sanding-sugar-funcakes-purpura-80-g-2\/"},"modified":"2026-03-10T22:07:29","modified_gmt":"2026-03-10T22:07:29","slug":"azucar-de-grano-fino-sanding-sugar-funcakes-purpura-80-g-2","status":"publish","type":"product","link":"https:\/\/glotomania.com\/pt-pt\/p\/azucar-de-grano-fino-sanding-sugar-funcakes-purpura-80-g-2\/","title":{"rendered":"Gr\u00c3o Fino De A\u00c7\u00dacar &#8220;sanding Sugar&#8221; Funcakes &#8211; Purpura (80 G)"},"content":{"rendered":"<p>.<\/p>\n","protected":false},"excerpt":{"rendered":"<p>Delicioso a\u00e7\u00facar colorido de gr\u00e3o fino da Funcakes, ideal para dar um toque de cor \u00e0s nossas sobremesas.<\/p>\n","protected":false},"featured_media":348626,"comment_status":"open","ping_status":"closed","template":"","meta":{"_acf_changed":false},"pwb-brand":[],"product_brand":[],"product_cat":[3022,2980,2979,2907,2917,3018,2996,3001,2000,1927,1839,1832,1844,1845,1849,1863],"product_tag":[],"class_list":{"0":"post-389797","1":"product","2":"type-product","3":"status-publish","4":"has-post-thumbnail","6":"product_cat-acucar-2","7":"product_cat-acucar-de-grao-fino","8":"product_cat-decoracoes-comestiveis-2","9":"product_cat-festas","10":"product_cat-halloween","11":"product_cat-ingredientes-de-pastelaria-2","12":"product_cat-produtos-vegetarianos","13":"product_cat-sem-e-171-2","14":"product_cat-azucar-grano-fino","15":"product_cat-azucar","16":"product_cat-decoracion-comestible","17":"product_cat-diestas-especiales","18":"product_cat-ingredientes-reposteria","19":"product_cat-dieta-sin-e-171","20":"product_cat-fiestas","23":"first","24":"instock","25":"taxable","26":"shipping-taxable","27":"purchasable","28":"product-type-simple"},"acf":[],"df_price":3.02,"df_sale_price":"","df_regular_price":3.02,"df_image_link":"https:\/\/glotomania.com\/wp-content\/uploads\/2025\/11\/img_23222_299ef52a83d502f98571c3f906258325_1-35-300x300.jpg","brands":[],"_links":{"self":[{"href":"https:\/\/glotomania.com\/pt-pt\/wp-json\/wp\/v2\/product\/389797","targetHints":{"allow":["GET"]}}],"collection":[{"href":"https:\/\/glotomania.com\/pt-pt\/wp-json\/wp\/v2\/product"}],"about":[{"href":"https:\/\/glotomania.com\/pt-pt\/wp-json\/wp\/v2\/types\/product"}],"replies":[{"embeddable":true,"href":"https:\/\/glotomania.com\/pt-pt\/wp-json\/wp\/v2\/comments?post=389797"}],"wp:featuredmedia":[{"embeddable":true,"href":"https:\/\/glotomania.com\/pt-pt\/wp-json\/wp\/v2\/media\/348626"}],"wp:attachment":[{"href":"https:\/\/glotomania.com\/pt-pt\/wp-json\/wp\/v2\/media?parent=389797"}],"wp:term":[{"taxonomy":"pwb-brand","embeddable":true,"href":"https:\/\/glotomania.com\/pt-pt\/wp-json\/wp\/v2\/pwb-brand?post=389797"},{"taxonomy":"product_brand","embeddable":true,"href":"https:\/\/glotomania.com\/pt-pt\/wp-json\/wp\/v2\/product_brand?post=389797"},{"taxonomy":"product_cat","embeddable":true,"href":"https:\/\/glotomania.com\/pt-pt\/wp-json\/wp\/v2\/product_cat?post=389797"},{"taxonomy":"product_tag","embeddable":true,"href":"https:\/\/glotomania.com\/pt-pt\/wp-json\/wp\/v2\/product_tag?post=389797"}],"curies":[{"name":"wp","href":"https:\/\/api.w.org\/{rel}","templated":true}]}}