{"id":389801,"date":"2025-09-02T10:50:45","date_gmt":"2025-09-02T10:50:45","guid":{"rendered":"https:\/\/glotomania.com\/p\/azucar-de-grano-fino-sanding-sugar-funcakes-rojo-80-g-2\/"},"modified":"2026-03-23T17:19:07","modified_gmt":"2026-03-23T17:19:07","slug":"azucar-de-grano-fino-sanding-sugar-funcakes-rojo-80-g-2","status":"publish","type":"product","link":"https:\/\/glotomania.com\/pt-pt\/p\/azucar-de-grano-fino-sanding-sugar-funcakes-rojo-80-g-2\/","title":{"rendered":"Gr\u00c3o Fino De A\u00c7\u00dacar &#8220;sanding Sugar&#8221; Funcakes &#8211; Vermelho (80 G)"},"content":{"rendered":"<p>.<\/p>\n","protected":false},"excerpt":{"rendered":"<p>Delicioso a\u00e7\u00facar colorido de gr\u00e3o fino da Funcakes, ideal para dar um toque de cor \u00e0s nossas sobremesas.<\/p>\n","protected":false},"featured_media":348631,"comment_status":"open","ping_status":"closed","template":"","meta":{"_acf_changed":false},"pwb-brand":[],"product_brand":[],"product_cat":[3022,2980,2979,2907,3018,2920,2996,2924,3001,1852,2000,1927,1839,1832,1844,1845,1849,1866],"product_tag":[],"class_list":{"0":"post-389801","1":"product","2":"type-product","3":"status-publish","4":"has-post-thumbnail","6":"product_cat-acucar-2","7":"product_cat-acucar-de-grao-fino","8":"product_cat-decoracoes-comestiveis-2","9":"product_cat-festas","10":"product_cat-ingredientes-de-pastelaria-2","11":"product_cat-natal-2","12":"product_cat-produtos-vegetarianos","13":"product_cat-sao-valentim-2","14":"product_cat-sem-e-171-2","15":"product_cat-san-valentin","16":"product_cat-azucar-grano-fino","17":"product_cat-azucar","18":"product_cat-decoracion-comestible","19":"product_cat-diestas-especiales","20":"product_cat-ingredientes-reposteria","21":"product_cat-dieta-sin-e-171","22":"product_cat-fiestas","23":"product_cat-navidad","25":"first","26":"instock","27":"taxable","28":"shipping-taxable","29":"purchasable","30":"product-type-simple"},"acf":[],"df_price":3.02,"df_sale_price":"","df_regular_price":3.02,"df_image_link":"https:\/\/glotomania.com\/wp-content\/uploads\/2025\/11\/img_23229_e519fa756d65b84513ebe9ffbb7f1d7d_1-39-300x300.jpg","brands":[],"_links":{"self":[{"href":"https:\/\/glotomania.com\/pt-pt\/wp-json\/wp\/v2\/product\/389801","targetHints":{"allow":["GET"]}}],"collection":[{"href":"https:\/\/glotomania.com\/pt-pt\/wp-json\/wp\/v2\/product"}],"about":[{"href":"https:\/\/glotomania.com\/pt-pt\/wp-json\/wp\/v2\/types\/product"}],"replies":[{"embeddable":true,"href":"https:\/\/glotomania.com\/pt-pt\/wp-json\/wp\/v2\/comments?post=389801"}],"wp:featuredmedia":[{"embeddable":true,"href":"https:\/\/glotomania.com\/pt-pt\/wp-json\/wp\/v2\/media\/348631"}],"wp:attachment":[{"href":"https:\/\/glotomania.com\/pt-pt\/wp-json\/wp\/v2\/media?parent=389801"}],"wp:term":[{"taxonomy":"pwb-brand","embeddable":true,"href":"https:\/\/glotomania.com\/pt-pt\/wp-json\/wp\/v2\/pwb-brand?post=389801"},{"taxonomy":"product_brand","embeddable":true,"href":"https:\/\/glotomania.com\/pt-pt\/wp-json\/wp\/v2\/product_brand?post=389801"},{"taxonomy":"product_cat","embeddable":true,"href":"https:\/\/glotomania.com\/pt-pt\/wp-json\/wp\/v2\/product_cat?post=389801"},{"taxonomy":"product_tag","embeddable":true,"href":"https:\/\/glotomania.com\/pt-pt\/wp-json\/wp\/v2\/product_tag?post=389801"}],"curies":[{"name":"wp","href":"https:\/\/api.w.org\/{rel}","templated":true}]}}