{"id":389805,"date":"2025-09-02T10:50:49","date_gmt":"2025-09-02T10:50:49","guid":{"rendered":"https:\/\/glotomania.com\/p\/vela-cumpleanos-pme-hermione-granger-harry-potter-2\/"},"modified":"2026-03-10T22:07:48","modified_gmt":"2026-03-10T22:07:48","slug":"vela-cumpleanos-pme-hermione-granger-harry-potter-2","status":"publish","type":"product","link":"https:\/\/glotomania.com\/pt-pt\/p\/vela-cumpleanos-pme-hermione-granger-harry-potter-2\/","title":{"rendered":"Vela De Anivers\u00c1rio Pme &#8211; Hermione Granger &#8220;harry Potter"},"content":{"rendered":"<p>\n<span style=\"font-size:14px\">Vela feita de cera de parafina e suporte de madeira de qualidade alimentar. O pavio &eacute; colocado na varinha para evitar queimar o rosto da personagem.<\/span><\/p>\n<p><span style=\"font-size:14px\"><strong>Dimens&otilde;es aproximadas: <\/strong>10,5 x 9 cm (sem incluir o suporte de madeira).<\/span><\/p>\n","protected":false},"excerpt":{"rendered":"<p>Fant\u00e1stica vela de parafina PME com desenho da Hermione Granger, ideal para dar um toque m\u00e1gico aos nossos bolos de anivers\u00e1rio.<\/p>\n","protected":false},"featured_media":348635,"comment_status":"open","ping_status":"closed","template":"","meta":{"_acf_changed":false},"pwb-brand":[],"product_brand":[],"product_cat":[3200,3087,3211,3209,1792,1767,1796,1795],"product_tag":[],"class_list":{"0":"post-389805","1":"product","2":"type-product","3":"status-publish","4":"has-post-thumbnail","6":"product_cat-decoracoes-nao-comestiveis","7":"product_cat-ordem-e-armazenamento","8":"product_cat-velas-originais","9":"product_cat-velas-para-bolos","10":"product_cat-decoracion-no-comestible","11":"product_cat-utensilios","12":"product_cat-velas-originales","13":"product_cat-velas","15":"first","16":"instock","17":"taxable","18":"shipping-taxable","19":"purchasable","20":"product-type-simple"},"acf":[],"df_price":4.75,"df_sale_price":"","df_regular_price":4.75,"df_image_link":"https:\/\/glotomania.com\/wp-content\/uploads\/2025\/11\/img_23253_b07fed5e9dac4df375d158bd1d03ae2e_1-38-300x300.jpg","brands":[],"_links":{"self":[{"href":"https:\/\/glotomania.com\/pt-pt\/wp-json\/wp\/v2\/product\/389805","targetHints":{"allow":["GET"]}}],"collection":[{"href":"https:\/\/glotomania.com\/pt-pt\/wp-json\/wp\/v2\/product"}],"about":[{"href":"https:\/\/glotomania.com\/pt-pt\/wp-json\/wp\/v2\/types\/product"}],"replies":[{"embeddable":true,"href":"https:\/\/glotomania.com\/pt-pt\/wp-json\/wp\/v2\/comments?post=389805"}],"wp:featuredmedia":[{"embeddable":true,"href":"https:\/\/glotomania.com\/pt-pt\/wp-json\/wp\/v2\/media\/348635"}],"wp:attachment":[{"href":"https:\/\/glotomania.com\/pt-pt\/wp-json\/wp\/v2\/media?parent=389805"}],"wp:term":[{"taxonomy":"pwb-brand","embeddable":true,"href":"https:\/\/glotomania.com\/pt-pt\/wp-json\/wp\/v2\/pwb-brand?post=389805"},{"taxonomy":"product_brand","embeddable":true,"href":"https:\/\/glotomania.com\/pt-pt\/wp-json\/wp\/v2\/product_brand?post=389805"},{"taxonomy":"product_cat","embeddable":true,"href":"https:\/\/glotomania.com\/pt-pt\/wp-json\/wp\/v2\/product_cat?post=389805"},{"taxonomy":"product_tag","embeddable":true,"href":"https:\/\/glotomania.com\/pt-pt\/wp-json\/wp\/v2\/product_tag?post=389805"}],"curies":[{"name":"wp","href":"https:\/\/api.w.org\/{rel}","templated":true}]}}