{"id":389809,"date":"2025-09-02T10:50:53","date_gmt":"2025-09-02T10:50:53","guid":{"rendered":"https:\/\/glotomania.com\/p\/hojas-de-papel-pergamino-funcakes-25-cm-50-u-2\/"},"modified":"2026-03-29T00:23:48","modified_gmt":"2026-03-29T00:23:48","slug":"hojas-de-papel-pergamino-funcakes-25-cm-50-u-2","status":"publish","type":"product","link":"https:\/\/glotomania.com\/pt-pt\/p\/hojas-de-papel-pergamino-funcakes-25-cm-50-u-2\/","title":{"rendered":"Folhas De Papel Vegetal Funcakes &#8211; 25 Cm (50 U)"},"content":{"rendered":"<p>&nbsp;<\/p>\n<p><span style=\"font-size:14px\">Perfeito para cozer as nossas cria&ccedil;&otilde;es, tais como biscoitos, tarteletes, muffins,&#8230; Tamb&eacute;m para utilizar em combina&ccedil;&atilde;o com as caixas Funcakes Bento de 15 cm.<\/span><\/p>\n<p><span style=\"font-size:14px\"><strong>Medidas: <\/strong>25 x 25 cm.<\/span><\/p>\n","protected":false},"excerpt":{"rendered":"<p>Folhas de papel vegetal ideais para cozer, tamb\u00e9m para utilizar em combina\u00e7\u00e3o com as caixas Funcakes Bento.<\/p>\n","protected":false},"featured_media":38955,"comment_status":"open","ping_status":"closed","template":"","meta":{"_acf_changed":false},"pwb-brand":[],"product_brand":[],"product_cat":[3106,3087,3131,1820,1989,1767],"product_tag":[],"class_list":{"0":"post-389809","1":"product","2":"type-product","3":"status-publish","4":"has-post-thumbnail","6":"product_cat-basicos-de-pastelaria","7":"product_cat-ordem-e-armazenamento","8":"product_cat-papel-vegetal-2","9":"product_cat-basicos","10":"product_cat-papel-horno","11":"product_cat-utensilios","13":"first","14":"instock","15":"taxable","16":"shipping-taxable","17":"purchasable","18":"product-type-simple"},"acf":[],"df_price":4.15,"df_sale_price":"","df_regular_price":4.15,"df_image_link":"https:\/\/glotomania.com\/wp-content\/uploads\/2024\/04\/img_23273_42a34835434cd97697cd84ba570a20e4_1-300x300.png","brands":[],"_links":{"self":[{"href":"https:\/\/glotomania.com\/pt-pt\/wp-json\/wp\/v2\/product\/389809","targetHints":{"allow":["GET"]}}],"collection":[{"href":"https:\/\/glotomania.com\/pt-pt\/wp-json\/wp\/v2\/product"}],"about":[{"href":"https:\/\/glotomania.com\/pt-pt\/wp-json\/wp\/v2\/types\/product"}],"replies":[{"embeddable":true,"href":"https:\/\/glotomania.com\/pt-pt\/wp-json\/wp\/v2\/comments?post=389809"}],"wp:featuredmedia":[{"embeddable":true,"href":"https:\/\/glotomania.com\/pt-pt\/wp-json\/wp\/v2\/media\/38955"}],"wp:attachment":[{"href":"https:\/\/glotomania.com\/pt-pt\/wp-json\/wp\/v2\/media?parent=389809"}],"wp:term":[{"taxonomy":"pwb-brand","embeddable":true,"href":"https:\/\/glotomania.com\/pt-pt\/wp-json\/wp\/v2\/pwb-brand?post=389809"},{"taxonomy":"product_brand","embeddable":true,"href":"https:\/\/glotomania.com\/pt-pt\/wp-json\/wp\/v2\/product_brand?post=389809"},{"taxonomy":"product_cat","embeddable":true,"href":"https:\/\/glotomania.com\/pt-pt\/wp-json\/wp\/v2\/product_cat?post=389809"},{"taxonomy":"product_tag","embeddable":true,"href":"https:\/\/glotomania.com\/pt-pt\/wp-json\/wp\/v2\/product_tag?post=389809"}],"curies":[{"name":"wp","href":"https:\/\/api.w.org\/{rel}","templated":true}]}}