{"id":389816,"date":"2025-09-02T10:50:56","date_gmt":"2025-09-02T10:50:56","guid":{"rendered":"https:\/\/glotomania.com\/p\/limpiador-de-glasa-y-pintura-sugarflair-50-ml-2\/"},"modified":"2026-03-10T22:08:09","modified_gmt":"2026-03-10T22:08:09","slug":"limpiador-de-glasa-y-pintura-sugarflair-50-ml-2","status":"publish","type":"product","link":"https:\/\/glotomania.com\/pt-pt\/p\/limpiador-de-glasa-y-pintura-sugarflair-50-ml-2\/","title":{"rendered":"Limpador De Glac\u00ca E Tinta Sugarflair &#8211; 50 Ml"},"content":{"rendered":"<p>&nbsp;<\/p>\n<p><span style=\"font-size:14px\">Produto ideal para limpar os nossos utens&iacute;lios utilizados com esmaltes, corantes, tintas, &#8230;.<\/span><\/p>\n<p><span style=\"font-size:14px\"><strong>N&atilde;o &eacute; adequado para utiliza&ccedil;&atilde;o com produtos comest&iacute;veis<\/strong>, neste caso, recomenda-se a utiliza&ccedil;&atilde;o do<u> &aacute;lcool alimentar &quot;Rejuvenator Spirit&quot; da Sugarflair.<\/u><\/span><\/p>\n","protected":false},"excerpt":{"rendered":"<p>O poderoso produto de limpeza Sugarflair para pinc\u00e9is, utens\u00edlios, caixas de ferramentas,&#8230; n\u00e3o \u00e9 adequado para produtos comest\u00edveis.<\/p>\n","protected":false},"featured_media":345887,"comment_status":"open","ping_status":"closed","template":"","meta":{"_acf_changed":false},"pwb-brand":[],"product_brand":[],"product_cat":[3018,1844],"product_tag":[],"class_list":{"0":"post-389816","1":"product","2":"type-product","3":"status-publish","4":"has-post-thumbnail","6":"product_cat-ingredientes-de-pastelaria-2","7":"product_cat-ingredientes-reposteria","9":"first","10":"instock","11":"taxable","12":"shipping-taxable","13":"purchasable","14":"product-type-simple"},"acf":[],"df_price":4.81,"df_sale_price":"","df_regular_price":4.81,"df_image_link":"https:\/\/glotomania.com\/wp-content\/uploads\/2025\/11\/img_23289_d0b14085754438e6457f006c6da288d2_1-37-300x300.jpg","brands":[],"_links":{"self":[{"href":"https:\/\/glotomania.com\/pt-pt\/wp-json\/wp\/v2\/product\/389816","targetHints":{"allow":["GET"]}}],"collection":[{"href":"https:\/\/glotomania.com\/pt-pt\/wp-json\/wp\/v2\/product"}],"about":[{"href":"https:\/\/glotomania.com\/pt-pt\/wp-json\/wp\/v2\/types\/product"}],"replies":[{"embeddable":true,"href":"https:\/\/glotomania.com\/pt-pt\/wp-json\/wp\/v2\/comments?post=389816"}],"wp:featuredmedia":[{"embeddable":true,"href":"https:\/\/glotomania.com\/pt-pt\/wp-json\/wp\/v2\/media\/345887"}],"wp:attachment":[{"href":"https:\/\/glotomania.com\/pt-pt\/wp-json\/wp\/v2\/media?parent=389816"}],"wp:term":[{"taxonomy":"pwb-brand","embeddable":true,"href":"https:\/\/glotomania.com\/pt-pt\/wp-json\/wp\/v2\/pwb-brand?post=389816"},{"taxonomy":"product_brand","embeddable":true,"href":"https:\/\/glotomania.com\/pt-pt\/wp-json\/wp\/v2\/product_brand?post=389816"},{"taxonomy":"product_cat","embeddable":true,"href":"https:\/\/glotomania.com\/pt-pt\/wp-json\/wp\/v2\/product_cat?post=389816"},{"taxonomy":"product_tag","embeddable":true,"href":"https:\/\/glotomania.com\/pt-pt\/wp-json\/wp\/v2\/product_tag?post=389816"}],"curies":[{"name":"wp","href":"https:\/\/api.w.org\/{rel}","templated":true}]}}