{"id":389818,"date":"2025-09-02T10:50:57","date_gmt":"2025-09-02T10:50:57","guid":{"rendered":"https:\/\/glotomania.com\/p\/molde-desmontable-corazon-fondo-a-prueba-de-fugas-dr-oetker-2\/"},"modified":"2026-04-28T00:16:27","modified_gmt":"2026-04-28T00:16:27","slug":"molde-desmontable-corazon-fondo-a-prueba-de-fugas-dr-oetker-2","status":"publish","type":"product","link":"https:\/\/glotomania.com\/pt-pt\/p\/molde-desmontable-corazon-fondo-a-prueba-de-fugas-dr-oetker-2\/","title":{"rendered":"Forma Amov\u00cdvel Em Forma De Cora\u00c7\u00c3o (fundo \u00c0 Prova De Fugas) &#8211; Dr. Oetker"},"content":{"rendered":"<p>&nbsp;<\/p>\n<p><span style=\"font-size:14px\">Molde em <strong>a&ccedil;o revestido a antiaderente,<\/strong> seguro para alimentos, com resultados de cozedura perfeitos e um fundo &agrave; prova de fugas.<\/span><\/p>\n<p><span style=\"font-size:14px\">Resistente ao calor at&eacute; 230&deg;C.&nbsp;<\/span><\/p>\n<p><span style=\"font-size:14px\">N&atilde;o pode ser lavado na m&aacute;quina de lavar loi&ccedil;a. F&aacute;cil de limpar.<\/span><\/p>\n<p><span style=\"font-size:14px\"><strong>Dimens&otilde;es<\/strong>: <u>Forma<\/u>: 25 x 7 cm.<\/span><\/p>\n<p><em><span style=\"font-size:14px\">A Dr. Oetker representa 125 anos de qualidade garantida e produtos inovadores. Apenas s&atilde;o utilizados os melhores materiais e todos os produtos s&atilde;o cuidadosamente testados na cozinha de testes.<\/span><\/em><\/p>\n","protected":false},"excerpt":{"rendered":"<p>Forma de a\u00e7o amov\u00edvel Dr. Oetker com revestimento antiaderente, em forma de cora\u00e7\u00e3o.<\/p>\n","protected":false},"featured_media":348646,"comment_status":"open","ping_status":"closed","template":"","meta":{"_acf_changed":false},"pwb-brand":[],"product_brand":[],"product_cat":[1852,2907,3217,1802,3214,1801,3087,1849,2924,1767],"product_tag":[],"class_list":{"0":"post-389818","1":"product","2":"type-product","3":"status-publish","4":"has-post-thumbnail","6":"product_cat-san-valentin","7":"product_cat-festas","8":"product_cat-moldes-de-formas-especiais","9":"product_cat-moldes-metal","10":"product_cat-moldes-de-pastelaria","11":"product_cat-moldes","12":"product_cat-ordem-e-armazenamento","13":"product_cat-fiestas","14":"product_cat-sao-valentim-2","15":"product_cat-utensilios","17":"first","18":"instock","19":"taxable","20":"shipping-taxable","21":"purchasable","22":"product-type-simple"},"acf":[],"df_price":16.07,"df_sale_price":16.07,"df_regular_price":22.95,"df_image_link":"https:\/\/glotomania.com\/wp-content\/uploads\/2025\/11\/img_23291_7b79267468608ca4e6b61c62cba5779b_1-37-300x300.jpg","brands":[],"_links":{"self":[{"href":"https:\/\/glotomania.com\/pt-pt\/wp-json\/wp\/v2\/product\/389818","targetHints":{"allow":["GET"]}}],"collection":[{"href":"https:\/\/glotomania.com\/pt-pt\/wp-json\/wp\/v2\/product"}],"about":[{"href":"https:\/\/glotomania.com\/pt-pt\/wp-json\/wp\/v2\/types\/product"}],"replies":[{"embeddable":true,"href":"https:\/\/glotomania.com\/pt-pt\/wp-json\/wp\/v2\/comments?post=389818"}],"wp:featuredmedia":[{"embeddable":true,"href":"https:\/\/glotomania.com\/pt-pt\/wp-json\/wp\/v2\/media\/348646"}],"wp:attachment":[{"href":"https:\/\/glotomania.com\/pt-pt\/wp-json\/wp\/v2\/media?parent=389818"}],"wp:term":[{"taxonomy":"pwb-brand","embeddable":true,"href":"https:\/\/glotomania.com\/pt-pt\/wp-json\/wp\/v2\/pwb-brand?post=389818"},{"taxonomy":"product_brand","embeddable":true,"href":"https:\/\/glotomania.com\/pt-pt\/wp-json\/wp\/v2\/product_brand?post=389818"},{"taxonomy":"product_cat","embeddable":true,"href":"https:\/\/glotomania.com\/pt-pt\/wp-json\/wp\/v2\/product_cat?post=389818"},{"taxonomy":"product_tag","embeddable":true,"href":"https:\/\/glotomania.com\/pt-pt\/wp-json\/wp\/v2\/product_tag?post=389818"}],"curies":[{"name":"wp","href":"https:\/\/api.w.org\/{rel}","templated":true}]}}