{"id":389819,"date":"2025-09-02T10:50:57","date_gmt":"2025-09-02T10:50:57","guid":{"rendered":"https:\/\/glotomania.com\/p\/azucar-de-grano-fino-sanding-sugar-funcakes-oro-80-g-2\/"},"modified":"2026-03-10T22:08:14","modified_gmt":"2026-03-10T22:08:14","slug":"azucar-de-grano-fino-sanding-sugar-funcakes-oro-80-g-2","status":"publish","type":"product","link":"https:\/\/glotomania.com\/pt-pt\/p\/azucar-de-grano-fino-sanding-sugar-funcakes-oro-80-g-2\/","title":{"rendered":"Gr\u00c3o Fino De A\u00c7\u00dacar &#8220;sanding Sugar&#8221; Funcakes &#8211; Ouro (80 G)"},"content":{"rendered":"<p>.<\/p>\n","protected":false},"excerpt":{"rendered":"<p>Delicioso a\u00e7\u00facar colorido de gr\u00e3o fino da Funcakes, ideal para dar um toque de cor \u00e0s nossas sobremesas.<\/p>\n","protected":false},"featured_media":38907,"comment_status":"open","ping_status":"closed","template":"","meta":{"_acf_changed":false},"pwb-brand":[],"product_brand":[],"product_cat":[3022,2980,2980,3022,2979,2979,2996,3018,3018,3001,2996,3001],"product_tag":[],"class_list":{"0":"post-389819","1":"product","2":"type-product","3":"status-publish","4":"has-post-thumbnail","6":"product_cat-acucar-2","7":"product_cat-acucar-de-grao-fino","10":"product_cat-decoracoes-comestiveis-2","12":"product_cat-produtos-vegetarianos","13":"product_cat-ingredientes-de-pastelaria-2","15":"product_cat-sem-e-171-2","19":"first","20":"instock","21":"taxable","22":"shipping-taxable","23":"purchasable","24":"product-type-simple"},"acf":[],"df_price":3.24,"df_sale_price":"","df_regular_price":3.24,"df_image_link":"https:\/\/glotomania.com\/wp-content\/uploads\/2024\/04\/img_23293_0692339337ae3a3b06020fcb27cc632a_1-300x300.png","brands":[],"_links":{"self":[{"href":"https:\/\/glotomania.com\/pt-pt\/wp-json\/wp\/v2\/product\/389819","targetHints":{"allow":["GET"]}}],"collection":[{"href":"https:\/\/glotomania.com\/pt-pt\/wp-json\/wp\/v2\/product"}],"about":[{"href":"https:\/\/glotomania.com\/pt-pt\/wp-json\/wp\/v2\/types\/product"}],"replies":[{"embeddable":true,"href":"https:\/\/glotomania.com\/pt-pt\/wp-json\/wp\/v2\/comments?post=389819"}],"wp:featuredmedia":[{"embeddable":true,"href":"https:\/\/glotomania.com\/pt-pt\/wp-json\/wp\/v2\/media\/38907"}],"wp:attachment":[{"href":"https:\/\/glotomania.com\/pt-pt\/wp-json\/wp\/v2\/media?parent=389819"}],"wp:term":[{"taxonomy":"pwb-brand","embeddable":true,"href":"https:\/\/glotomania.com\/pt-pt\/wp-json\/wp\/v2\/pwb-brand?post=389819"},{"taxonomy":"product_brand","embeddable":true,"href":"https:\/\/glotomania.com\/pt-pt\/wp-json\/wp\/v2\/product_brand?post=389819"},{"taxonomy":"product_cat","embeddable":true,"href":"https:\/\/glotomania.com\/pt-pt\/wp-json\/wp\/v2\/product_cat?post=389819"},{"taxonomy":"product_tag","embeddable":true,"href":"https:\/\/glotomania.com\/pt-pt\/wp-json\/wp\/v2\/product_tag?post=389819"}],"curies":[{"name":"wp","href":"https:\/\/api.w.org\/{rel}","templated":true}]}}