{"id":389832,"date":"2025-09-02T10:51:03","date_gmt":"2025-09-02T10:51:03","guid":{"rendered":"https:\/\/glotomania.com\/p\/dummy-corazon-funcakes-o-15-cm-h-7-cm-2\/"},"modified":"2026-03-10T22:08:37","modified_gmt":"2026-03-10T22:08:37","slug":"dummy-corazon-funcakes-o-15-cm-h-7-cm-2","status":"publish","type":"product","link":"https:\/\/glotomania.com\/pt-pt\/p\/dummy-corazon-funcakes-o-15-cm-h-7-cm-2\/","title":{"rendered":"Dummie Cora\u00c7\u00c3o Funcakes &#8211; \u00d8 15 Cm \/ H 7 Cm"},"content":{"rendered":"<p>\nPrimeiro, cubra o&nbsp;dummie&nbsp;com gel alimentar ou Crisco, depois cubra-o com pasta de a&ccedil;&uacute;car, chocolate, pasta de modelar,&#8230; ou mesmo porcelana fria. Ideal para fazer bolos falsos elegantes e duradouros.<\/p>\n<p>Caso pretenda&nbsp;<u>reutilizar<\/u>&nbsp;o produto, recomenda-se que o&nbsp;<u>lave com &aacute;gua&nbsp;morna<\/u>.<\/p>\n<p>Fabricado em poliestireno expandido de alta qualidade (100% recicl&aacute;vel, sem EPS, CFK e HBCD).<\/p>\n<p><strong>Dimens&otilde;es aproximadas:&nbsp;<\/strong><span style=\"font-size: 14px\">&nbsp;&Oslash;&nbsp;15 cm &#8211; Alto 7&nbsp;cm.&nbsp;<\/span><\/p>\n<p><em>Embalado individualmente para seguran&ccedil;a alimentar e para evitar danos durante o transporte.<\/em><\/p>\n","protected":false},"excerpt":{"rendered":"<p>Dummie com uma forma original de cora\u00e7\u00e3o da Funcakes, feito de 100% poliestireno, perfeito para bolos falsos.<\/p>\n","protected":false},"featured_media":348651,"comment_status":"open","ping_status":"closed","template":"","meta":{"_acf_changed":false},"pwb-brand":[],"product_brand":[],"product_cat":[1852,2910,1798,3213,2907,3087,1888,1849,2924,1767],"product_tag":[],"class_list":{"0":"post-389832","1":"product","2":"type-product","3":"status-publish","4":"has-post-thumbnail","6":"product_cat-san-valentin","7":"product_cat-casamentos-2","8":"product_cat-dummies","9":"product_cat-dummies-redondos","10":"product_cat-festas","11":"product_cat-ordem-e-armazenamento","12":"product_cat-bodas","13":"product_cat-fiestas","14":"product_cat-sao-valentim-2","15":"product_cat-utensilios","17":"first","18":"instock","19":"taxable","20":"shipping-taxable","21":"purchasable","22":"product-type-simple"},"acf":[],"df_price":2.95,"df_sale_price":"","df_regular_price":2.95,"df_image_link":"https:\/\/glotomania.com\/wp-content\/uploads\/2025\/11\/img_23307_23afe39076d5d76e5776ea719d4f88c0_1-45-300x300.jpg","brands":[],"_links":{"self":[{"href":"https:\/\/glotomania.com\/pt-pt\/wp-json\/wp\/v2\/product\/389832","targetHints":{"allow":["GET"]}}],"collection":[{"href":"https:\/\/glotomania.com\/pt-pt\/wp-json\/wp\/v2\/product"}],"about":[{"href":"https:\/\/glotomania.com\/pt-pt\/wp-json\/wp\/v2\/types\/product"}],"replies":[{"embeddable":true,"href":"https:\/\/glotomania.com\/pt-pt\/wp-json\/wp\/v2\/comments?post=389832"}],"wp:featuredmedia":[{"embeddable":true,"href":"https:\/\/glotomania.com\/pt-pt\/wp-json\/wp\/v2\/media\/348651"}],"wp:attachment":[{"href":"https:\/\/glotomania.com\/pt-pt\/wp-json\/wp\/v2\/media?parent=389832"}],"wp:term":[{"taxonomy":"pwb-brand","embeddable":true,"href":"https:\/\/glotomania.com\/pt-pt\/wp-json\/wp\/v2\/pwb-brand?post=389832"},{"taxonomy":"product_brand","embeddable":true,"href":"https:\/\/glotomania.com\/pt-pt\/wp-json\/wp\/v2\/product_brand?post=389832"},{"taxonomy":"product_cat","embeddable":true,"href":"https:\/\/glotomania.com\/pt-pt\/wp-json\/wp\/v2\/product_cat?post=389832"},{"taxonomy":"product_tag","embeddable":true,"href":"https:\/\/glotomania.com\/pt-pt\/wp-json\/wp\/v2\/product_tag?post=389832"}],"curies":[{"name":"wp","href":"https:\/\/api.w.org\/{rel}","templated":true}]}}