{"id":389846,"date":"2025-09-02T10:51:10","date_gmt":"2025-09-02T10:51:10","guid":{"rendered":"https:\/\/glotomania.com\/p\/set-cortadores-dekofee-unicornio-2\/"},"modified":"2026-03-10T22:09:03","modified_gmt":"2026-03-10T22:09:03","slug":"set-cortadores-dekofee-unicornio-2","status":"publish","type":"product","link":"https:\/\/glotomania.com\/pt-pt\/p\/set-cortadores-dekofee-unicornio-2\/","title":{"rendered":"Conjunto De Cortadores Dekofee &#8211; Unic\u00d3rnio"},"content":{"rendered":"<p>&nbsp;<\/p>\n<p><span style=\"font-size:14px\"><strong>Modo de utiliza&ccedil;&atilde;o:<\/strong><br \/>\nPode cortar pe&ccedil;as com as formas dos cortadores, bem como marcar as silhuetas nos seus bolos e cria&ccedil;&otilde;es com o &ecirc;mbolo. Para criar formas bonitas, tem de pressionar firmemente a massa para fazer o corte e, em seguida, pressionar o &ecirc;mbolo para marcar o desenho e retirar o fondant.<br \/>\nRecomenda-se a lavagem antes da primeira utiliza&ccedil;&atilde;o.<\/span><\/p>\n<p><span style=\"font-size:14px\">Fabricado em pl&aacute;stico resistente e seguro para alimentos.<\/span><\/p>\n<p><span style=\"font-size:14px\"><strong>Dimens&otilde;es aproximadas: <\/strong>1,5 &#8211; 3,5 cm.<\/span><\/p>\n","protected":false},"excerpt":{"rendered":"<p>Inclui 4 cortadores de pl\u00e1stico com ejetor Dekofee, com desenhos de estrela, arco-\u00edris, cupcake e unic\u00f3rnio.<\/p>\n","protected":false},"featured_media":348668,"comment_status":"open","ping_status":"closed","template":"","meta":{"_acf_changed":false},"pwb-brand":[],"product_brand":[],"product_cat":[3199,3087,1788,1767],"product_tag":[],"class_list":{"0":"post-389846","1":"product","2":"type-product","3":"status-publish","4":"has-post-thumbnail","6":"product_cat-cortadores-de-metal","7":"product_cat-ordem-e-armazenamento","8":"product_cat-cortadores-de-cobre","9":"product_cat-utensilios","11":"first","12":"instock","13":"taxable","14":"shipping-taxable","15":"purchasable","16":"product-type-simple"},"acf":[],"df_price":8.75,"df_sale_price":"","df_regular_price":8.75,"df_image_link":"https:\/\/glotomania.com\/wp-content\/uploads\/2025\/11\/img_23356_df24ebbc0241df146e0e13fe7b80995b_1-44-300x300.jpg","brands":[],"_links":{"self":[{"href":"https:\/\/glotomania.com\/pt-pt\/wp-json\/wp\/v2\/product\/389846","targetHints":{"allow":["GET"]}}],"collection":[{"href":"https:\/\/glotomania.com\/pt-pt\/wp-json\/wp\/v2\/product"}],"about":[{"href":"https:\/\/glotomania.com\/pt-pt\/wp-json\/wp\/v2\/types\/product"}],"replies":[{"embeddable":true,"href":"https:\/\/glotomania.com\/pt-pt\/wp-json\/wp\/v2\/comments?post=389846"}],"wp:featuredmedia":[{"embeddable":true,"href":"https:\/\/glotomania.com\/pt-pt\/wp-json\/wp\/v2\/media\/348668"}],"wp:attachment":[{"href":"https:\/\/glotomania.com\/pt-pt\/wp-json\/wp\/v2\/media?parent=389846"}],"wp:term":[{"taxonomy":"pwb-brand","embeddable":true,"href":"https:\/\/glotomania.com\/pt-pt\/wp-json\/wp\/v2\/pwb-brand?post=389846"},{"taxonomy":"product_brand","embeddable":true,"href":"https:\/\/glotomania.com\/pt-pt\/wp-json\/wp\/v2\/product_brand?post=389846"},{"taxonomy":"product_cat","embeddable":true,"href":"https:\/\/glotomania.com\/pt-pt\/wp-json\/wp\/v2\/product_cat?post=389846"},{"taxonomy":"product_tag","embeddable":true,"href":"https:\/\/glotomania.com\/pt-pt\/wp-json\/wp\/v2\/product_tag?post=389846"}],"curies":[{"name":"wp","href":"https:\/\/api.w.org\/{rel}","templated":true}]}}