{"id":389848,"date":"2025-09-02T10:51:12","date_gmt":"2025-09-02T10:51:12","guid":{"rendered":"https:\/\/glotomania.com\/p\/herramienta-para-modelar-dekofee-pelo-y-plumas-2\/"},"modified":"2026-03-10T22:09:06","modified_gmt":"2026-03-10T22:09:06","slug":"herramienta-para-modelar-dekofee-pelo-y-plumas-2","status":"publish","type":"product","link":"https:\/\/glotomania.com\/pt-pt\/p\/herramienta-para-modelar-dekofee-pelo-y-plumas-2\/","title":{"rendered":"Ferramenta De Modela\u00c7\u00c3o Dekofee &#8211; Cabelos E Penas"},"content":{"rendered":"<p>&nbsp;<\/p>\n<p><span style=\"font-size:14px\">Feito de a&ccedil;o inoxid&aacute;vel de qualidade alimentar.<\/span><\/p>\n<p><span style=\"font-size:14px\">Ferramenta desenvolvida em colabora&ccedil;&atilde;o com o <strong>cake designer Jan-Michael D&ouml;rich <\/strong>da Jan-Michael Sugar Art.<\/span><\/p>\n","protected":false},"excerpt":{"rendered":"<p>Ferramenta pr\u00e1tica de a\u00e7o inoxid\u00e1vel da Dekofee, ideal para modelar facilmente cabelos ou penas.<\/p>\n","protected":false},"featured_media":156435,"comment_status":"open","ping_status":"closed","template":"","meta":{"_acf_changed":false},"pwb-brand":[],"product_brand":[],"product_cat":[3106,1820,3124,1823,3087,1767],"product_tag":[],"class_list":{"0":"post-389848","1":"product","2":"type-product","3":"status-publish","4":"has-post-thumbnail","6":"product_cat-basicos-de-pastelaria","7":"product_cat-basicos","8":"product_cat-ferramentas-de-corte-e-modelacao-2","9":"product_cat-herramientas-corte-y-modelado","10":"product_cat-ordem-e-armazenamento","11":"product_cat-utensilios","13":"first","14":"instock","15":"taxable","16":"shipping-taxable","17":"purchasable","18":"product-type-simple"},"acf":[],"df_price":8.75,"df_sale_price":"","df_regular_price":8.75,"df_image_link":"https:\/\/glotomania.com\/wp-content\/uploads\/2025\/09\/img_23360_eab9fd1ba81f034ecadb0fb9bf44f8d3_1-300x300.png","brands":[],"_links":{"self":[{"href":"https:\/\/glotomania.com\/pt-pt\/wp-json\/wp\/v2\/product\/389848","targetHints":{"allow":["GET"]}}],"collection":[{"href":"https:\/\/glotomania.com\/pt-pt\/wp-json\/wp\/v2\/product"}],"about":[{"href":"https:\/\/glotomania.com\/pt-pt\/wp-json\/wp\/v2\/types\/product"}],"replies":[{"embeddable":true,"href":"https:\/\/glotomania.com\/pt-pt\/wp-json\/wp\/v2\/comments?post=389848"}],"wp:featuredmedia":[{"embeddable":true,"href":"https:\/\/glotomania.com\/pt-pt\/wp-json\/wp\/v2\/media\/156435"}],"wp:attachment":[{"href":"https:\/\/glotomania.com\/pt-pt\/wp-json\/wp\/v2\/media?parent=389848"}],"wp:term":[{"taxonomy":"pwb-brand","embeddable":true,"href":"https:\/\/glotomania.com\/pt-pt\/wp-json\/wp\/v2\/pwb-brand?post=389848"},{"taxonomy":"product_brand","embeddable":true,"href":"https:\/\/glotomania.com\/pt-pt\/wp-json\/wp\/v2\/product_brand?post=389848"},{"taxonomy":"product_cat","embeddable":true,"href":"https:\/\/glotomania.com\/pt-pt\/wp-json\/wp\/v2\/product_cat?post=389848"},{"taxonomy":"product_tag","embeddable":true,"href":"https:\/\/glotomania.com\/pt-pt\/wp-json\/wp\/v2\/product_tag?post=389848"}],"curies":[{"name":"wp","href":"https:\/\/api.w.org\/{rel}","templated":true}]}}