{"id":389852,"date":"2025-09-02T10:51:13","date_gmt":"2025-09-02T10:51:13","guid":{"rendered":"https:\/\/glotomania.com\/p\/set-cortadores-dekofee-mini-corazones-2\/"},"modified":"2026-03-10T22:09:12","modified_gmt":"2026-03-10T22:09:12","slug":"set-cortadores-dekofee-mini-corazones-2","status":"publish","type":"product","link":"https:\/\/glotomania.com\/pt-pt\/p\/set-cortadores-dekofee-mini-corazones-2\/","title":{"rendered":"Conjunto De Cortadores Dekofee &#8211; Mini Cora\u00c7\u00d5es"},"content":{"rendered":"<p>&nbsp;<\/p>\n<p><span style=\"font-size:14px\"><strong>Modo de utiliza&ccedil;&atilde;o:<\/strong><br \/>\nPode cortar pe&ccedil;as com as formas dos cortadores, bem como marcar silhuetas nos seus bolos e cria&ccedil;&otilde;es com o &ecirc;mbolo. Para criar formas bonitas, tem de pressionar firmemente a massa para fazer o corte e, em seguida, pressionar o &ecirc;mbolo para marcar o desenho e remover o fondant.<br \/>\nRecomenda-se a lavagem antes da primeira utiliza&ccedil;&atilde;o.<\/span><\/p>\n<p><span style=\"font-size:14px\">Fabricado em pl&aacute;stico resistente e seguro para alimentos.<\/span><\/p>\n<p><span style=\"font-size:14px\"><strong>Dimens&otilde;es aproximadas:<\/strong> 1,3 &#8211; 2 cm.<\/span><\/p>\n","protected":false},"excerpt":{"rendered":"<p>Inclui 3 cortadores de pl\u00e1stico com ejetor Dekofee, com bonitos desenhos de cora\u00e7\u00f5es perfeitos para o Dia dos Namorados.<\/p>\n","protected":false},"featured_media":342548,"comment_status":"open","ping_status":"closed","template":"","meta":{"_acf_changed":false},"pwb-brand":[],"product_brand":[],"product_cat":[1852,2910,1788,3199,2907,3087,1888,1849,2924,1767],"product_tag":[],"class_list":{"0":"post-389852","1":"product","2":"type-product","3":"status-publish","4":"has-post-thumbnail","6":"product_cat-san-valentin","7":"product_cat-casamentos-2","8":"product_cat-cortadores-de-cobre","9":"product_cat-cortadores-de-metal","10":"product_cat-festas","11":"product_cat-ordem-e-armazenamento","12":"product_cat-bodas","13":"product_cat-fiestas","14":"product_cat-sao-valentim-2","15":"product_cat-utensilios","17":"first","18":"instock","19":"taxable","20":"shipping-taxable","21":"purchasable","22":"product-type-simple"},"acf":[],"df_price":8.75,"df_sale_price":"","df_regular_price":8.75,"df_image_link":"https:\/\/glotomania.com\/wp-content\/uploads\/2025\/11\/img_23366_de48172792733eea5dc0c072eea6fd86_1-39-300x300.jpg","brands":[],"_links":{"self":[{"href":"https:\/\/glotomania.com\/pt-pt\/wp-json\/wp\/v2\/product\/389852","targetHints":{"allow":["GET"]}}],"collection":[{"href":"https:\/\/glotomania.com\/pt-pt\/wp-json\/wp\/v2\/product"}],"about":[{"href":"https:\/\/glotomania.com\/pt-pt\/wp-json\/wp\/v2\/types\/product"}],"replies":[{"embeddable":true,"href":"https:\/\/glotomania.com\/pt-pt\/wp-json\/wp\/v2\/comments?post=389852"}],"wp:featuredmedia":[{"embeddable":true,"href":"https:\/\/glotomania.com\/pt-pt\/wp-json\/wp\/v2\/media\/342548"}],"wp:attachment":[{"href":"https:\/\/glotomania.com\/pt-pt\/wp-json\/wp\/v2\/media?parent=389852"}],"wp:term":[{"taxonomy":"pwb-brand","embeddable":true,"href":"https:\/\/glotomania.com\/pt-pt\/wp-json\/wp\/v2\/pwb-brand?post=389852"},{"taxonomy":"product_brand","embeddable":true,"href":"https:\/\/glotomania.com\/pt-pt\/wp-json\/wp\/v2\/product_brand?post=389852"},{"taxonomy":"product_cat","embeddable":true,"href":"https:\/\/glotomania.com\/pt-pt\/wp-json\/wp\/v2\/product_cat?post=389852"},{"taxonomy":"product_tag","embeddable":true,"href":"https:\/\/glotomania.com\/pt-pt\/wp-json\/wp\/v2\/product_tag?post=389852"}],"curies":[{"name":"wp","href":"https:\/\/api.w.org\/{rel}","templated":true}]}}