{"id":389856,"date":"2025-09-02T10:51:15","date_gmt":"2025-09-02T10:51:15","guid":{"rendered":"https:\/\/glotomania.com\/p\/pinzas-de-precision-dekofee-2\/"},"modified":"2026-03-10T22:09:19","modified_gmt":"2026-03-10T22:09:19","slug":"pinzas-de-precision-dekofee-2","status":"publish","type":"product","link":"https:\/\/glotomania.com\/pt-pt\/p\/pinzas-de-precision-dekofee-2\/","title":{"rendered":"Pin\u00c7as De Precis\u00c3o &#8211; Dekofee"},"content":{"rendered":"<p>&nbsp;<\/p>\n<p><span style=\"font-size:14px\">Fabricada em a&ccedil;o inoxid&aacute;vel de qualidade alimentar.<\/span><\/p>\n<p><span style=\"font-size:14px\"><strong>Dimens&otilde;es aproximadas: <\/strong>12 x 1 cm.<\/span><\/p>\n<p><span style=\"font-size:14px\">O conjunto inclui 2 pin&ccedil;as de precis&atilde;o: uma reta e outra angular. Ambas t&ecirc;m uma ponta fina e precisa.<\/span><\/p>\n","protected":false},"excerpt":{"rendered":"<p>Inclui 2 pin\u00e7as de a\u00e7o inoxid\u00e1vel Dekofee, perfeitas para segurar pequenos objectos com precis\u00e3o.<\/p>\n","protected":false},"featured_media":342536,"comment_status":"open","ping_status":"closed","template":"","meta":{"_acf_changed":false},"pwb-brand":[],"product_brand":[],"product_cat":[3106,3124,3087,1820,1823,1767],"product_tag":[],"class_list":{"0":"post-389856","1":"product","2":"type-product","3":"status-publish","4":"has-post-thumbnail","6":"product_cat-basicos-de-pastelaria","7":"product_cat-ferramentas-de-corte-e-modelacao-2","8":"product_cat-ordem-e-armazenamento","9":"product_cat-basicos","10":"product_cat-herramientas-corte-y-modelado","11":"product_cat-utensilios","13":"first","14":"instock","15":"taxable","16":"shipping-taxable","17":"purchasable","18":"product-type-simple"},"acf":[],"df_price":11.75,"df_sale_price":"","df_regular_price":11.75,"df_image_link":"https:\/\/glotomania.com\/wp-content\/uploads\/2025\/11\/img_23372_c7e0f6aa47087013693d05a9cb6cf7ae_1-40-300x300.jpg","brands":[],"_links":{"self":[{"href":"https:\/\/glotomania.com\/pt-pt\/wp-json\/wp\/v2\/product\/389856","targetHints":{"allow":["GET"]}}],"collection":[{"href":"https:\/\/glotomania.com\/pt-pt\/wp-json\/wp\/v2\/product"}],"about":[{"href":"https:\/\/glotomania.com\/pt-pt\/wp-json\/wp\/v2\/types\/product"}],"replies":[{"embeddable":true,"href":"https:\/\/glotomania.com\/pt-pt\/wp-json\/wp\/v2\/comments?post=389856"}],"wp:featuredmedia":[{"embeddable":true,"href":"https:\/\/glotomania.com\/pt-pt\/wp-json\/wp\/v2\/media\/342536"}],"wp:attachment":[{"href":"https:\/\/glotomania.com\/pt-pt\/wp-json\/wp\/v2\/media?parent=389856"}],"wp:term":[{"taxonomy":"pwb-brand","embeddable":true,"href":"https:\/\/glotomania.com\/pt-pt\/wp-json\/wp\/v2\/pwb-brand?post=389856"},{"taxonomy":"product_brand","embeddable":true,"href":"https:\/\/glotomania.com\/pt-pt\/wp-json\/wp\/v2\/product_brand?post=389856"},{"taxonomy":"product_cat","embeddable":true,"href":"https:\/\/glotomania.com\/pt-pt\/wp-json\/wp\/v2\/product_cat?post=389856"},{"taxonomy":"product_tag","embeddable":true,"href":"https:\/\/glotomania.com\/pt-pt\/wp-json\/wp\/v2\/product_tag?post=389856"}],"curies":[{"name":"wp","href":"https:\/\/api.w.org\/{rel}","templated":true}]}}