{"id":389857,"date":"2025-09-02T10:51:16","date_gmt":"2025-09-02T10:51:16","guid":{"rendered":"https:\/\/glotomania.com\/p\/set-cortadores-tappits-fmm-alfabeto-y-numeros-cursiva-2\/"},"modified":"2026-04-30T00:22:24","modified_gmt":"2026-04-30T00:22:24","slug":"set-cortadores-tappits-fmm-alfabeto-y-numeros-cursiva-2","status":"publish","type":"product","link":"https:\/\/glotomania.com\/pt-pt\/p\/set-cortadores-tappits-fmm-alfabeto-y-numeros-cursiva-2\/","title":{"rendered":"Conjunto De Cortadores &#8220;tappits&#8221; Fmm &#8211; Alfabeto E N\u00dameros (cursivo)"},"content":{"rendered":"<p>\n<span style=\"font-size:14px\">Fabricado em pl&aacute;stico de qualidade alimentar.<\/span><\/p>\n<p><span style=\"font-size:14px\">Modo de utiliza&ccedil;&atilde;o:<br \/>\nAmassar bem a pasta de a&ccedil;&uacute;car (ou qualquer outra massa), estendendo-a muito fina. De seguida, pressionar a letra desejada e separar o cortador.<\/span><\/p>\n<p><span style=\"font-size:14px\"><strong>Dimens&otilde;es aproximadas: <\/strong>1,5 cm (letras e n&uacute;meros).<\/span><\/p>\n","protected":false},"excerpt":{"rendered":"<p>Inclui os seguintes desenhos em letra cursiva: alfabeto completo de A a Z; n\u00fameros de 0 a 9; sinais de pontua\u00e7\u00e3o; sinal &#8220;&amp;&#8221;.<\/p>\n","protected":false},"featured_media":345947,"comment_status":"open","ping_status":"closed","template":"","meta":{"_acf_changed":false},"pwb-brand":[],"product_brand":[],"product_cat":[1788,3199,3087,1767],"product_tag":[],"class_list":{"0":"post-389857","1":"product","2":"type-product","3":"status-publish","4":"has-post-thumbnail","6":"product_cat-cortadores-de-cobre","7":"product_cat-cortadores-de-metal","8":"product_cat-ordem-e-armazenamento","9":"product_cat-utensilios","11":"first","12":"instock","13":"taxable","14":"shipping-taxable","15":"purchasable","16":"product-type-simple"},"acf":[],"df_price":2.82,"df_sale_price":2.82,"df_regular_price":4.03,"df_image_link":"https:\/\/glotomania.com\/wp-content\/uploads\/2025\/11\/img_23376_0f3df7b22f5574ca8dba2899739164b1_1-34-300x300.jpg","brands":[],"_links":{"self":[{"href":"https:\/\/glotomania.com\/pt-pt\/wp-json\/wp\/v2\/product\/389857","targetHints":{"allow":["GET"]}}],"collection":[{"href":"https:\/\/glotomania.com\/pt-pt\/wp-json\/wp\/v2\/product"}],"about":[{"href":"https:\/\/glotomania.com\/pt-pt\/wp-json\/wp\/v2\/types\/product"}],"replies":[{"embeddable":true,"href":"https:\/\/glotomania.com\/pt-pt\/wp-json\/wp\/v2\/comments?post=389857"}],"wp:featuredmedia":[{"embeddable":true,"href":"https:\/\/glotomania.com\/pt-pt\/wp-json\/wp\/v2\/media\/345947"}],"wp:attachment":[{"href":"https:\/\/glotomania.com\/pt-pt\/wp-json\/wp\/v2\/media?parent=389857"}],"wp:term":[{"taxonomy":"pwb-brand","embeddable":true,"href":"https:\/\/glotomania.com\/pt-pt\/wp-json\/wp\/v2\/pwb-brand?post=389857"},{"taxonomy":"product_brand","embeddable":true,"href":"https:\/\/glotomania.com\/pt-pt\/wp-json\/wp\/v2\/product_brand?post=389857"},{"taxonomy":"product_cat","embeddable":true,"href":"https:\/\/glotomania.com\/pt-pt\/wp-json\/wp\/v2\/product_cat?post=389857"},{"taxonomy":"product_tag","embeddable":true,"href":"https:\/\/glotomania.com\/pt-pt\/wp-json\/wp\/v2\/product_tag?post=389857"}],"curies":[{"name":"wp","href":"https:\/\/api.w.org\/{rel}","templated":true}]}}