{"id":389859,"date":"2025-09-02T10:51:17","date_gmt":"2025-09-02T10:51:17","guid":{"rendered":"https:\/\/glotomania.com\/p\/set-cortadores-fmm-cuna-de-bebe-2\/"},"modified":"2026-03-10T22:09:24","modified_gmt":"2026-03-10T22:09:24","slug":"set-cortadores-fmm-cuna-de-bebe-2","status":"publish","type":"product","link":"https:\/\/glotomania.com\/pt-pt\/p\/set-cortadores-fmm-cuna-de-bebe-2\/","title":{"rendered":"Conjunto De Cortadores Fmm &#8211; Ber\u00c7o De Beb\u00c9"},"content":{"rendered":"<p>&nbsp;<\/p>\n<p><span style=\"font-size:14px\">Fabricado em pl&aacute;stico de qualidade alimentar.<\/span><\/p>\n<p><span style=\"font-size:14px\"><strong>Medidas aproximadas:<\/strong> 7,2 x 6,5 x 8 cm.<\/span><\/p>\n","protected":false},"excerpt":{"rendered":"<p>Inclui 3 cortadores FMM para criar um ber\u00e7o de beb\u00e9, perfeito para nascimentos, ch\u00e1s de beb\u00e9 e baptizados.<\/p>\n","protected":false},"featured_media":345959,"comment_status":"open","ping_status":"closed","template":"","meta":{"_acf_changed":false},"pwb-brand":[],"product_brand":[],"product_cat":[2908,1788,3199,2907,3087,1885,1849,1767],"product_tag":[],"class_list":{"0":"post-389859","1":"product","2":"type-product","3":"status-publish","4":"has-post-thumbnail","6":"product_cat-batizados","7":"product_cat-cortadores-de-cobre","8":"product_cat-cortadores-de-metal","9":"product_cat-festas","10":"product_cat-ordem-e-armazenamento","11":"product_cat-bautizos","12":"product_cat-fiestas","13":"product_cat-utensilios","15":"first","16":"instock","17":"taxable","18":"shipping-taxable","19":"purchasable","20":"product-type-simple"},"acf":[],"df_price":9.37,"df_sale_price":"","df_regular_price":9.37,"df_image_link":"https:\/\/glotomania.com\/wp-content\/uploads\/2025\/11\/img_23383_e96592db719d8960538d24db042ef972_1-29-300x300.jpg","brands":[],"_links":{"self":[{"href":"https:\/\/glotomania.com\/pt-pt\/wp-json\/wp\/v2\/product\/389859","targetHints":{"allow":["GET"]}}],"collection":[{"href":"https:\/\/glotomania.com\/pt-pt\/wp-json\/wp\/v2\/product"}],"about":[{"href":"https:\/\/glotomania.com\/pt-pt\/wp-json\/wp\/v2\/types\/product"}],"replies":[{"embeddable":true,"href":"https:\/\/glotomania.com\/pt-pt\/wp-json\/wp\/v2\/comments?post=389859"}],"wp:featuredmedia":[{"embeddable":true,"href":"https:\/\/glotomania.com\/pt-pt\/wp-json\/wp\/v2\/media\/345959"}],"wp:attachment":[{"href":"https:\/\/glotomania.com\/pt-pt\/wp-json\/wp\/v2\/media?parent=389859"}],"wp:term":[{"taxonomy":"pwb-brand","embeddable":true,"href":"https:\/\/glotomania.com\/pt-pt\/wp-json\/wp\/v2\/pwb-brand?post=389859"},{"taxonomy":"product_brand","embeddable":true,"href":"https:\/\/glotomania.com\/pt-pt\/wp-json\/wp\/v2\/product_brand?post=389859"},{"taxonomy":"product_cat","embeddable":true,"href":"https:\/\/glotomania.com\/pt-pt\/wp-json\/wp\/v2\/product_cat?post=389859"},{"taxonomy":"product_tag","embeddable":true,"href":"https:\/\/glotomania.com\/pt-pt\/wp-json\/wp\/v2\/product_tag?post=389859"}],"curies":[{"name":"wp","href":"https:\/\/api.w.org\/{rel}","templated":true}]}}