{"id":389860,"date":"2025-09-02T10:51:18","date_gmt":"2025-09-02T10:51:18","guid":{"rendered":"https:\/\/glotomania.com\/p\/cortador-fmm-efecto-goteo-drip-2\/"},"modified":"2026-04-30T00:22:24","modified_gmt":"2026-04-30T00:22:24","slug":"cortador-fmm-efecto-goteo-drip-2","status":"publish","type":"product","link":"https:\/\/glotomania.com\/pt-pt\/p\/cortador-fmm-efecto-goteo-drip-2\/","title":{"rendered":"Cortador Fmm &#8211; Efeito Gota A Gota (drip)"},"content":{"rendered":"<p>&nbsp;<\/p>\n<p><span style=\"font-size:14px\">Feito de pl&aacute;stico de qualidade alimentar.<\/span><\/p>\n<p><span style=\"font-size:14px\"><strong>Dimens&otilde;es aproximadas: <\/strong>10,5 x 7,4 cm.<\/span><\/p>\n","protected":false},"excerpt":{"rendered":"<p>Fant\u00e1stico cortador Fmm para criar facilmente um efeito de gotas nos nossos bolos com fondant, ma\u00e7ap\u00e3o, chocolates,&#8230;<\/p>\n","protected":false},"featured_media":348676,"comment_status":"open","ping_status":"closed","template":"","meta":{"_acf_changed":false},"pwb-brand":[],"product_brand":[],"product_cat":[3199,3087,1788,1767],"product_tag":[],"class_list":{"0":"post-389860","1":"product","2":"type-product","3":"status-publish","4":"has-post-thumbnail","6":"product_cat-cortadores-de-metal","7":"product_cat-ordem-e-armazenamento","8":"product_cat-cortadores-de-cobre","9":"product_cat-utensilios","11":"first","12":"instock","13":"taxable","14":"shipping-taxable","15":"purchasable","16":"product-type-simple"},"acf":[],"df_price":3.9,"df_sale_price":3.9,"df_regular_price":5.57,"df_image_link":"https:\/\/glotomania.com\/wp-content\/uploads\/2025\/11\/img_23386_9b53f9f1bdb203b4b356a21adc3621d0_1-40-300x300.jpg","brands":[],"_links":{"self":[{"href":"https:\/\/glotomania.com\/pt-pt\/wp-json\/wp\/v2\/product\/389860","targetHints":{"allow":["GET"]}}],"collection":[{"href":"https:\/\/glotomania.com\/pt-pt\/wp-json\/wp\/v2\/product"}],"about":[{"href":"https:\/\/glotomania.com\/pt-pt\/wp-json\/wp\/v2\/types\/product"}],"replies":[{"embeddable":true,"href":"https:\/\/glotomania.com\/pt-pt\/wp-json\/wp\/v2\/comments?post=389860"}],"wp:featuredmedia":[{"embeddable":true,"href":"https:\/\/glotomania.com\/pt-pt\/wp-json\/wp\/v2\/media\/348676"}],"wp:attachment":[{"href":"https:\/\/glotomania.com\/pt-pt\/wp-json\/wp\/v2\/media?parent=389860"}],"wp:term":[{"taxonomy":"pwb-brand","embeddable":true,"href":"https:\/\/glotomania.com\/pt-pt\/wp-json\/wp\/v2\/pwb-brand?post=389860"},{"taxonomy":"product_brand","embeddable":true,"href":"https:\/\/glotomania.com\/pt-pt\/wp-json\/wp\/v2\/product_brand?post=389860"},{"taxonomy":"product_cat","embeddable":true,"href":"https:\/\/glotomania.com\/pt-pt\/wp-json\/wp\/v2\/product_cat?post=389860"},{"taxonomy":"product_tag","embeddable":true,"href":"https:\/\/glotomania.com\/pt-pt\/wp-json\/wp\/v2\/product_tag?post=389860"}],"curies":[{"name":"wp","href":"https:\/\/api.w.org\/{rel}","templated":true}]}}