{"id":389863,"date":"2025-09-02T10:51:21","date_gmt":"2025-09-02T10:51:21","guid":{"rendered":"https:\/\/glotomania.com\/p\/cortador-fmm-unicornio-2\/"},"modified":"2026-03-10T22:09:31","modified_gmt":"2026-03-10T22:09:31","slug":"cortador-fmm-unicornio-2","status":"publish","type":"product","link":"https:\/\/glotomania.com\/pt-pt\/p\/cortador-fmm-unicornio-2\/","title":{"rendered":"Cortador Fmm &#8211; Unic\u00d3rnio"},"content":{"rendered":"<p>&nbsp;<\/p>\n<p><span style=\"font-size:14px\">Fabricado em pl&aacute;stico de qualidade alimentar.<\/span><\/p>\n<p><span style=\"font-size:14px\"><strong>Dimens&otilde;es aproximadas<\/strong>: 10,7 x 8,1 cm.<\/span><\/p>\n","protected":false},"excerpt":{"rendered":"<p>Cortador de fmm ideal para criar facilmente um fant\u00e1stico unic\u00f3rnio, perfeito para dar um toque m\u00e1gico \u00e0s nossas cria\u00e7\u00f5es.<\/p>\n","protected":false},"featured_media":345945,"comment_status":"open","ping_status":"closed","template":"","meta":{"_acf_changed":false},"pwb-brand":[],"product_brand":[],"product_cat":[1788,3199,2907,3087,1849,1767],"product_tag":[],"class_list":{"0":"post-389863","1":"product","2":"type-product","3":"status-publish","4":"has-post-thumbnail","6":"product_cat-cortadores-de-cobre","7":"product_cat-cortadores-de-metal","8":"product_cat-festas","9":"product_cat-ordem-e-armazenamento","10":"product_cat-fiestas","11":"product_cat-utensilios","13":"first","14":"instock","15":"taxable","16":"shipping-taxable","17":"purchasable","18":"product-type-simple"},"acf":[],"df_price":5.2,"df_sale_price":"","df_regular_price":5.2,"df_image_link":"https:\/\/glotomania.com\/wp-content\/uploads\/2025\/11\/img_23396_9de2b7e34b05befb3c796f7822a13176_1-38-300x300.jpg","brands":[],"_links":{"self":[{"href":"https:\/\/glotomania.com\/pt-pt\/wp-json\/wp\/v2\/product\/389863","targetHints":{"allow":["GET"]}}],"collection":[{"href":"https:\/\/glotomania.com\/pt-pt\/wp-json\/wp\/v2\/product"}],"about":[{"href":"https:\/\/glotomania.com\/pt-pt\/wp-json\/wp\/v2\/types\/product"}],"replies":[{"embeddable":true,"href":"https:\/\/glotomania.com\/pt-pt\/wp-json\/wp\/v2\/comments?post=389863"}],"wp:featuredmedia":[{"embeddable":true,"href":"https:\/\/glotomania.com\/pt-pt\/wp-json\/wp\/v2\/media\/345945"}],"wp:attachment":[{"href":"https:\/\/glotomania.com\/pt-pt\/wp-json\/wp\/v2\/media?parent=389863"}],"wp:term":[{"taxonomy":"pwb-brand","embeddable":true,"href":"https:\/\/glotomania.com\/pt-pt\/wp-json\/wp\/v2\/pwb-brand?post=389863"},{"taxonomy":"product_brand","embeddable":true,"href":"https:\/\/glotomania.com\/pt-pt\/wp-json\/wp\/v2\/product_brand?post=389863"},{"taxonomy":"product_cat","embeddable":true,"href":"https:\/\/glotomania.com\/pt-pt\/wp-json\/wp\/v2\/product_cat?post=389863"},{"taxonomy":"product_tag","embeddable":true,"href":"https:\/\/glotomania.com\/pt-pt\/wp-json\/wp\/v2\/product_tag?post=389863"}],"curies":[{"name":"wp","href":"https:\/\/api.w.org\/{rel}","templated":true}]}}