{"id":389869,"date":"2025-09-02T10:51:28","date_gmt":"2025-09-02T10:51:28","guid":{"rendered":"https:\/\/glotomania.com\/p\/set-cortadores-tappits-fmm-alfabeto-y-numeros-chunky-funky-2\/"},"modified":"2026-04-30T00:22:26","modified_gmt":"2026-04-30T00:22:26","slug":"set-cortadores-tappits-fmm-alfabeto-y-numeros-chunky-funky-2","status":"publish","type":"product","link":"https:\/\/glotomania.com\/pt-pt\/p\/set-cortadores-tappits-fmm-alfabeto-y-numeros-chunky-funky-2\/","title":{"rendered":"Conjunto De Cortantes Tappits Fmm &#8211; Alfabeto E N\u00dameros &#8220;chunky Funky&#8221;."},"content":{"rendered":"<p>&nbsp;<\/p>\n<p><span style=\"font-size:14px\">Fabricado em pl&aacute;stico de qualidade alimentar.<\/span><\/p>\n<p><span style=\"font-size:14px\"><strong>Modo de utiliza&ccedil;&atilde;o:<\/strong><br \/>\nAmassar bem a pasta de a&ccedil;&uacute;car (ou qualquer outra massa), enrolando-a muito fina. Em seguida, pressionar a letra desejada e separar o cortador.<\/span><\/p>\n<p><span style=\"font-size:14px\"><strong>Dimens&otilde;es aproximadas: <\/strong>1,5 cm (letras e n&uacute;meros).<\/span><\/p>\n<p><span style=\"font-size:14px\">Inclui os seguintes desenhos com <strong>tipo de letra &quot;funky&quot;<\/strong>: alfabeto completo de A a Z; n&uacute;meros de 0 a 9.<\/span><\/p>\n","protected":false},"excerpt":{"rendered":"<p>Inclui 4 r\u00e9guas com cortantes com letras mai\u00fasculas (A &#8211; Z) e n\u00fameros (0 &#8211; 9) com tipo de letra &#8220;Funky&#8221;.<\/p>\n","protected":false},"featured_media":345965,"comment_status":"open","ping_status":"closed","template":"","meta":{"_acf_changed":false},"pwb-brand":[],"product_brand":[],"product_cat":[1788,3199,3087,1767],"product_tag":[],"class_list":{"0":"post-389869","1":"product","2":"type-product","3":"status-publish","4":"has-post-thumbnail","6":"product_cat-cortadores-de-cobre","7":"product_cat-cortadores-de-metal","8":"product_cat-ordem-e-armazenamento","9":"product_cat-utensilios","11":"first","12":"instock","13":"taxable","14":"shipping-taxable","15":"purchasable","16":"product-type-simple"},"acf":[],"df_price":3.4,"df_sale_price":3.4,"df_regular_price":4.86,"df_image_link":"https:\/\/glotomania.com\/wp-content\/uploads\/2025\/11\/img_23413_3a90fbc5f620e5dca1393422434eb8df_1-37-300x300.jpg","brands":[],"_links":{"self":[{"href":"https:\/\/glotomania.com\/pt-pt\/wp-json\/wp\/v2\/product\/389869","targetHints":{"allow":["GET"]}}],"collection":[{"href":"https:\/\/glotomania.com\/pt-pt\/wp-json\/wp\/v2\/product"}],"about":[{"href":"https:\/\/glotomania.com\/pt-pt\/wp-json\/wp\/v2\/types\/product"}],"replies":[{"embeddable":true,"href":"https:\/\/glotomania.com\/pt-pt\/wp-json\/wp\/v2\/comments?post=389869"}],"wp:featuredmedia":[{"embeddable":true,"href":"https:\/\/glotomania.com\/pt-pt\/wp-json\/wp\/v2\/media\/345965"}],"wp:attachment":[{"href":"https:\/\/glotomania.com\/pt-pt\/wp-json\/wp\/v2\/media?parent=389869"}],"wp:term":[{"taxonomy":"pwb-brand","embeddable":true,"href":"https:\/\/glotomania.com\/pt-pt\/wp-json\/wp\/v2\/pwb-brand?post=389869"},{"taxonomy":"product_brand","embeddable":true,"href":"https:\/\/glotomania.com\/pt-pt\/wp-json\/wp\/v2\/product_brand?post=389869"},{"taxonomy":"product_cat","embeddable":true,"href":"https:\/\/glotomania.com\/pt-pt\/wp-json\/wp\/v2\/product_cat?post=389869"},{"taxonomy":"product_tag","embeddable":true,"href":"https:\/\/glotomania.com\/pt-pt\/wp-json\/wp\/v2\/product_tag?post=389869"}],"curies":[{"name":"wp","href":"https:\/\/api.w.org\/{rel}","templated":true}]}}